{"id":958,"date":"2013-08-19T13:15:19","date_gmt":"2013-08-19T13:15:19","guid":{"rendered":"http:\/\/ekmanfamily.se\/ver3\/?page_id=958"},"modified":"2025-10-30T17:49:55","modified_gmt":"2025-10-30T17:49:55","slug":"agera","status":"publish","type":"page","link":"https:\/\/ekmanfamily.se\/ver3\/agera\/","title":{"rendered":"Agera"},"content":{"rendered":"<h1>Agera som dig sj\u00e4lv eller som familjemedlem<\/h1>\n<p>F\u00f6r att l\u00e4gga till barn och barnbarn m\u00e5ste du agera som barnets f\u00f6r\u00e4lder<\/p>\n","protected":false},"excerpt":{"rendered":"<p>Agera som dig sj\u00e4lv eller som familjemedlem F\u00f6r att l\u00e4gga till barn och barnbarn m\u00e5ste du agera som barnets f\u00f6r\u00e4lder<\/p>\n","protected":false},"author":3,"featured_media":0,"parent":0,"menu_order":0,"comment_status":"closed","ping_status":"open","template":"act.php","meta":{"_acf_changed":false,"ngg_post_thumbnail":0,"footnotes":""},"tags":[5],"class_list":["post-958","page","type-page","status-publish","hentry","tag-login"],"acf":[],"_links":{"self":[{"href":"https:\/\/ekmanfamily.se\/ver3\/wp-json\/wp\/v2\/pages\/958","targetHints":{"allow":["GET"]}}],"collection":[{"href":"https:\/\/ekmanfamily.se\/ver3\/wp-json\/wp\/v2\/pages"}],"about":[{"href":"https:\/\/ekmanfamily.se\/ver3\/wp-json\/wp\/v2\/types\/page"}],"author":[{"embeddable":true,"href":"https:\/\/ekmanfamily.se\/ver3\/wp-json\/wp\/v2\/users\/3"}],"replies":[{"embeddable":true,"href":"https:\/\/ekmanfamily.se\/ver3\/wp-json\/wp\/v2\/comments?post=958"}],"version-history":[{"count":0,"href":"https:\/\/ekmanfamily.se\/ver3\/wp-json\/wp\/v2\/pages\/958\/revisions"}],"wp:attachment":[{"href":"https:\/\/ekmanfamily.se\/ver3\/wp-json\/wp\/v2\/media?parent=958"}],"wp:term":[{"taxonomy":"post_tag","embeddable":true,"href":"https:\/\/ekmanfamily.se\/ver3\/wp-json\/wp\/v2\/tags?post=958"}],"curies":[{"name":"wp","href":"https:\/\/api.w.org\/{rel}","templated":true}]}}