{"id":748,"date":"2013-08-17T12:58:06","date_gmt":"2013-08-17T12:58:06","guid":{"rendered":"http:\/\/ekmanfamily.se\/ver3\/?page_id=748"},"modified":"2017-01-07T06:59:29","modified_gmt":"2017-01-07T06:59:29","slug":"1997-soderkoping-bjarka-saby","status":"publish","type":"page","link":"https:\/\/ekmanfamily.se\/ver3\/1997-soderkoping-bjarka-saby\/","title":{"rendered":"1997 &#8211; S\u00f6derk\u00f6ping, Bj\u00e4rka-S\u00e4by"},"content":{"rendered":"<h1>Sl\u00e4ktm\u00f6te 1997 &#8211; S\u00f6derk\u00f6ping, Bj\u00e4rka-S\u00e4by<\/h1>\n<p><a href=\"http:\/\/ekmanfamily.se\/ver3\/wp-content\/uploads\/2013\/08\/1997LB.jpg\"><img loading=\"lazy\" decoding=\"async\" class=\"alignnone size-full wp-image-749\" src=\"http:\/\/ekmanfamily.se\/ver3\/wp-content\/uploads\/2013\/08\/1997LB.jpg\" alt=\"1997LB\" width=\"842\" height=\"596\" srcset=\"https:\/\/ekmanfamily.se\/ver3\/wp-content\/uploads\/2013\/08\/1997LB.jpg 842w, https:\/\/ekmanfamily.se\/ver3\/wp-content\/uploads\/2013\/08\/1997LB-300x212.jpg 300w, https:\/\/ekmanfamily.se\/ver3\/wp-content\/uploads\/2013\/08\/1997LB-423x300.jpg 423w\" sizes=\"auto, (max-width: 842px) 100vw, 842px\" \/><\/a><\/p>\n<p><a href=\"http:\/\/ekmanfamily.se\/ver3\/1997-soderkoping-bjarka-saby\/img_3438\/\" rel=\"attachment wp-att-1916\"><img loading=\"lazy\" decoding=\"async\" class=\"aligncenter wp-image-1916 size-large\" src=\"http:\/\/ekmanfamily.se\/ver3\/wp-content\/uploads\/2013\/08\/IMG_3438-1024x683.jpg\" alt=\"img_3438\" width=\"584\" height=\"390\" srcset=\"https:\/\/ekmanfamily.se\/ver3\/wp-content\/uploads\/2013\/08\/IMG_3438-1024x683.jpg 1024w, https:\/\/ekmanfamily.se\/ver3\/wp-content\/uploads\/2013\/08\/IMG_3438-300x200.jpg 300w, https:\/\/ekmanfamily.se\/ver3\/wp-content\/uploads\/2013\/08\/IMG_3438-768x512.jpg 768w, https:\/\/ekmanfamily.se\/ver3\/wp-content\/uploads\/2013\/08\/IMG_3438-450x300.jpg 450w\" sizes=\"auto, (max-width: 584px) 100vw, 584px\" \/><\/a><a href=\"http:\/\/ekmanfamily.se\/ver3\/1997-soderkoping-bjarka-saby\/img_3440\/\" rel=\"attachment wp-att-1917\"><img loading=\"lazy\" decoding=\"async\" class=\"aligncenter wp-image-1917 size-large\" src=\"http:\/\/ekmanfamily.se\/ver3\/wp-content\/uploads\/2013\/08\/IMG_3440-1024x683.jpg\" alt=\"img_3440\" width=\"584\" height=\"390\" srcset=\"https:\/\/ekmanfamily.se\/ver3\/wp-content\/uploads\/2013\/08\/IMG_3440-1024x683.jpg 1024w, https:\/\/ekmanfamily.se\/ver3\/wp-content\/uploads\/2013\/08\/IMG_3440-300x200.jpg 300w, https:\/\/ekmanfamily.se\/ver3\/wp-content\/uploads\/2013\/08\/IMG_3440-768x512.jpg 768w, https:\/\/ekmanfamily.se\/ver3\/wp-content\/uploads\/2013\/08\/IMG_3440-450x300.jpg 450w\" sizes=\"auto, (max-width: 584px) 100vw, 584px\" \/><\/a><a href=\"http:\/\/ekmanfamily.se\/ver3\/1997-soderkoping-bjarka-saby\/img_3441\/\" rel=\"attachment wp-att-1918\"><img loading=\"lazy\" decoding=\"async\" class=\"aligncenter wp-image-1918 size-large\" src=\"http:\/\/ekmanfamily.se\/ver3\/wp-content\/uploads\/2013\/08\/IMG_3441-1024x683.jpg\" alt=\"img_3441\" width=\"584\" height=\"390\" srcset=\"https:\/\/ekmanfamily.se\/ver3\/wp-content\/uploads\/2013\/08\/IMG_3441-1024x683.jpg 1024w, https:\/\/ekmanfamily.se\/ver3\/wp-content\/uploads\/2013\/08\/IMG_3441-300x200.jpg 300w, https:\/\/ekmanfamily.se\/ver3\/wp-content\/uploads\/2013\/08\/IMG_3441-768x512.jpg 768w, https:\/\/ekmanfamily.se\/ver3\/wp-content\/uploads\/2013\/08\/IMG_3441-450x300.jpg 450w\" sizes=\"auto, (max-width: 584px) 100vw, 584px\" \/><\/a><a href=\"http:\/\/ekmanfamily.se\/ver3\/1997-soderkoping-bjarka-saby\/img_3442\/\" rel=\"attachment wp-att-1919\"><img loading=\"lazy\" decoding=\"async\" class=\"aligncenter wp-image-1919 size-large\" src=\"http:\/\/ekmanfamily.se\/ver3\/wp-content\/uploads\/2013\/08\/IMG_3442-683x1024.jpg\" alt=\"img_3442\" width=\"584\" height=\"876\" srcset=\"https:\/\/ekmanfamily.se\/ver3\/wp-content\/uploads\/2013\/08\/IMG_3442-683x1024.jpg 683w, https:\/\/ekmanfamily.se\/ver3\/wp-content\/uploads\/2013\/08\/IMG_3442-200x300.jpg 200w, https:\/\/ekmanfamily.se\/ver3\/wp-content\/uploads\/2013\/08\/IMG_3442-768x1152.jpg 768w, https:\/\/ekmanfamily.se\/ver3\/wp-content\/uploads\/2013\/08\/IMG_3442.jpg 2000w\" sizes=\"auto, (max-width: 584px) 100vw, 584px\" \/><\/a><a href=\"http:\/\/ekmanfamily.se\/ver3\/1997-soderkoping-bjarka-saby\/img_3443\/\" rel=\"attachment wp-att-1920\"><img loading=\"lazy\" decoding=\"async\" class=\"aligncenter wp-image-1920 size-large\" src=\"http:\/\/ekmanfamily.se\/ver3\/wp-content\/uploads\/2013\/08\/IMG_3443-683x1024.jpg\" alt=\"img_3443\" width=\"584\" height=\"876\" srcset=\"https:\/\/ekmanfamily.se\/ver3\/wp-content\/uploads\/2013\/08\/IMG_3443-683x1024.jpg 683w, https:\/\/ekmanfamily.se\/ver3\/wp-content\/uploads\/2013\/08\/IMG_3443-200x300.jpg 200w, https:\/\/ekmanfamily.se\/ver3\/wp-content\/uploads\/2013\/08\/IMG_3443-768x1152.jpg 768w, https:\/\/ekmanfamily.se\/ver3\/wp-content\/uploads\/2013\/08\/IMG_3443.jpg 2000w\" sizes=\"auto, (max-width: 584px) 100vw, 584px\" \/><\/a><a href=\"http:\/\/ekmanfamily.se\/ver3\/1997-soderkoping-bjarka-saby\/img_3444\/\" rel=\"attachment wp-att-1922\"><img loading=\"lazy\" decoding=\"async\" class=\"aligncenter wp-image-1922 size-large\" src=\"http:\/\/ekmanfamily.se\/ver3\/wp-content\/uploads\/2013\/08\/IMG_3444-1024x683.jpg\" alt=\"img_3444\" width=\"584\" height=\"390\" srcset=\"https:\/\/ekmanfamily.se\/ver3\/wp-content\/uploads\/2013\/08\/IMG_3444-1024x683.jpg 1024w, https:\/\/ekmanfamily.se\/ver3\/wp-content\/uploads\/2013\/08\/IMG_3444-300x200.jpg 300w, https:\/\/ekmanfamily.se\/ver3\/wp-content\/uploads\/2013\/08\/IMG_3444-768x512.jpg 768w, https:\/\/ekmanfamily.se\/ver3\/wp-content\/uploads\/2013\/08\/IMG_3444-450x300.jpg 450w\" sizes=\"auto, (max-width: 584px) 100vw, 584px\" \/><\/a><a href=\"http:\/\/ekmanfamily.se\/ver3\/1997-soderkoping-bjarka-saby\/img_3445\/\" rel=\"attachment wp-att-1923\"><img loading=\"lazy\" decoding=\"async\" class=\"aligncenter wp-image-1923 size-large\" src=\"http:\/\/ekmanfamily.se\/ver3\/wp-content\/uploads\/2013\/08\/IMG_3445-1024x683.jpg\" alt=\"img_3445\" width=\"584\" height=\"390\" srcset=\"https:\/\/ekmanfamily.se\/ver3\/wp-content\/uploads\/2013\/08\/IMG_3445-1024x683.jpg 1024w, https:\/\/ekmanfamily.se\/ver3\/wp-content\/uploads\/2013\/08\/IMG_3445-300x200.jpg 300w, https:\/\/ekmanfamily.se\/ver3\/wp-content\/uploads\/2013\/08\/IMG_3445-768x512.jpg 768w, https:\/\/ekmanfamily.se\/ver3\/wp-content\/uploads\/2013\/08\/IMG_3445-450x300.jpg 450w\" sizes=\"auto, (max-width: 584px) 100vw, 584px\" \/><\/a><a href=\"http:\/\/ekmanfamily.se\/ver3\/1997-soderkoping-bjarka-saby\/img_3446\/\" rel=\"attachment wp-att-1924\"><img loading=\"lazy\" decoding=\"async\" class=\"aligncenter wp-image-1924 size-large\" src=\"http:\/\/ekmanfamily.se\/ver3\/wp-content\/uploads\/2013\/08\/IMG_3446-1024x683.jpg\" alt=\"img_3446\" width=\"584\" height=\"390\" srcset=\"https:\/\/ekmanfamily.se\/ver3\/wp-content\/uploads\/2013\/08\/IMG_3446-1024x683.jpg 1024w, https:\/\/ekmanfamily.se\/ver3\/wp-content\/uploads\/2013\/08\/IMG_3446-300x200.jpg 300w, https:\/\/ekmanfamily.se\/ver3\/wp-content\/uploads\/2013\/08\/IMG_3446-768x512.jpg 768w, https:\/\/ekmanfamily.se\/ver3\/wp-content\/uploads\/2013\/08\/IMG_3446-450x300.jpg 450w\" sizes=\"auto, (max-width: 584px) 100vw, 584px\" \/><\/a><a href=\"http:\/\/ekmanfamily.se\/ver3\/1997-soderkoping-bjarka-saby\/img_3447\/\" rel=\"attachment wp-att-1925\"><img loading=\"lazy\" decoding=\"async\" class=\"aligncenter wp-image-1925 size-large\" src=\"http:\/\/ekmanfamily.se\/ver3\/wp-content\/uploads\/2013\/08\/IMG_3447-1024x723.jpg\" alt=\"img_3447\" width=\"584\" height=\"412\" srcset=\"https:\/\/ekmanfamily.se\/ver3\/wp-content\/uploads\/2013\/08\/IMG_3447-1024x723.jpg 1024w, https:\/\/ekmanfamily.se\/ver3\/wp-content\/uploads\/2013\/08\/IMG_3447-300x212.jpg 300w, https:\/\/ekmanfamily.se\/ver3\/wp-content\/uploads\/2013\/08\/IMG_3447-768x542.jpg 768w, https:\/\/ekmanfamily.se\/ver3\/wp-content\/uploads\/2013\/08\/IMG_3447-425x300.jpg 425w\" sizes=\"auto, (max-width: 584px) 100vw, 584px\" \/><\/a><a href=\"http:\/\/ekmanfamily.se\/ver3\/1997-soderkoping-bjarka-saby\/img_3448\/\" rel=\"attachment wp-att-1926\"><img loading=\"lazy\" decoding=\"async\" class=\"aligncenter wp-image-1926 size-large\" src=\"http:\/\/ekmanfamily.se\/ver3\/wp-content\/uploads\/2013\/08\/IMG_3448-1024x683.jpg\" alt=\"img_3448\" width=\"584\" height=\"390\" srcset=\"https:\/\/ekmanfamily.se\/ver3\/wp-content\/uploads\/2013\/08\/IMG_3448-1024x683.jpg 1024w, https:\/\/ekmanfamily.se\/ver3\/wp-content\/uploads\/2013\/08\/IMG_3448-300x200.jpg 300w, https:\/\/ekmanfamily.se\/ver3\/wp-content\/uploads\/2013\/08\/IMG_3448-768x512.jpg 768w, https:\/\/ekmanfamily.se\/ver3\/wp-content\/uploads\/2013\/08\/IMG_3448-450x300.jpg 450w\" sizes=\"auto, (max-width: 584px) 100vw, 584px\" \/><\/a><a href=\"http:\/\/ekmanfamily.se\/ver3\/1997-soderkoping-bjarka-saby\/img_3449\/\" rel=\"attachment wp-att-1927\"><img loading=\"lazy\" decoding=\"async\" class=\"aligncenter wp-image-1927 size-large\" src=\"http:\/\/ekmanfamily.se\/ver3\/wp-content\/uploads\/2013\/08\/IMG_3449-1024x683.jpg\" alt=\"img_3449\" width=\"584\" height=\"390\" srcset=\"https:\/\/ekmanfamily.se\/ver3\/wp-content\/uploads\/2013\/08\/IMG_3449-1024x683.jpg 1024w, https:\/\/ekmanfamily.se\/ver3\/wp-content\/uploads\/2013\/08\/IMG_3449-300x200.jpg 300w, https:\/\/ekmanfamily.se\/ver3\/wp-content\/uploads\/2013\/08\/IMG_3449-768x512.jpg 768w, https:\/\/ekmanfamily.se\/ver3\/wp-content\/uploads\/2013\/08\/IMG_3449-450x300.jpg 450w\" sizes=\"auto, (max-width: 584px) 100vw, 584px\" \/><\/a><a href=\"http:\/\/ekmanfamily.se\/ver3\/1997-soderkoping-bjarka-saby\/img_3450\/\" rel=\"attachment wp-att-1928\"><img loading=\"lazy\" decoding=\"async\" class=\"aligncenter wp-image-1928 size-large\" src=\"http:\/\/ekmanfamily.se\/ver3\/wp-content\/uploads\/2013\/08\/IMG_3450-1024x768.jpg\" alt=\"img_3450\" width=\"584\" height=\"438\" srcset=\"https:\/\/ekmanfamily.se\/ver3\/wp-content\/uploads\/2013\/08\/IMG_3450-1024x768.jpg 1024w, https:\/\/ekmanfamily.se\/ver3\/wp-content\/uploads\/2013\/08\/IMG_3450-300x225.jpg 300w, https:\/\/ekmanfamily.se\/ver3\/wp-content\/uploads\/2013\/08\/IMG_3450-768x576.jpg 768w, https:\/\/ekmanfamily.se\/ver3\/wp-content\/uploads\/2013\/08\/IMG_3450-400x300.jpg 400w\" sizes=\"auto, (max-width: 584px) 100vw, 584px\" \/><\/a><\/p>\n","protected":false},"excerpt":{"rendered":"<p>Sl\u00e4ktm\u00f6te 1997 &#8211; S\u00f6derk\u00f6ping, Bj\u00e4rka-S\u00e4by<\/p>\n","protected":false},"author":3,"featured_media":0,"parent":0,"menu_order":0,"comment_status":"closed","ping_status":"closed","template":"","meta":{"_acf_changed":false,"ngg_post_thumbnail":0,"footnotes":""},"tags":[5],"class_list":["post-748","page","type-page","status-publish","hentry","tag-login"],"acf":[],"_links":{"self":[{"href":"https:\/\/ekmanfamily.se\/ver3\/wp-json\/wp\/v2\/pages\/748","targetHints":{"allow":["GET"]}}],"collection":[{"href":"https:\/\/ekmanfamily.se\/ver3\/wp-json\/wp\/v2\/pages"}],"about":[{"href":"https:\/\/ekmanfamily.se\/ver3\/wp-json\/wp\/v2\/types\/page"}],"author":[{"embeddable":true,"href":"https:\/\/ekmanfamily.se\/ver3\/wp-json\/wp\/v2\/users\/3"}],"replies":[{"embeddable":true,"href":"https:\/\/ekmanfamily.se\/ver3\/wp-json\/wp\/v2\/comments?post=748"}],"version-history":[{"count":0,"href":"https:\/\/ekmanfamily.se\/ver3\/wp-json\/wp\/v2\/pages\/748\/revisions"}],"wp:attachment":[{"href":"https:\/\/ekmanfamily.se\/ver3\/wp-json\/wp\/v2\/media?parent=748"}],"wp:term":[{"taxonomy":"post_tag","embeddable":true,"href":"https:\/\/ekmanfamily.se\/ver3\/wp-json\/wp\/v2\/tags?post=748"}],"curies":[{"name":"wp","href":"https:\/\/api.w.org\/{rel}","templated":true}]}}