{"id":368,"date":"2013-01-20T14:33:54","date_gmt":"2013-01-20T14:33:54","guid":{"rendered":"http:\/\/ekmanfamily.se\/ver3\/?page_id=368"},"modified":"2013-08-25T16:15:58","modified_gmt":"2013-08-25T16:15:58","slug":"sok","status":"publish","type":"page","link":"https:\/\/ekmanfamily.se\/ver3\/sok\/","title":{"rendered":"S\u00f6k Sl\u00e4kting"},"content":{"rendered":"<h1>S\u00f6k sl\u00e4kting<\/h1>\n","protected":false},"excerpt":{"rendered":"<p>S\u00f6k sl\u00e4kting<\/p>\n","protected":false},"author":3,"featured_media":0,"parent":0,"menu_order":0,"comment_status":"closed","ping_status":"closed","template":"searchpeople.php","meta":{"_acf_changed":false,"ngg_post_thumbnail":0,"footnotes":""},"tags":[5],"class_list":["post-368","page","type-page","status-publish","hentry","tag-login"],"acf":[],"_links":{"self":[{"href":"https:\/\/ekmanfamily.se\/ver3\/wp-json\/wp\/v2\/pages\/368","targetHints":{"allow":["GET"]}}],"collection":[{"href":"https:\/\/ekmanfamily.se\/ver3\/wp-json\/wp\/v2\/pages"}],"about":[{"href":"https:\/\/ekmanfamily.se\/ver3\/wp-json\/wp\/v2\/types\/page"}],"author":[{"embeddable":true,"href":"https:\/\/ekmanfamily.se\/ver3\/wp-json\/wp\/v2\/users\/3"}],"replies":[{"embeddable":true,"href":"https:\/\/ekmanfamily.se\/ver3\/wp-json\/wp\/v2\/comments?post=368"}],"version-history":[{"count":0,"href":"https:\/\/ekmanfamily.se\/ver3\/wp-json\/wp\/v2\/pages\/368\/revisions"}],"wp:attachment":[{"href":"https:\/\/ekmanfamily.se\/ver3\/wp-json\/wp\/v2\/media?parent=368"}],"wp:term":[{"taxonomy":"post_tag","embeddable":true,"href":"https:\/\/ekmanfamily.se\/ver3\/wp-json\/wp\/v2\/tags?post=368"}],"curies":[{"name":"wp","href":"https:\/\/api.w.org\/{rel}","templated":true}]}}