{"id":34,"date":"2013-01-13T12:23:43","date_gmt":"2013-01-13T12:23:43","guid":{"rendered":"http:\/\/ekmanfamily.se\/ver3\/?page_id=34"},"modified":"2025-09-14T19:42:37","modified_gmt":"2025-09-14T19:42:37","slug":"hem-2","status":"publish","type":"page","link":"https:\/\/ekmanfamily.se\/ver3\/","title":{"rendered":"Hem"},"content":{"rendered":"<div style=\"float: left; width: 65%;\">\n<h2>&nbsp;<\/h2>\n<p>&nbsp;<br \/>\n<!-- \n\n<h2><a title=\"Information om n\u00e4sta sl\u00e4kttr\u00e4ff\" href=\"http:\/\/ekmanfamily.se\/ver3\/nasta-slakttraff\/\">Information om n\u00e4sta sl\u00e4kttr\u00e4ff &gt;&gt;<\/a><\/h2>\n\n --><\/p>\n<h1>V\u00e4lkommen!<\/h1>\n<h2>Sl\u00e4kten Ekmans Historia<\/h2>\n<p>V\u00e5r sl\u00e4kt h\u00e4rstammar fr\u00e5n Joen Larsson och Anna Bratt i 1600-talets V\u00e4rmland. Joen Larsson (1599-1674) var kronofogde i V\u00e4rmland och enligt samtida k\u00e4llor &#8220;\u00f6fver alla fougdar ber\u00f6mdh f\u00f6r ricktighet&#8221;. Joen och Anna gifte sig omkring 1628. Deras barn tog sig namnet Ekman 1666, sannolikt efter familjens fiskel\u00e4ge Ekudden p\u00e5 Arn\u00f6n i V\u00e4nern. Ett av barnen var Daniel Joensson Ekman (1632-1695), handlande i V\u00e4nersborg, gift 1662 med Elisabeth Marcus. Med deras s\u00f6ner Peter och Anders delade sig sl\u00e4kten i tv\u00e5 grenar, kallade den \u00e4ldre respektive yngre grenen. Sl\u00e4ktf\u00f6reningen omfattar den \u00e4ldre grenen. Den utg\u00e5r allts\u00e5 fr\u00e5n Peter Ekman (1663-1716). \u00c4ven han handlande i V\u00e4nersborg, gift 1695 med Regina Lind. De fick sonen Peter (II) Ekman (1704-1783), handlande i G\u00f6teborg, gift 1736 med Johanna von Minden. Med deras son Peter (III) Ekman och hans maka Hedvig Boethius b\u00f6rjar sl\u00e4ktf\u00f6reningen sin genealogiska r\u00e4kning.<br \/>\nDeras barnbarn bildar utg\u00e5ngspunkten f\u00f6r de fyra sl\u00e4ktgrenarna A, B, C, och D.<br \/>\nA. Johan Oscar Ekman<br \/>\nB. Jacob Emil Ekman<br \/>\nC. Gustaf Ekman<br \/>\nD. Carl Edward Ekman<\/p>\n<p><strong>Klicka p\u00e5 ett portr\u00e4tt och l\u00e4s om vederb\u00f6rande och &nbsp;hans liv.<\/strong><\/p>\n<\/div>\n<div id=\"loginBox\" style=\"float: right; width: 30%;\">\n                <h1>Logga in<\/h1>\r\n                <form id=\"loginform\" action=\"https:\/\/ekmanfamily.se\/ver3\/logga-in\/\" method=\"post\" name=\"loginform\">\r\n                    Anv\u00e4ndarnamn (din e-postadress)\r\n                    <input id=\"textfield\" style=\"width: 245px;\" type=\"text\" name=\"username\" value=\"\" \/>\r\n                    L\u00f6senord\r\n                    <input id=\"textfield\" style=\"width: 245px;\" type=\"password\" name=\"password\" value=\"\" \/>\r\n                    <input type=\"submit\" name=\"submit\" value=\"Logga in\" \/>\r\n                    <br \/><br \/>\r\n                    <a href=\"https:\/\/ekmanfamily.se\/ver3\/logga-in\/?do=forgot\">Jag har gl\u00f6mt mitt l\u00f6senord<\/a><br \/>\r\n                    <a href=\"https:\/\/ekmanfamily.se\/ver3\/logga-in\/?do=nomail\">Jag har ingen e-postadress<\/a>\r\n                <\/form>\r\n                \n<p><!--<a href=\"https:\/\/goo.gl\/a9Bcrj\"><img decoding=\"async\" src=\"\/ver3\/wp-content\/gallery\/knappar\/uppdatera.png\"><\/a>--><\/p>\n<p>&nbsp;<\/p>\n<\/div>\n<div style=\"clear: both; position: relative; width: 980px; height: 508px;\">\n<p><img loading=\"lazy\" decoding=\"async\" class=\"alignleft wp-image-451\" title=\"gren\" src=\"http:\/\/ekmanfamily.se\/ver3\/wp-content\/uploads\/2013\/01\/gren.jpg\" alt=\"\" width=\"980\" height=\"508\" srcset=\"https:\/\/ekmanfamily.se\/ver3\/wp-content\/uploads\/2013\/01\/gren.jpg 1089w, https:\/\/ekmanfamily.se\/ver3\/wp-content\/uploads\/2013\/01\/gren-300x155.jpg 300w, https:\/\/ekmanfamily.se\/ver3\/wp-content\/uploads\/2013\/01\/gren-1024x530.jpg 1024w, https:\/\/ekmanfamily.se\/ver3\/wp-content\/uploads\/2013\/01\/gren-500x258.jpg 500w\" sizes=\"auto, (max-width: 980px) 100vw, 980px\" \/><\/p>\n<div style=\"position: absolute; top: 175px; left: 13px; width: 135px; height: 168px;\"><a><img loading=\"lazy\" decoding=\"async\" src=\"http:\/\/ekmanfamily.se\/ver3\/wp-content\/uploads\/2013\/01\/tmp.png\" alt=\"\" width=\"135\" height=\"168\" onclick=\"showMe(1)\" onmouseover=\"\" style=\"cursor: pointer;\"><\/a><\/div>\n<div style=\"position: absolute; top: 175px; left: 182px; width: 70px; height: 90px;\"><a><img loading=\"lazy\" decoding=\"async\" src=\"http:\/\/ekmanfamily.se\/ver3\/wp-content\/uploads\/2013\/01\/tmp.png\" alt=\"\" width=\"70\" height=\"90\" onclick=\"showMe(2)\" onmouseover=\"\" style=\"cursor: pointer;\"><\/a><\/div>\n<div style=\"position: absolute; top: 254px; left: 282px; width: 70px; height: 90px;\"><a><img loading=\"lazy\" decoding=\"async\" src=\"http:\/\/ekmanfamily.se\/ver3\/wp-content\/uploads\/2013\/01\/tmp.png\" alt=\"\" width=\"70\" height=\"90\" onclick=\"showMe(3)\" onmouseover=\"\" style=\"cursor: pointer;\"><\/a><\/div>\n<div style=\"position: absolute; top: 175px; left: 385px; width: 70px; height: 90px;\"><a><img loading=\"lazy\" decoding=\"async\" src=\"http:\/\/ekmanfamily.se\/ver3\/wp-content\/uploads\/2013\/01\/tmp.png\" alt=\"\" width=\"70\" height=\"90\" onclick=\"showMe(4)\" onmouseover=\"\" style=\"cursor: pointer;\"><\/a><\/div>\n<div style=\"position: absolute; top: 175px; left: 492px; width: 133px; height: 164px;\"><a><img loading=\"lazy\" decoding=\"async\" src=\"http:\/\/ekmanfamily.se\/ver3\/wp-content\/uploads\/2013\/01\/tmp.png\" alt=\"\" width=\"133\" height=\"164\" onclick=\"showMe(5)\" onmouseover=\"\" style=\"cursor: pointer;\"><\/a><\/div>\n<div style=\"position: absolute; top: 160px; left: 665px; width: 70px; height: 90px;\"><a><img loading=\"lazy\" decoding=\"async\" src=\"http:\/\/ekmanfamily.se\/ver3\/wp-content\/uploads\/2013\/01\/tmp.png\" alt=\"\" width=\"70\" height=\"90\" onclick=\"showMe(6)\" onmouseover=\"\" style=\"cursor: pointer;\"><\/a><\/div>\n<div style=\"position: absolute; top: 260px; left: 665px; width: 70px; height: 90px;\"><a><img loading=\"lazy\" decoding=\"async\" src=\"http:\/\/ekmanfamily.se\/ver3\/wp-content\/uploads\/2013\/01\/tmp.png\" alt=\"\" width=\"70\" height=\"90\" onclick=\"showMe(7)\" onmouseover=\"\" style=\"cursor: pointer;\"><\/a><\/div>\n<div style=\"position: absolute; top: 113px; left: 772px; width: 70px; height: 90px;\"><a><img loading=\"lazy\" decoding=\"async\" src=\"http:\/\/ekmanfamily.se\/ver3\/wp-content\/uploads\/2013\/01\/tmp.png\" alt=\"\" width=\"70\" height=\"90\" onclick=\"showMe(8)\" onmouseover=\"\" style=\"cursor: pointer;\"><\/a><\/div>\n<div style=\"position: absolute; top: 305px; left: 772px; width: 70px; height: 90px;\"><a><img loading=\"lazy\" decoding=\"async\" src=\"http:\/\/ekmanfamily.se\/ver3\/wp-content\/uploads\/2013\/01\/tmp.png\" alt=\"\" width=\"70\" height=\"90\" onclick=\"showMe(9)\" onmouseover=\"\" style=\"cursor: pointer;\"><\/a><\/div>\n<div style=\"position: absolute; top: 67px; left: 882px; width: 70px; height: 90px;\"><a><img loading=\"lazy\" decoding=\"async\" src=\"http:\/\/ekmanfamily.se\/ver3\/wp-content\/uploads\/2013\/01\/tmp.png\" alt=\"\" width=\"70\" height=\"90\" onclick=\"showMe(10)\" onmouseover=\"\" style=\"cursor: pointer;\"><\/a><\/div>\n<div style=\"position: absolute; top: 355px; left: 882px; width: 70px; height: 90px;\"><a><img loading=\"lazy\" decoding=\"async\" src=\"http:\/\/ekmanfamily.se\/ver3\/wp-content\/uploads\/2013\/01\/tmp.png\" alt=\"\" width=\"70\" height=\"90\" onclick=\"showMe(11)\" onmouseover=\"\" style=\"cursor: pointer;\"><\/a><\/div>\n<div id=\"pic1\" style=\"position: absolute; top: 50px; left: 180px; width: 549px; display: none; height: 419px;\"><a><img loading=\"lazy\" decoding=\"async\" src=\"http:\/\/ekmanfamily.se\/ver3\/wp-content\/uploads\/2013\/08\/joen1.jpg\" alt=\"\" width=\"549\" height=\"419\" onclick=\"hideMe(1)\" onmouseover=\"\" style=\"cursor: pointer;\"><\/a><\/div>\n<div id=\"pic2\" style=\"position: absolute; top: 50px; left: 280px; width: 549px; display: none; height: 419px;\"><a><img loading=\"lazy\" decoding=\"async\" src=\"http:\/\/ekmanfamily.se\/ver3\/wp-content\/uploads\/2013\/08\/daniel1.jpg\" alt=\"\" width=\"549\" height=\"419\" onclick=\"hideMe(2)\" onmouseover=\"\" style=\"cursor: pointer;\"><\/a><br \/>\n&lt;<\/div>\n<div id=\"pic3\" style=\"position: absolute; top: 50px; left: 370px; width: 549px; display: none; height: 419px;\"><a><img loading=\"lazy\" decoding=\"async\" src=\"http:\/\/ekmanfamily.se\/ver3\/wp-content\/uploads\/2013\/08\/peter11.jpg\" alt=\"\" width=\"549\" height=\"419\" onclick=\"hideMe(3)\" onmouseover=\"\" style=\"cursor: pointer;\"><\/a><br \/>\n&lt;<\/div>\n<div id=\"pic4\" style=\"position: absolute; top: 50px; left: 475px; width: 549px; display: none; height: 419px;\"><a><img loading=\"lazy\" decoding=\"async\" src=\"http:\/\/ekmanfamily.se\/ver3\/wp-content\/uploads\/2013\/08\/peter2.jpg\" alt=\"\" width=\"549\" height=\"419\" onclick=\"hideMe(4)\" onmouseover=\"\" style=\"cursor: pointer;\"><\/a><br \/>\n&lt;<\/div>\n<div id=\"pic5\" style=\"position: absolute; top: 50px; left: -40px; width: 549px; display: none; height: 419px;\"><a><img loading=\"lazy\" decoding=\"async\" src=\"http:\/\/ekmanfamily.se\/ver3\/wp-content\/uploads\/2013\/08\/peter3.jpg\" alt=\"\" width=\"549\" height=\"419\" onclick=\"hideMe(5)\" onmouseover=\"\" style=\"cursor: pointer;\"><\/a><br \/>\n&lt;<\/div>\n<div id=\"pic6\" style=\"position: absolute; top: 50px; left: 105px; width: 549px; display: none; height: 419px;\"><a><img loading=\"lazy\" decoding=\"async\" src=\"http:\/\/ekmanfamily.se\/ver3\/wp-content\/uploads\/2013\/08\/gustafhenric1.jpg\" alt=\"\" width=\"549\" height=\"419\" onclick=\"hideMe(6)\" onmouseover=\"\" style=\"cursor: pointer;\"><\/a><br \/>\n&lt;<\/div>\n<div id=\"pic7\" style=\"position: absolute; top: 50px; left: 105px; width: 549px; display: none; height: 419px;\"><a><img loading=\"lazy\" decoding=\"async\" src=\"http:\/\/ekmanfamily.se\/ver3\/wp-content\/uploads\/2013\/08\/johanjacob1.jpg\" alt=\"\" width=\"549\" height=\"419\" onclick=\"hideMe(7)\" onmouseover=\"\" style=\"cursor: pointer;\"><\/a><br \/>\n&lt;<\/div>\n<div id=\"pic8\" style=\"position: absolute; top: 50px; left: 210px; width: 549px; display: none; height: 419px;\"><a><img loading=\"lazy\" decoding=\"async\" src=\"http:\/\/ekmanfamily.se\/ver3\/wp-content\/uploads\/2013\/08\/gustaf1.jpg\" alt=\"\" width=\"549\" height=\"419\" onclick=\"hideMe(8)\" onmouseover=\"\" style=\"cursor: pointer;\"><\/a><br \/>\n&lt;<\/div>\n<div id=\"pic9\" style=\"position: absolute; top: 50px; left: 210px; width: 549px; display: none; height: 419px;\"><a><img loading=\"lazy\" decoding=\"async\" src=\"http:\/\/ekmanfamily.se\/ver3\/wp-content\/uploads\/2013\/08\/johanoscar1.jpg\" alt=\"\" width=\"549\" height=\"419\" onclick=\"hideMe(9)\" onmouseover=\"\" style=\"cursor: pointer;\"><\/a><br \/>\n&lt;<\/div>\n<div id=\"pic10\" style=\"position: absolute; top: 50px; left: 320px; width: 549px; display: none; height: 419px;\"><a><img loading=\"lazy\" decoding=\"async\" src=\"http:\/\/ekmanfamily.se\/ver3\/wp-content\/uploads\/2013\/08\/carledward1.jpg\" alt=\"\" width=\"549\" height=\"419\" onclick=\"hideMe(10)\" onmouseover=\"\" style=\"cursor: pointer;\"><\/a><br \/>\n&lt;<\/div>\n<div id=\"pic11\" style=\"position: absolute; top: 50px; left: 320px; width: 549px; display: none; height: 419px;\"><a><img loading=\"lazy\" decoding=\"async\" src=\"http:\/\/ekmanfamily.se\/ver3\/wp-content\/uploads\/2013\/08\/jacobemil1.jpg\" alt=\"\" width=\"549\" height=\"419\" onclick=\"hideMe(11)\" onmouseover=\"\" style=\"cursor: pointer;\"><\/a><br \/>\n&lt;<\/div>\n<p><script type=\"text\/javascript\">\/\/ <![CDATA[\nfunction hideMe(num){\n  document.getElementById('pic'+num).style.display = \"none\";\n}\nfunction showMe(num){\n  for(var i=1;i<12;i++){ \n    document.getElementById('pic'+i).style.display = \"none\"; \n  } \n  document.getElementById('pic'+num).style.display = \"block\"; \n} \/\/ ]]><\/script><\/p>\n<\/div>\n","protected":false},"excerpt":{"rendered":"<p>&nbsp; &nbsp; V\u00e4lkommen! Sl\u00e4kten Ekmans Historia V\u00e5r sl\u00e4kt h\u00e4rstammar fr\u00e5n Joen Larsson och Anna Bratt i 1600-talets V\u00e4rmland. Joen Larsson (1599-1674) var kronofogde i V\u00e4rmland och enligt samtida k\u00e4llor &#8220;\u00f6fver alla fougdar ber\u00f6mdh f\u00f6r ricktighet&#8221;. Joen och Anna gifte sig omkring 1628. Deras barn tog sig namnet Ekman 1666, sannolikt efter familjens fiskel\u00e4ge Ekudden p\u00e5 [&hellip;]<\/p>\n","protected":false},"author":3,"featured_media":0,"parent":0,"menu_order":0,"comment_status":"closed","ping_status":"open","template":"","meta":{"_acf_changed":false,"ngg_post_thumbnail":0,"footnotes":""},"tags":[],"class_list":["post-34","page","type-page","status-publish","hentry"],"acf":[],"_links":{"self":[{"href":"https:\/\/ekmanfamily.se\/ver3\/wp-json\/wp\/v2\/pages\/34","targetHints":{"allow":["GET"]}}],"collection":[{"href":"https:\/\/ekmanfamily.se\/ver3\/wp-json\/wp\/v2\/pages"}],"about":[{"href":"https:\/\/ekmanfamily.se\/ver3\/wp-json\/wp\/v2\/types\/page"}],"author":[{"embeddable":true,"href":"https:\/\/ekmanfamily.se\/ver3\/wp-json\/wp\/v2\/users\/3"}],"replies":[{"embeddable":true,"href":"https:\/\/ekmanfamily.se\/ver3\/wp-json\/wp\/v2\/comments?post=34"}],"version-history":[{"count":0,"href":"https:\/\/ekmanfamily.se\/ver3\/wp-json\/wp\/v2\/pages\/34\/revisions"}],"wp:attachment":[{"href":"https:\/\/ekmanfamily.se\/ver3\/wp-json\/wp\/v2\/media?parent=34"}],"wp:term":[{"taxonomy":"post_tag","embeddable":true,"href":"https:\/\/ekmanfamily.se\/ver3\/wp-json\/wp\/v2\/tags?post=34"}],"curies":[{"name":"wp","href":"https:\/\/api.w.org\/{rel}","templated":true}]}}