{"id":337,"date":"2013-01-20T14:10:58","date_gmt":"2013-01-20T14:10:58","guid":{"rendered":"http:\/\/ekmanfamily.se\/ver3\/?page_id=337"},"modified":"2014-01-23T19:27:58","modified_gmt":"2014-01-23T19:27:58","slug":"slaktplatser-stora-torp","status":"publish","type":"page","link":"https:\/\/ekmanfamily.se\/ver3\/slaktplatser-stora-torp\/","title":{"rendered":"Stora torp"},"content":{"rendered":"<h1>Sl\u00e4ktplatser: Stora Torp<strong><br \/>\n<\/strong><\/h1>\n<div id=\"attachment_1560\" style=\"width: 594px\" class=\"wp-caption alignleft\"><a href=\"http:\/\/ekmanfamily.se\/ver3\/wp-content\/uploads\/2013\/01\/Stora-Torp-f\u00f6re-branden-1871.jpg\"><img loading=\"lazy\" decoding=\"async\" aria-describedby=\"caption-attachment-1560\" class=\" wp-image-1560\" alt=\"Stora Torp f\u00f6re branden 1871\" src=\"http:\/\/ekmanfamily.se\/ver3\/wp-content\/uploads\/2013\/01\/Stora-Torp-f\u00f6re-branden-1871-1024x657.jpg\" width=\"584\" height=\"374\" srcset=\"https:\/\/ekmanfamily.se\/ver3\/wp-content\/uploads\/2013\/01\/Stora-Torp-f\u00f6re-branden-1871-1024x657.jpg 1024w, https:\/\/ekmanfamily.se\/ver3\/wp-content\/uploads\/2013\/01\/Stora-Torp-f\u00f6re-branden-1871-300x192.jpg 300w, https:\/\/ekmanfamily.se\/ver3\/wp-content\/uploads\/2013\/01\/Stora-Torp-f\u00f6re-branden-1871-467x300.jpg 467w, https:\/\/ekmanfamily.se\/ver3\/wp-content\/uploads\/2013\/01\/Stora-Torp-f\u00f6re-branden-1871.jpg 1301w\" sizes=\"auto, (max-width: 584px) 100vw, 584px\" \/><\/a><p id=\"caption-attachment-1560\" class=\"wp-caption-text\">Stora Torp f\u00f6re branden 1871<\/p><\/div>\n<div id=\"attachment_1561\" style=\"width: 594px\" class=\"wp-caption alignleft\"><a href=\"http:\/\/ekmanfamily.se\/ver3\/wp-content\/uploads\/2013\/01\/Stora-Torp-.jpg\"><img loading=\"lazy\" decoding=\"async\" aria-describedby=\"caption-attachment-1561\" class=\" wp-image-1561 \" alt=\"Stora Torp\" src=\"http:\/\/ekmanfamily.se\/ver3\/wp-content\/uploads\/2013\/01\/Stora-Torp--1024x745.jpg\" width=\"584\" height=\"424\" srcset=\"https:\/\/ekmanfamily.se\/ver3\/wp-content\/uploads\/2013\/01\/Stora-Torp--1024x745.jpg 1024w, https:\/\/ekmanfamily.se\/ver3\/wp-content\/uploads\/2013\/01\/Stora-Torp--300x218.jpg 300w, https:\/\/ekmanfamily.se\/ver3\/wp-content\/uploads\/2013\/01\/Stora-Torp-.jpg 1204w\" sizes=\"auto, (max-width: 584px) 100vw, 584px\" \/><\/a><p id=\"caption-attachment-1561\" class=\"wp-caption-text\">Stora Torp efter ombyggnaden 1873<\/p><\/div>\n<p>Bel\u00e4get i \u00d6rgryte f\u00f6rsamling, G\u00f6teborg. Omn\u00e4mns c: 1650 som tillh\u00f6rt F\u00e4ltmarskalken Herman Wrangel. C.a 1850 togs den ursprungliga egendomen \u00f6ver av Carnegiebolaget f\u00f6r Johan Oscar Ekmans (A.1) r\u00e4kning. Nuvarande herrg\u00e5rsbyggnaden stod klar 1873 och finansierades gemensamt av Carnegie och Oscar Ekman. H\u00e4r tillbringade Oscar stor del av sin tid fram till sin d\u00f6d 1907. Stora Torp tillh\u00f6r idag Skogss\u00e4llskapet.<\/p>\n<p>Stora torp bestod av en huvudbyggnad som var byggd i tr\u00e4 i tv\u00e5 v\u00e5ningar. En stor tr\u00e4dg\u00e5rd omgav huset, och det fanns \u00e4ven n\u00e5gra ekonomibyggnader p\u00e5 g\u00e5rden. Egendomen togs \u00f6ver 1844 av David Carnegie d.y.. Han l\u00e4t bygga om huvudbyggnaden till en stor villa i tr\u00e4 med verandor och med ett torn samt anlade en stor park i omr\u00e5det. \u00c5r 1865 k\u00f6ptes g\u00e5rden av grosshandlare Oscar Ekman. Huvudbyggnaden revs eftersom det gamla huset f\u00f6rst\u00f6rts i en brand. Oscar Ekman l\u00e4t 1875 uppf\u00f6ra ett nytt hus av sten, ritat av arkitekt Axel Kumlien. G\u00f6teborgs stad k\u00f6pte 1946 byggnaden fr\u00e5n fastighetsaktiebolaget David Carnegie &amp; Co f\u00f6r 875 000 kronor. Teckningen visar Stora torp f\u00f6re branden.<\/p>\n<p>&nbsp;<\/p>\n<div id=\"attachment_1562\" style=\"width: 310px\" class=\"wp-caption alignleft\"><a href=\"http:\/\/ekmanfamily.se\/ver3\/wp-content\/uploads\/2013\/01\/Oscar-Maria-p\u00e5-Stora-Torp.jpg\"><img loading=\"lazy\" decoding=\"async\" aria-describedby=\"caption-attachment-1562\" class=\"size-medium wp-image-1562\" alt=\"Oscar &amp; Maria p\u00e5 Stora Torp\" src=\"http:\/\/ekmanfamily.se\/ver3\/wp-content\/uploads\/2013\/01\/Oscar-Maria-p\u00e5-Stora-Torp-300x296.jpg\" width=\"300\" height=\"296\" srcset=\"https:\/\/ekmanfamily.se\/ver3\/wp-content\/uploads\/2013\/01\/Oscar-Maria-p\u00e5-Stora-Torp-300x296.jpg 300w, https:\/\/ekmanfamily.se\/ver3\/wp-content\/uploads\/2013\/01\/Oscar-Maria-p\u00e5-Stora-Torp-303x300.jpg 303w, https:\/\/ekmanfamily.se\/ver3\/wp-content\/uploads\/2013\/01\/Oscar-Maria-p\u00e5-Stora-Torp.jpg 886w\" sizes=\"auto, (max-width: 300px) 100vw, 300px\" \/><\/a><p id=\"caption-attachment-1562\" class=\"wp-caption-text\">Oscar &amp; Maria Ekman p\u00e5 Stora Torp<\/p><\/div>\n<p>&nbsp;<\/p>\n","protected":false},"excerpt":{"rendered":"<p>Sl\u00e4ktplatser: Stora Torp Bel\u00e4get i \u00d6rgryte f\u00f6rsamling, G\u00f6teborg. Omn\u00e4mns c: 1650 som tillh\u00f6rt F\u00e4ltmarskalken Herman Wrangel. C.a 1850 togs den ursprungliga egendomen \u00f6ver av Carnegiebolaget f\u00f6r Johan Oscar Ekmans (A.1) r\u00e4kning. Nuvarande herrg\u00e5rsbyggnaden stod klar 1873 och finansierades gemensamt av Carnegie och Oscar Ekman. H\u00e4r tillbringade Oscar stor del av sin tid fram till sin [&hellip;]<\/p>\n","protected":false},"author":3,"featured_media":0,"parent":0,"menu_order":0,"comment_status":"closed","ping_status":"closed","template":"","meta":{"_acf_changed":false,"ngg_post_thumbnail":0,"footnotes":""},"tags":[5],"class_list":["post-337","page","type-page","status-publish","hentry","tag-login"],"acf":[],"_links":{"self":[{"href":"https:\/\/ekmanfamily.se\/ver3\/wp-json\/wp\/v2\/pages\/337","targetHints":{"allow":["GET"]}}],"collection":[{"href":"https:\/\/ekmanfamily.se\/ver3\/wp-json\/wp\/v2\/pages"}],"about":[{"href":"https:\/\/ekmanfamily.se\/ver3\/wp-json\/wp\/v2\/types\/page"}],"author":[{"embeddable":true,"href":"https:\/\/ekmanfamily.se\/ver3\/wp-json\/wp\/v2\/users\/3"}],"replies":[{"embeddable":true,"href":"https:\/\/ekmanfamily.se\/ver3\/wp-json\/wp\/v2\/comments?post=337"}],"version-history":[{"count":0,"href":"https:\/\/ekmanfamily.se\/ver3\/wp-json\/wp\/v2\/pages\/337\/revisions"}],"wp:attachment":[{"href":"https:\/\/ekmanfamily.se\/ver3\/wp-json\/wp\/v2\/media?parent=337"}],"wp:term":[{"taxonomy":"post_tag","embeddable":true,"href":"https:\/\/ekmanfamily.se\/ver3\/wp-json\/wp\/v2\/tags?post=337"}],"curies":[{"name":"wp","href":"https:\/\/api.w.org\/{rel}","templated":true}]}}