{"id":335,"date":"2013-01-20T14:10:27","date_gmt":"2013-01-20T14:10:27","guid":{"rendered":"http:\/\/ekmanfamily.se\/ver3\/?page_id=335"},"modified":"2015-07-31T08:05:40","modified_gmt":"2015-07-31T08:05:40","slug":"slaktplatser-gustafsfors","status":"publish","type":"page","link":"https:\/\/ekmanfamily.se\/ver3\/slaktplatser-gustafsfors\/","title":{"rendered":"Gustafsfors"},"content":{"rendered":"<h1>Sl\u00e4ktplatser: Gustafsfors<\/h1>\n<p><a href=\"http:\/\/ekmanfamily.se\/ver3\/wp-content\/uploads\/2013\/01\/Gustafsfors-bruk.jpg\"><img loading=\"lazy\" decoding=\"async\" class=\"alignleft size-medium wp-image-1573\" alt=\"Gustafsfors bruk\" src=\"http:\/\/ekmanfamily.se\/ver3\/wp-content\/uploads\/2013\/01\/Gustafsfors-bruk-300x170.jpg\" width=\"300\" height=\"170\" srcset=\"https:\/\/ekmanfamily.se\/ver3\/wp-content\/uploads\/2013\/01\/Gustafsfors-bruk-300x170.jpg 300w, https:\/\/ekmanfamily.se\/ver3\/wp-content\/uploads\/2013\/01\/Gustafsfors-bruk-1024x581.jpg 1024w, https:\/\/ekmanfamily.se\/ver3\/wp-content\/uploads\/2013\/01\/Gustafsfors-bruk-500x283.jpg 500w, https:\/\/ekmanfamily.se\/ver3\/wp-content\/uploads\/2013\/01\/Gustafsfors-bruk.jpg 1059w\" sizes=\"auto, (max-width: 300px) 100vw, 300px\" \/><\/a>Johan Ekman var disponent f\u00f6r Gustafsfors fabriker 1873-1900 och \u00e4gde Hennickehammar fr\u00e5n 1900. Johan Ekman, som skulle komma att h\u00f6ra till cellulosafabrikationens banbrytare I Sverige, utbildade sig till bergsingenj\u00f6r och kompletterade sina studier med praktik p\u00e5 faderns bruk Lesj\u00f6fors samt utomlands. Sedan han 1869 blivit knuten till Gustafsfors som innehades av Ekman &amp; Co och av fadern Gustaf Ekman, gjorde Johan Ekman brukets utveckilng till sin livsuppgift. Han konverterade bruket fr\u00e5n ett ol\u00f6nsamt j\u00e4rnbruk till en cellulosafabrik. Han m\u00f6tte dock ett antal tekniska problem som ledde till stora ekonomiska sv\u00e5righeter, men han gav aldrig upp och fick till slut uppleva s\u00e5v\u00e4l tekniska som ekonomiska framg\u00e5ngar av stor nationell betydelse.<\/p>\n<div id=\"attachment_1571\" style=\"width: 310px\" class=\"wp-caption alignleft\"><a href=\"http:\/\/ekmanfamily.se\/ver3\/wp-content\/uploads\/2013\/01\/Gustafsfors-olja.jpg\"><img loading=\"lazy\" decoding=\"async\" aria-describedby=\"caption-attachment-1571\" class=\"size-medium wp-image-1571\" alt=\"Gustafsfors, m\u00e5lning av Christofer Wallroth - bror till Julia\" src=\"http:\/\/ekmanfamily.se\/ver3\/wp-content\/uploads\/2013\/01\/Gustafsfors-olja-300x198.jpg\" width=\"300\" height=\"198\" srcset=\"https:\/\/ekmanfamily.se\/ver3\/wp-content\/uploads\/2013\/01\/Gustafsfors-olja-300x198.jpg 300w, https:\/\/ekmanfamily.se\/ver3\/wp-content\/uploads\/2013\/01\/Gustafsfors-olja-453x300.jpg 453w, https:\/\/ekmanfamily.se\/ver3\/wp-content\/uploads\/2013\/01\/Gustafsfors-olja.jpg 924w\" sizes=\"auto, (max-width: 300px) 100vw, 300px\" \/><\/a><p id=\"caption-attachment-1571\" class=\"wp-caption-text\">Gustafsfors, m\u00e5lning av Christofer Wallroth &#8211; bror till Julia<\/p><\/div>\n<p>P\u00e5 grund av de f\u00f6rs\u00e4mrade konjunkturerna f\u00f6r de sm\u00e5 svenska j\u00e4rnbruken startade Gustafsfors 1877, under Johans ledning p\u00e5 uppdrag av sin far Gustaf Ekman p\u00e5 Lesj\u00f6fors, som f\u00f6rsta bolag i Sverige att tillverka natroncellulosa (sulfatmassa). Verksamheten kom \u00e4ven att omfatta f\u00f6r\u00e4dling av cellulosan till papper. P\u00e5 bilden syns en sulfatkokare.<\/p>\n<div id=\"attachment_1564\" style=\"width: 310px\" class=\"wp-caption alignleft\"><a href=\"http:\/\/ekmanfamily.se\/ver3\/wp-content\/uploads\/2013\/01\/Lekstugan-Johan.jpg\"><img loading=\"lazy\" decoding=\"async\" aria-describedby=\"caption-attachment-1564\" class=\"size-medium wp-image-1564 \" alt=\"Lekstugan Johan\" src=\"http:\/\/ekmanfamily.se\/ver3\/wp-content\/uploads\/2013\/01\/Lekstugan-Johan-300x215.jpg\" width=\"300\" height=\"215\" srcset=\"https:\/\/ekmanfamily.se\/ver3\/wp-content\/uploads\/2013\/01\/Lekstugan-Johan-300x215.jpg 300w, https:\/\/ekmanfamily.se\/ver3\/wp-content\/uploads\/2013\/01\/Lekstugan-Johan-1024x736.jpg 1024w, https:\/\/ekmanfamily.se\/ver3\/wp-content\/uploads\/2013\/01\/Lekstugan-Johan-417x300.jpg 417w\" sizes=\"auto, (max-width: 300px) 100vw, 300px\" \/><\/a><p id=\"caption-attachment-1564\" class=\"wp-caption-text\">Lekstugan p\u00e5 Lesj\u00f6fors, Johan sittande i gr\u00e4set tillsammans med familj och sl\u00e4kt<\/p><\/div>\n<div id=\"attachment_1568\" style=\"width: 310px\" class=\"wp-caption alignleft\"><a href=\"http:\/\/ekmanfamily.se\/ver3\/wp-content\/uploads\/2013\/01\/Barnbarn-Birger-Julia-Johan-Wilhelm-Gustaf.jpg\"><img loading=\"lazy\" decoding=\"async\" aria-describedby=\"caption-attachment-1568\" class=\"size-medium wp-image-1568\" alt=\"Barnbarn Birger, Julia, Johan, Wilhelm, Gustaf\" src=\"http:\/\/ekmanfamily.se\/ver3\/wp-content\/uploads\/2013\/01\/Barnbarn-Birger-Julia-Johan-Wilhelm-Gustaf-300x211.jpg\" width=\"300\" height=\"211\" srcset=\"https:\/\/ekmanfamily.se\/ver3\/wp-content\/uploads\/2013\/01\/Barnbarn-Birger-Julia-Johan-Wilhelm-Gustaf-300x211.jpg 300w, https:\/\/ekmanfamily.se\/ver3\/wp-content\/uploads\/2013\/01\/Barnbarn-Birger-Julia-Johan-Wilhelm-Gustaf-424x300.jpg 424w, https:\/\/ekmanfamily.se\/ver3\/wp-content\/uploads\/2013\/01\/Barnbarn-Birger-Julia-Johan-Wilhelm-Gustaf.jpg 842w\" sizes=\"auto, (max-width: 300px) 100vw, 300px\" \/><\/a><p id=\"caption-attachment-1568\" class=\"wp-caption-text\">Julia Ekman med barnbarn<br \/>Fr\u00e5n v\u00e4nster: Johan, Wilhelm, Gustaf, Birger lutar sig mot farmor Julia.<\/p><\/div>\n<div id=\"attachment_1565\" style=\"width: 247px\" class=\"wp-caption alignleft\"><a href=\"http:\/\/ekmanfamily.se\/ver3\/wp-content\/uploads\/2013\/01\/002-Johan-Ekman.jpg\"><img loading=\"lazy\" decoding=\"async\" aria-describedby=\"caption-attachment-1565\" class=\"size-medium wp-image-1565\" alt=\"002 Johan Ekman\" src=\"http:\/\/ekmanfamily.se\/ver3\/wp-content\/uploads\/2013\/01\/002-Johan-Ekman-237x300.jpg\" width=\"237\" height=\"300\" srcset=\"https:\/\/ekmanfamily.se\/ver3\/wp-content\/uploads\/2013\/01\/002-Johan-Ekman-237x300.jpg 237w, https:\/\/ekmanfamily.se\/ver3\/wp-content\/uploads\/2013\/01\/002-Johan-Ekman-811x1024.jpg 811w, https:\/\/ekmanfamily.se\/ver3\/wp-content\/uploads\/2013\/01\/002-Johan-Ekman.jpg 1427w\" sizes=\"auto, (max-width: 237px) 100vw, 237px\" \/><\/a><p id=\"caption-attachment-1565\" class=\"wp-caption-text\">En sliten Johan, som aldrig gav upp<\/p><\/div>\n<div id=\"attachment_1567\" style=\"width: 221px\" class=\"wp-caption alignleft\"><a href=\"http:\/\/ekmanfamily.se\/ver3\/wp-content\/uploads\/2013\/01\/Julia-Ekman-f-Wallroth.jpg\"><img loading=\"lazy\" decoding=\"async\" aria-describedby=\"caption-attachment-1567\" class=\"size-medium wp-image-1567\" alt=\"Julia Ekman  f Wallroth\" src=\"http:\/\/ekmanfamily.se\/ver3\/wp-content\/uploads\/2013\/01\/Julia-Ekman-f-Wallroth-211x300.jpg\" width=\"211\" height=\"300\" srcset=\"https:\/\/ekmanfamily.se\/ver3\/wp-content\/uploads\/2013\/01\/Julia-Ekman-f-Wallroth-211x300.jpg 211w, https:\/\/ekmanfamily.se\/ver3\/wp-content\/uploads\/2013\/01\/Julia-Ekman-f-Wallroth.jpg 595w\" sizes=\"auto, (max-width: 211px) 100vw, 211px\" \/><\/a><p id=\"caption-attachment-1567\" class=\"wp-caption-text\">Julia Ekman f Wallroth 1843-1924<\/p><\/div>\n<div id=\"attachment_1569\" style=\"width: 222px\" class=\"wp-caption alignleft\"><a href=\"http:\/\/ekmanfamily.se\/ver3\/wp-content\/uploads\/2013\/01\/001-Johan-Ekman-C-3.jpg\"><img loading=\"lazy\" decoding=\"async\" aria-describedby=\"caption-attachment-1569\" class=\"size-medium wp-image-1569\" alt=\"001 Johan Ekman C 3\" src=\"http:\/\/ekmanfamily.se\/ver3\/wp-content\/uploads\/2013\/01\/001-Johan-Ekman-C-3-212x300.jpg\" width=\"212\" height=\"300\" srcset=\"https:\/\/ekmanfamily.se\/ver3\/wp-content\/uploads\/2013\/01\/001-Johan-Ekman-C-3-212x300.jpg 212w, https:\/\/ekmanfamily.se\/ver3\/wp-content\/uploads\/2013\/01\/001-Johan-Ekman-C-3.jpg 471w\" sizes=\"auto, (max-width: 212px) 100vw, 212px\" \/><\/a><p id=\"caption-attachment-1569\" class=\"wp-caption-text\">Johan Ekman C:3 1842-1907<\/p><\/div>\n<div id=\"attachment_1566\" style=\"width: 209px\" class=\"wp-caption alignleft\"><a href=\"http:\/\/ekmanfamily.se\/ver3\/wp-content\/uploads\/2013\/01\/Julia.jpg\"><img loading=\"lazy\" decoding=\"async\" aria-describedby=\"caption-attachment-1566\" class=\"size-medium wp-image-1566\" alt=\"Julia\" src=\"http:\/\/ekmanfamily.se\/ver3\/wp-content\/uploads\/2013\/01\/Julia-199x300.jpg\" width=\"199\" height=\"300\" srcset=\"https:\/\/ekmanfamily.se\/ver3\/wp-content\/uploads\/2013\/01\/Julia-199x300.jpg 199w, https:\/\/ekmanfamily.se\/ver3\/wp-content\/uploads\/2013\/01\/Julia-680x1024.jpg 680w\" sizes=\"auto, (max-width: 199px) 100vw, 199px\" \/><\/a><p id=\"caption-attachment-1566\" class=\"wp-caption-text\">Julia p\u00e5 gamla dar<\/p><\/div>\n<p>&nbsp;<\/p>\n<p><strong>\u00a0<\/strong><\/p>\n<p><strong>\u00a0<\/strong><\/p>\n<p><strong>\u00a0<\/strong><\/p>\n<p><strong>\u00a0<\/strong><\/p>\n","protected":false},"excerpt":{"rendered":"<p>Sl\u00e4ktplatser: Gustafsfors Johan Ekman var disponent f\u00f6r Gustafsfors fabriker 1873-1900 och \u00e4gde Hennickehammar fr\u00e5n 1900. Johan Ekman, som skulle komma att h\u00f6ra till cellulosafabrikationens banbrytare I Sverige, utbildade sig till bergsingenj\u00f6r och kompletterade sina studier med praktik p\u00e5 faderns bruk Lesj\u00f6fors samt utomlands. Sedan han 1869 blivit knuten till Gustafsfors som innehades av Ekman &amp; [&hellip;]<\/p>\n","protected":false},"author":3,"featured_media":0,"parent":0,"menu_order":0,"comment_status":"closed","ping_status":"closed","template":"","meta":{"_acf_changed":false,"ngg_post_thumbnail":0,"footnotes":""},"tags":[5],"class_list":["post-335","page","type-page","status-publish","hentry","tag-login"],"acf":[],"_links":{"self":[{"href":"https:\/\/ekmanfamily.se\/ver3\/wp-json\/wp\/v2\/pages\/335","targetHints":{"allow":["GET"]}}],"collection":[{"href":"https:\/\/ekmanfamily.se\/ver3\/wp-json\/wp\/v2\/pages"}],"about":[{"href":"https:\/\/ekmanfamily.se\/ver3\/wp-json\/wp\/v2\/types\/page"}],"author":[{"embeddable":true,"href":"https:\/\/ekmanfamily.se\/ver3\/wp-json\/wp\/v2\/users\/3"}],"replies":[{"embeddable":true,"href":"https:\/\/ekmanfamily.se\/ver3\/wp-json\/wp\/v2\/comments?post=335"}],"version-history":[{"count":0,"href":"https:\/\/ekmanfamily.se\/ver3\/wp-json\/wp\/v2\/pages\/335\/revisions"}],"wp:attachment":[{"href":"https:\/\/ekmanfamily.se\/ver3\/wp-json\/wp\/v2\/media?parent=335"}],"wp:term":[{"taxonomy":"post_tag","embeddable":true,"href":"https:\/\/ekmanfamily.se\/ver3\/wp-json\/wp\/v2\/tags?post=335"}],"curies":[{"name":"wp","href":"https:\/\/api.w.org\/{rel}","templated":true}]}}