{"id":333,"date":"2013-01-20T14:10:09","date_gmt":"2013-01-20T14:10:09","guid":{"rendered":"http:\/\/ekmanfamily.se\/ver3\/?page_id=333"},"modified":"2015-07-31T07:34:04","modified_gmt":"2015-07-31T07:34:04","slug":"slaktplatser-gubbero","status":"publish","type":"page","link":"https:\/\/ekmanfamily.se\/ver3\/slaktplatser-gubbero\/","title":{"rendered":"Gubbero"},"content":{"rendered":"<h1><\/h1>\n<h1><\/h1>\n<h1>Sl\u00e4ktplatser: Gubbero<\/h1>\n<div id=\"attachment_1576\" style=\"width: 310px\" class=\"wp-caption alignleft\"><a href=\"http:\/\/ekmanfamily.se\/ver3\/wp-content\/uploads\/2013\/01\/Gubbero-1839.jpg\"><img loading=\"lazy\" decoding=\"async\" aria-describedby=\"caption-attachment-1576\" class=\"size-medium wp-image-1576\" alt=\"Gubbero 1839\" src=\"http:\/\/ekmanfamily.se\/ver3\/wp-content\/uploads\/2013\/01\/Gubbero-1839-300x175.jpg\" width=\"300\" height=\"175\" srcset=\"https:\/\/ekmanfamily.se\/ver3\/wp-content\/uploads\/2013\/01\/Gubbero-1839-300x175.jpg 300w, https:\/\/ekmanfamily.se\/ver3\/wp-content\/uploads\/2013\/01\/Gubbero-1839-1024x598.jpg 1024w, https:\/\/ekmanfamily.se\/ver3\/wp-content\/uploads\/2013\/01\/Gubbero-1839-500x292.jpg 500w, https:\/\/ekmanfamily.se\/ver3\/wp-content\/uploads\/2013\/01\/Gubbero-1839.jpg 1279w\" sizes=\"auto, (max-width: 300px) 100vw, 300px\" \/><\/a><p id=\"caption-attachment-1576\" class=\"wp-caption-text\">Emil Ekman bosatte sig p\u00e5 Gubbero<\/p><\/div>\n<div id=\"attachment_1575\" style=\"width: 310px\" class=\"wp-caption alignleft\"><a href=\"http:\/\/ekmanfamily.se\/ver3\/wp-content\/uploads\/2013\/01\/Oscar-II-bes\u00f6k-p\u00e5-Gubbero.jpg\"><img loading=\"lazy\" decoding=\"async\" aria-describedby=\"caption-attachment-1575\" class=\"size-medium wp-image-1575\" alt=\"Oscar II bes\u00f6k p\u00e5 Gubbero\" src=\"http:\/\/ekmanfamily.se\/ver3\/wp-content\/uploads\/2013\/01\/Oscar-II-bes\u00f6k-p\u00e5-Gubbero-300x237.jpg\" width=\"300\" height=\"237\" srcset=\"https:\/\/ekmanfamily.se\/ver3\/wp-content\/uploads\/2013\/01\/Oscar-II-bes\u00f6k-p\u00e5-Gubbero-300x237.jpg 300w, https:\/\/ekmanfamily.se\/ver3\/wp-content\/uploads\/2013\/01\/Oscar-II-bes\u00f6k-p\u00e5-Gubbero-1024x810.jpg 1024w, https:\/\/ekmanfamily.se\/ver3\/wp-content\/uploads\/2013\/01\/Oscar-II-bes\u00f6k-p\u00e5-Gubbero-378x300.jpg 378w, https:\/\/ekmanfamily.se\/ver3\/wp-content\/uploads\/2013\/01\/Oscar-II-bes\u00f6k-p\u00e5-Gubbero.jpg 1051w\" sizes=\"auto, (max-width: 300px) 100vw, 300px\" \/><\/a><p id=\"caption-attachment-1575\" class=\"wp-caption-text\">Oscar II bes\u00f6k p\u00e5 Gubbero<\/p><\/div>\n<p>Herrg\u00e5rden uppf\u00f6rdes 1750 av Kommerser\u00e5det Magnus Lagerstr\u00f6m. Den k\u00f6ptes 1828 av ryske generalkonsuln C.F. Lang, som var gift med Sara f. Minten, \u00e4nka efter Johan Jacob Ekman (son till Peter III). D\u00e5 Lang var tysk medborgare registerades Johan Oscar Ekman som \u00e4gare (A.1), son till Johan Jacob och Sara. 1862 \u00f6verl\u00e4ts Gubbero av Oscar till hans bror Emil (B.1), som d\u00e5 l\u00e4mnade sin tj\u00e4nst vid Flottan och flyttade till G\u00f6teborg f\u00f6r att ing\u00e5 i ledningen f\u00f6r Carnegiebolaget.<\/p>\n<p><strong>\u00a0<\/strong><\/p>\n<p>Under sin tj\u00e4nst i Stockholm hade Emil Ekman kommit i n\u00e4ra kontakt med Kung Oscar II, som ocks\u00e5 flera g\u00e5nger g\u00e4stade honom p\u00e5 Gubbero. Emil bodde p\u00e5 Gubbero fram till sin d\u00f6d 1900. Hans fru Sophie f. Kurck bodde kvar d\u00e4r till sin d\u00f6d 1907. Herrg\u00e5rden, som l\u00e5g d\u00e4r Redbergsplatsen ligger, revs 1934 f\u00f6r att ge plats f\u00f6r den nya stadsbebyggelsen. \u00d6ver porten p\u00e5 Gubbero h\u00e4ngde en tr\u00e4tavla med texten &#8220;Den r\u00e4tta sinnets ro \u00e4r Gubbero&#8221;. Detta budskap fanns \u00e4ven p\u00e5 Emils Ex Libris.<\/p>\n<p><strong><a href=\"http:\/\/ekmanfamily.se\/ver3\/wp-content\/uploads\/2013\/01\/Gubbero1.jpg\"><img loading=\"lazy\" decoding=\"async\" class=\"alignleft size-medium wp-image-1578\" alt=\"Gubbero\" src=\"http:\/\/ekmanfamily.se\/ver3\/wp-content\/uploads\/2013\/01\/Gubbero1-300x199.jpg\" width=\"300\" height=\"199\" srcset=\"https:\/\/ekmanfamily.se\/ver3\/wp-content\/uploads\/2013\/01\/Gubbero1-300x199.jpg 300w, https:\/\/ekmanfamily.se\/ver3\/wp-content\/uploads\/2013\/01\/Gubbero1-1024x679.jpg 1024w, https:\/\/ekmanfamily.se\/ver3\/wp-content\/uploads\/2013\/01\/Gubbero1-452x300.jpg 452w\" sizes=\"auto, (max-width: 300px) 100vw, 300px\" \/><\/a>Br\u00f6derna Ekman och David Carnegie<\/strong><\/p>\n<p>K\u00f6pet av Gubbero gjordes i Oscar Ekmans namn och han b\u00f6rjade d\u00e4r sin aff\u00e4rsbana. N\u00e5gra \u00e5r senare l\u00e4rde han k\u00e4nna David Carnegie, och 1845 blev han disponent vid socker och porterbruken med kontor p\u00e5 S\u00f6dra Hamngatan 11 i G\u00f6teborg, dit han \u00e4ven sj\u00e4lv flyttade. 1861 lyckade Oscar och David Carnegie \u00f6vertyga brodern Emil att intr\u00e4da i firman som direkt\u00f6r; han flyttade fr\u00e5n Stockholm och bosatte sig p\u00e5 Gubbero, medan Oscar \u00f6vertog Stora Torp fr\u00e5n David Carnegie. I och med detta kunde Oscar \u00e4gna tid \u00e4ven \u00e5t andra verksamheter. 1863 genomdrev han bildandet av Skandinaviska Kreditaktiebolaget, vars ordf\u00f6rande han f\u00f6rblev i 32 \u00e5r.<\/p>\n<p>&nbsp;<\/p>\n","protected":false},"excerpt":{"rendered":"<p>Sl\u00e4ktplatser: Gubbero Herrg\u00e5rden uppf\u00f6rdes 1750 av Kommerser\u00e5det Magnus Lagerstr\u00f6m. Den k\u00f6ptes 1828 av ryske generalkonsuln C.F. Lang, som var gift med Sara f. Minten, \u00e4nka efter Johan Jacob Ekman (son till Peter III). D\u00e5 Lang var tysk medborgare registerades Johan Oscar Ekman som \u00e4gare (A.1), son till Johan Jacob och Sara. 1862 \u00f6verl\u00e4ts Gubbero av [&hellip;]<\/p>\n","protected":false},"author":3,"featured_media":0,"parent":0,"menu_order":0,"comment_status":"closed","ping_status":"closed","template":"","meta":{"_acf_changed":false,"ngg_post_thumbnail":0,"footnotes":""},"tags":[5],"class_list":["post-333","page","type-page","status-publish","hentry","tag-login"],"acf":[],"_links":{"self":[{"href":"https:\/\/ekmanfamily.se\/ver3\/wp-json\/wp\/v2\/pages\/333","targetHints":{"allow":["GET"]}}],"collection":[{"href":"https:\/\/ekmanfamily.se\/ver3\/wp-json\/wp\/v2\/pages"}],"about":[{"href":"https:\/\/ekmanfamily.se\/ver3\/wp-json\/wp\/v2\/types\/page"}],"author":[{"embeddable":true,"href":"https:\/\/ekmanfamily.se\/ver3\/wp-json\/wp\/v2\/users\/3"}],"replies":[{"embeddable":true,"href":"https:\/\/ekmanfamily.se\/ver3\/wp-json\/wp\/v2\/comments?post=333"}],"version-history":[{"count":0,"href":"https:\/\/ekmanfamily.se\/ver3\/wp-json\/wp\/v2\/pages\/333\/revisions"}],"wp:attachment":[{"href":"https:\/\/ekmanfamily.se\/ver3\/wp-json\/wp\/v2\/media?parent=333"}],"wp:term":[{"taxonomy":"post_tag","embeddable":true,"href":"https:\/\/ekmanfamily.se\/ver3\/wp-json\/wp\/v2\/tags?post=333"}],"curies":[{"name":"wp","href":"https:\/\/api.w.org\/{rel}","templated":true}]}}