{"id":329,"date":"2013-01-20T14:09:38","date_gmt":"2013-01-20T14:09:38","guid":{"rendered":"http:\/\/ekmanfamily.se\/ver3\/?page_id=329"},"modified":"2014-01-23T20:43:08","modified_gmt":"2014-01-23T20:43:08","slug":"slaktplatser-hennickehammar","status":"publish","type":"page","link":"https:\/\/ekmanfamily.se\/ver3\/slaktplatser-hennickehammar\/","title":{"rendered":"Hennickehammar"},"content":{"rendered":"<h1>Sl\u00e4ktplatser: Hennickehammar<\/h1>\n<h1><\/h1>\n<h1><\/h1>\n<p>Den pampiga herrg\u00e5rdsbyggnaden p\u00e5 Hennickehammar utanf\u00f6r Filipstad \u00e4r ett minnesm\u00e4rke fr\u00e5n den gamla j\u00e4rnbrukstiden. Hit flyttade Johan Ekman (1842-1907) och hans hustru Julia f. Wallroth (1843-1924) \u00e5r 1900. Sedan Johan avlidit bodde Julia kvar till 1918, d\u00e5 hon flyttade till Hastaberget i Filipstad. D\u00e4r hade hennes bror, konstn\u00e4ren Christoffer Wallroth, bott tidigare.<\/p>\n<p><a href=\"http:\/\/ekmanfamily.se\/ver3\/wp-content\/uploads\/2013\/01\/Hennickehammar-15.jpg\"><img loading=\"lazy\" decoding=\"async\" class=\"alignleft size-full wp-image-1581\" alt=\"Hennickehammar 15\" src=\"http:\/\/ekmanfamily.se\/ver3\/wp-content\/uploads\/2013\/01\/Hennickehammar-15.jpg\" width=\"283\" height=\"245\" \/><\/a><\/p>\n<p>P\u00e5 nedre botten fanns Johans kontor, n\u00e5gra sovrum, en salong, en matsal som var \u201do\u00e4ndlig\u201d och s\u00e5 k\u00f6ket. En trappa upp l\u00e5g \u00e4nnu en stor salong och s\u00e5 g\u00e4strummen. N\u00e4r man gick och lade sig p\u00e5 kv\u00e4llen tog var och en med sig en ljusstake. Elektriskt ljus fanns inte.<\/p>\n<p>\u00c5r 1905 kom Johans och Julias son Wilhelm hem f\u00f6r att visa upp sin f\u00e4stm\u00f6 Martha f. Gerdts. Senare har Martha skrivit ner sina intryck fr\u00e5n detta f\u00f6rsta bes\u00f6k p\u00e5 Hennickehammar, som hon mindes som ett \u201dotroligt stort och kallt hus\u201d. Wilhelm och Martha hade kommit med sl\u00e4de \u00f6ver sj\u00f6arna. Allt var mycket nytt f\u00f6r flickan fr\u00e5n det sk\u00e5nska Osby. I skogen hade sv\u00e4rfadern Johan uppf\u00f6rt ett h\u00f6gt utsiktstorn och dit upp kl\u00e4ttrade han n\u00e4r hans astma blev sv\u00e5r.<\/p>\n<p>Nuf\u00f6rtiden drivs Hennickehammars herrg\u00e5rd som ett konferenshotell. I sin reklam f\u00f6r hotellet betonar de herrg\u00e5rdens historia och p\u00e5 deras hemsida g\u00e5r att l\u00e4sa &#8220;Hennickehammars Herrg\u00e5rd \u00e4r en plats att bli f\u00f6r\u00e4lskad i. M\u00e5nga kallar oss en V\u00e4rml\u00e4ndsk Saga och att se den vackra herrg\u00e5rdsbyggnaden fr\u00e5n 1700-talet lysa med sin gula tr\u00e4fasad, inb\u00e4ddad i skog och vilandes alldeles intill tj\u00e4rnen kan inte beskrivas som annat \u00e4n sagolikt. Platsen, milj\u00f6n, historien och k\u00e4nslan tar tag i dig p\u00e5 ett speciellt s\u00e4tt&#8221;.<\/p>\n<p>P\u00e5 nedre botten fanns Johans kontor, n\u00e5gra sovrum, en salong, en matsal som var \u201do\u00e4ndlig\u201d och s\u00e5 k\u00f6ket. En trappa upp l\u00e5g \u00e4nnu en stor salong och s\u00e5 g\u00e4strummen. N\u00e4r man gick och lade sig p\u00e5 kv\u00e4llen tog var och en med sig en ljusstake. Elektriskt ljus fanns inte.<a href=\"http:\/\/ekmanfamily.se\/ver3\/wp-content\/uploads\/2013\/01\/Hennickehammar-sovrum.jpg\"><img loading=\"lazy\" decoding=\"async\" class=\"alignleft size-full wp-image-1584\" alt=\"Hennickehammar sovrum\" src=\"http:\/\/ekmanfamily.se\/ver3\/wp-content\/uploads\/2013\/01\/Hennickehammar-sovrum.jpg\" width=\"283\" height=\"199\" \/><\/a><a href=\"http:\/\/ekmanfamily.se\/ver3\/wp-content\/uploads\/2013\/01\/Hennickehammar-Ekor.jpg\"><img loading=\"lazy\" decoding=\"async\" class=\"alignleft size-large wp-image-1580\" alt=\"Hennickehammar Ekor\" src=\"http:\/\/ekmanfamily.se\/ver3\/wp-content\/uploads\/2013\/01\/Hennickehammar-Ekor-1024x768.jpg\" width=\"584\" height=\"438\" srcset=\"https:\/\/ekmanfamily.se\/ver3\/wp-content\/uploads\/2013\/01\/Hennickehammar-Ekor-1024x768.jpg 1024w, https:\/\/ekmanfamily.se\/ver3\/wp-content\/uploads\/2013\/01\/Hennickehammar-Ekor-300x225.jpg 300w, https:\/\/ekmanfamily.se\/ver3\/wp-content\/uploads\/2013\/01\/Hennickehammar-Ekor-400x300.jpg 400w\" sizes=\"auto, (max-width: 584px) 100vw, 584px\" \/><\/a><a href=\"http:\/\/ekmanfamily.se\/ver3\/wp-content\/uploads\/2013\/01\/Hennickehammar-salong-10.jpg\"><img loading=\"lazy\" decoding=\"async\" class=\"alignleft size-full wp-image-1583\" alt=\"Hennickehammar salong 10\" src=\"http:\/\/ekmanfamily.se\/ver3\/wp-content\/uploads\/2013\/01\/Hennickehammar-salong-10.jpg\" width=\"283\" height=\"207\" \/><\/a><a href=\"http:\/\/ekmanfamily.se\/ver3\/wp-content\/uploads\/2013\/01\/Hennickehammar.jpg\"><img loading=\"lazy\" decoding=\"async\" class=\"alignleft size-full wp-image-1582\" alt=\"Hennickehammar\" src=\"http:\/\/ekmanfamily.se\/ver3\/wp-content\/uploads\/2013\/01\/Hennickehammar.jpg\" width=\"283\" height=\"198\" \/><\/a><\/p>\n","protected":false},"excerpt":{"rendered":"<p>Sl\u00e4ktplatser: Hennickehammar Den pampiga herrg\u00e5rdsbyggnaden p\u00e5 Hennickehammar utanf\u00f6r Filipstad \u00e4r ett minnesm\u00e4rke fr\u00e5n den gamla j\u00e4rnbrukstiden. Hit flyttade Johan Ekman (1842-1907) och hans hustru Julia f. Wallroth (1843-1924) \u00e5r 1900. Sedan Johan avlidit bodde Julia kvar till 1918, d\u00e5 hon flyttade till Hastaberget i Filipstad. D\u00e4r hade hennes bror, konstn\u00e4ren Christoffer Wallroth, bott tidigare. P\u00e5 [&hellip;]<\/p>\n","protected":false},"author":3,"featured_media":0,"parent":0,"menu_order":0,"comment_status":"closed","ping_status":"closed","template":"","meta":{"_acf_changed":false,"ngg_post_thumbnail":0,"footnotes":""},"tags":[5],"class_list":["post-329","page","type-page","status-publish","hentry","tag-login"],"acf":[],"_links":{"self":[{"href":"https:\/\/ekmanfamily.se\/ver3\/wp-json\/wp\/v2\/pages\/329","targetHints":{"allow":["GET"]}}],"collection":[{"href":"https:\/\/ekmanfamily.se\/ver3\/wp-json\/wp\/v2\/pages"}],"about":[{"href":"https:\/\/ekmanfamily.se\/ver3\/wp-json\/wp\/v2\/types\/page"}],"author":[{"embeddable":true,"href":"https:\/\/ekmanfamily.se\/ver3\/wp-json\/wp\/v2\/users\/3"}],"replies":[{"embeddable":true,"href":"https:\/\/ekmanfamily.se\/ver3\/wp-json\/wp\/v2\/comments?post=329"}],"version-history":[{"count":0,"href":"https:\/\/ekmanfamily.se\/ver3\/wp-json\/wp\/v2\/pages\/329\/revisions"}],"wp:attachment":[{"href":"https:\/\/ekmanfamily.se\/ver3\/wp-json\/wp\/v2\/media?parent=329"}],"wp:term":[{"taxonomy":"post_tag","embeddable":true,"href":"https:\/\/ekmanfamily.se\/ver3\/wp-json\/wp\/v2\/tags?post=329"}],"curies":[{"name":"wp","href":"https:\/\/api.w.org\/{rel}","templated":true}]}}