{"id":294,"date":"2013-01-20T13:42:37","date_gmt":"2013-01-20T13:42:37","guid":{"rendered":"http:\/\/ekmanfamily.se\/ver3\/?page_id=294"},"modified":"2018-09-30T10:44:52","modified_gmt":"2018-09-30T10:44:52","slug":"ekmanco","status":"publish","type":"page","link":"https:\/\/ekmanfamily.se\/ver3\/ekmanco\/","title":{"rendered":"Ekman &#038; Co AB"},"content":{"rendered":"<h1><\/h1>\n<h1><\/h1>\n<h1><\/h1>\n<h1><\/h1>\n<h1><a href=\"http:\/\/ekmanfamily.se\/ver3\/ekmanco\/ekman-co-jubileum-2\/\" rel=\"attachment wp-att-1793\"><br \/>\n<img loading=\"lazy\" decoding=\"async\" class=\"aligncenter size-large wp-image-1793\" src=\"http:\/\/ekmanfamily.se\/ver3\/wp-content\/uploads\/2013\/01\/Ekman-Co-Jubileum-2-1024x557.jpg\" alt=\"Ekman &amp; Co Jubileum 2\" width=\"584\" height=\"318\" srcset=\"https:\/\/ekmanfamily.se\/ver3\/wp-content\/uploads\/2013\/01\/Ekman-Co-Jubileum-2-1024x557.jpg 1024w, https:\/\/ekmanfamily.se\/ver3\/wp-content\/uploads\/2013\/01\/Ekman-Co-Jubileum-2-300x163.jpg 300w, https:\/\/ekmanfamily.se\/ver3\/wp-content\/uploads\/2013\/01\/Ekman-Co-Jubileum-2-500x272.jpg 500w\" sizes=\"auto, (max-width: 584px) 100vw, 584px\" \/><\/a>Ekman &amp; Co AB, 216 \u00e5r 2018<\/h1>\n<p>Ekman &amp; Co \u00e4r ett av v\u00e4rldens st\u00f6rsta handelshus i skogsbranschen. Verksamheten bedriver handel med pappersmassa, papper, returfiber och biobr\u00e4nsle, d\u00e4r massa \u00e4r huvuddelen och Ekman v\u00e4rldsledande. F\u00f6retaget levererade 2017, fantastiska 4,7 miljoner ton massa och papper, och oms\u00e4ttningen var 20 miljarder kronor inkl. agenturverksamheten. Bolaget har ca 280 anst\u00e4llda och styrs fr\u00e5n fyra hubbar, Miami, Hong Kong, Z\u00fcrich och G\u00f6teborg. Bolagets s\u00e4te \u00e4r G\u00f6teborg. Aff\u00e4rer g\u00f6rs i ett hundratal l\u00e4nder genom lokalkontor och agenter. En allt viktigare del av verksamheten \u00e4r l\u00e5ngsiktiga avtal med skogsbolag, d\u00e4r dessa outsourcar sin marknadsf\u00f6ring och f\u00f6rs\u00e4ljning till Ekman ibland p\u00e5 v\u00e4rldsbasis, eller enskilda marknader.<\/p>\n<p>CEO Jan Svensson.\u00a0Ordf\u00f6rande Matts Ekman C:3:2:7:2; styrelse ledam\u00f6ter Caroline Ekman C:3:2:7:2:1 Oscar Ekman A:3:1:4,<br \/>\nFrank Graves, Michael Olsson,\u00a0Personalrepresentant Jessica Bodin plus 3 suppleanter fr\u00e5n familjen.<\/p>\n<p>Ekman &amp; Co grundades 1802. Huvudverksamheten var under 1800-talet export av svenskt j\u00e4rn, d\u00e4r bolaget svarade f\u00f6r en betydande del av de mellansvenska brukens utskeppning \u00f6ver G\u00f6teborg. Fr\u00e5n slutet av 1800-talet blev massa och papper en allt viktigare verksamhet och j\u00e4rn- och st\u00e5lf\u00f6rs\u00e4ljningen upph\u00f6rde. Bolaget var ocks\u00e5 tidvis \u00e4gare av massa- och pappersbruk. Familjen f\u00f6rlorade kontroll och \u00e4gande i bolaget 1965 till investmentbolaget S\u00e4fve\u00e5n i G\u00f6teborg. N\u00e4r detta s\u00e5 sm\u00e5ningom landade i Volvosf\u00e4ren och blev Catena, som sedan renodlades till Bilia och bilf\u00f6rs\u00e4ljning, fick familjen m\u00f6jlighet att \u00e5ter komma in som \u00e4gare. Detta skedde 1995 genom ett konsortium av Peter, Oscar, Matts, Claes och Harald Ekman, Carl Langenskj\u00f6ld samt Oscar och Anna Ekmans donationsfond, Oscar och Maria Ekmans donationsfond, Alba Langenskj\u00f6lds stiftelse, Skandia Investment samt MVI senare Atle. \u00c5r 2006 l\u00f6ste familjen ut\u00a0de externa parterna. Efter en 30-\u00e5rig parentes \u00e4gs bolaget \u00e5ter\u00a0av familjen Ekman med stiftelser till\u00a065% samt\u00a0personalen till 35%.<\/p>\n<p>L\u00e4s mer om Ekman &amp; Co p\u00e5 deras webbsida www.ekmangroup.com<\/p>\n<h1><a href=\"http:\/\/ekmanfamily.se\/ver3\/wp-content\/uploads\/2013\/01\/skylt1.jpg\"><img loading=\"lazy\" decoding=\"async\" class=\"size-full wp-image-492 alignnone\" title=\"skylt\" src=\"http:\/\/ekmanfamily.se\/ver3\/wp-content\/uploads\/2013\/01\/skylt1.jpg\" alt=\"\" width=\"279\" height=\"193\" \/><\/a><a href=\"http:\/\/ekmanfamily.se\/ver3\/wp-content\/uploads\/2013\/01\/kontoret1.jpg\"><img loading=\"lazy\" decoding=\"async\" class=\"size-full wp-image-493 alignnone\" title=\"kontoret\" src=\"http:\/\/ekmanfamily.se\/ver3\/wp-content\/uploads\/2013\/01\/kontoret1.jpg\" alt=\"\" width=\"279\" height=\"193\" \/><\/a><\/h1>\n<p><strong>Historia<\/strong><\/p>\n<table>\n<tbody>\n<tr>\n<td width=\"10%\"><\/td>\n<td width=\"90%\"><\/td>\n<\/tr>\n<tr>\n<td>2016<\/td>\n<td>Reliance Fibres Limited, based in London UK, is acquired.<\/td>\n<\/tr>\n<tr>\n<td><\/td>\n<td><\/td>\n<\/tr>\n<tr>\n<td>2014<\/td>\n<td>Ekman celebrates 100 year anniversary in China.<\/td>\n<\/tr>\n<tr>\n<td><\/td>\n<td><\/td>\n<\/tr>\n<tr>\n<td>2011<\/td>\n<td>Ekman acquires Kwok Fung, China to increase its presence in paper and packaging in Asia. First pellets deliveries from Russian partnership in bioenergy. Total sales volume for Group 3,7 million tons.<\/td>\n<\/tr>\n<tr>\n<td><\/td>\n<td><\/td>\n<\/tr>\n<tr>\n<td>2010<\/td>\n<td>Collaboration with Vyborgskaya Cellulose on the worlds\u2019 largest wood pellet factory.<\/td>\n<\/tr>\n<tr>\n<td><\/td>\n<td><\/td>\n<\/tr>\n<tr>\n<td>2009<\/td>\n<td>The Ekman Group&#8217;s sales volume exceeds for the first time 3,000,000 tons.<\/td>\n<\/tr>\n<tr>\n<td><\/td>\n<td><\/td>\n<\/tr>\n<tr>\n<td>2008<\/td>\n<td>The Bioenergy Division is established.<\/td>\n<\/tr>\n<tr>\n<td><\/td>\n<td><\/td>\n<\/tr>\n<tr>\n<td>2007<\/td>\n<td>KC International renamed Ekman Recycling.<\/td>\n<\/tr>\n<tr>\n<td><\/td>\n<td><\/td>\n<\/tr>\n<tr>\n<td>2006<\/td>\n<td>The Ekman family and the Ekman employees acquire Atle AB&#8217;s and Skandia Invest AB&#8217;s shares in Ekman<\/td>\n<\/tr>\n<tr>\n<td><\/td>\n<td><\/td>\n<\/tr>\n<tr>\n<td>2004<\/td>\n<td>Ekman acquires KC International, New Jersey USA.<br \/>\nThe recovered Materials Division is established<\/td>\n<\/tr>\n<tr>\n<td><\/td>\n<td><\/td>\n<\/tr>\n<tr>\n<td>2002<\/td>\n<td>Our 200 year anniversary as an incorporated company.<\/td>\n<\/tr>\n<tr>\n<td><\/td>\n<td><\/td>\n<\/tr>\n<tr>\n<td>2000<\/td>\n<td>Launch of Ekman Online.<\/td>\n<\/tr>\n<tr>\n<td><\/td>\n<td><\/td>\n<\/tr>\n<tr>\n<td>1999<\/td>\n<td>The Ekman Group&#8217;s sales volume exceeds for the first time 2,000,000 tons. Atle AB acquires MVI Ltd&#8217;s shares and become the largest shareholder in Ekman.<\/td>\n<\/tr>\n<tr>\n<td><\/td>\n<td><\/td>\n<\/tr>\n<tr>\n<td>1996<\/td>\n<td>The company changes its name back to Ekman &amp; Co AB<\/td>\n<\/tr>\n<tr>\n<td><\/td>\n<td><\/td>\n<\/tr>\n<tr>\n<td>1995<\/td>\n<td>The Catena Group sells its shares to: MVI Ltd., Skandia investment the Ekman employees and management and the family Ekman.<\/td>\n<\/tr>\n<tr>\n<td><\/td>\n<td><\/td>\n<\/tr>\n<tr>\n<td>1992<\/td>\n<td>Ekman acquires Intercontinental Cellulose Sales Inc. (ICS Inc), and Ekman becomes the world&#8217;s largest independent sales organization for the forest industry. Handling over 1,000,000 tons of products.<\/td>\n<\/tr>\n<tr>\n<td><\/td>\n<td><\/td>\n<\/tr>\n<tr>\n<td>1987<\/td>\n<td>Ekman Liebig was formed through the acquisition of Jan Liebig International.<\/td>\n<\/tr>\n<tr>\n<td><\/td>\n<td><\/td>\n<\/tr>\n<tr>\n<td>1986<\/td>\n<td>Ekman becomes a subsidiary of the Catena group, listed on the Stockholm stock exchange. When Catena acquires the S\u00e4fve\u00e5n group<\/td>\n<\/tr>\n<tr>\n<td><\/td>\n<td><\/td>\n<\/tr>\n<tr>\n<td>1983<\/td>\n<td>Diversified operations comes to an end and Ekman concentrates on trading in pulp and paper.<\/td>\n<\/tr>\n<tr>\n<td><\/td>\n<td><\/td>\n<\/tr>\n<tr>\n<td>1982<\/td>\n<td>Protector Insurance Ltd is established, with main focus on transport and warehouse risk insurance.<\/td>\n<\/tr>\n<tr>\n<td><\/td>\n<td><\/td>\n<\/tr>\n<tr>\n<td>1965<\/td>\n<td>Ekman becomes a subsidiary of the S\u00e4fve\u00e5n Group. Major trading business was conducted in pulp, paper, iron, steel, machinery and engineering products.<\/td>\n<\/tr>\n<tr>\n<td><\/td>\n<td><a href=\"http:\/\/ekmanfamily.se\/ver3\/wp-content\/uploads\/2013\/01\/library.jpg\"><img loading=\"lazy\" decoding=\"async\" class=\"alignnone size-full wp-image-302\" title=\"library\" src=\"http:\/\/ekmanfamily.se\/ver3\/wp-content\/uploads\/2013\/01\/library.jpg\" alt=\"\" width=\"487\" height=\"239\" srcset=\"https:\/\/ekmanfamily.se\/ver3\/wp-content\/uploads\/2013\/01\/library.jpg 487w, https:\/\/ekmanfamily.se\/ver3\/wp-content\/uploads\/2013\/01\/library-300x147.jpg 300w\" sizes=\"auto, (max-width: 487px) 100vw, 487px\" \/><\/a><\/td>\n<\/tr>\n<tr>\n<td><\/td>\n<td>Ekman &amp; Co:s gamla bokf\u00f6ringsarkiv p\u00e5 landsarkivet i G\u00f6teborg<\/td>\n<\/tr>\n<tr>\n<td><\/td>\n<td><\/td>\n<\/tr>\n<tr>\n<td><\/td>\n<td><\/td>\n<\/tr>\n<tr>\n<td>1954<\/td>\n<td>Ekman imports textiles, clothing, watches, optics and home electronics products, primarily from Japan and Southeast Asia<\/td>\n<\/tr>\n<tr>\n<td><\/td>\n<td><\/td>\n<\/tr>\n<tr>\n<td>1945<\/td>\n<td>The end of the second World War was the starting point for a very expensive period for Ekman. The turnover, in fixed prices, increases six times during the next 20 years.<\/td>\n<\/tr>\n<tr>\n<td><\/td>\n<td><\/td>\n<\/tr>\n<tr>\n<td>1923<\/td>\n<td>Ekman is reconstructed into a limited company, Ekman &amp; Co AktiebolagThe founding of the School of Economics and Business Adminstration in Gothenburg is made possible through donations from Ekman\u00a0and other prominent families<\/td>\n<\/tr>\n<tr>\n<td><\/td>\n<td><\/td>\n<\/tr>\n<tr>\n<td>1914<\/td>\n<td>Ekman is the first Swedish trading house operating in China through the founding of Ekman Foreign Agencies Ltd. and the opening of a branch office in Shanghai<\/td>\n<\/tr>\n<tr>\n<td><\/td>\n<td><\/td>\n<\/tr>\n<tr>\n<td>1913<\/td>\n<td>Ekman establishes an independent agency in Tokyo. This was to be transformed into Ekman &amp; Co. (Japan) Ltd in 1935.<br \/>\nEkman acquires Orrefors and made it to the world renowned glassworks.<\/td>\n<\/tr>\n<tr>\n<td><\/td>\n<td><\/td>\n<\/tr>\n<tr>\n<td>1907<\/td>\n<td>Ekman participates in the opening of the transocean line to Southeast Asia.The main building of the University of Gothenburg was inaugurated on 18 September 1907, solely funded by the Counsul Oscar Ekman<\/td>\n<\/tr>\n<tr>\n<td><\/td>\n<td><\/td>\n<\/tr>\n<tr>\n<td>1891<\/td>\n<td>The founding of the University of Gothenburg is made possible through donations from Oscar Ekman and other Gothenburg merchants.<\/td>\n<\/tr>\n<tr>\n<td><\/td>\n<td><\/td>\n<\/tr>\n<tr>\n<td>1890<\/td>\n<td>The Swedish forest industry begins to export pulp and paper. Ekman is one of the pioneers.<\/td>\n<\/tr>\n<tr>\n<td><\/td>\n<td><\/td>\n<\/tr>\n<tr>\n<td>1874<\/td>\n<td>Ekman moves away from the manufacture of iron to production of sulphate pulp (at the Gustafsfors mill).<\/td>\n<\/tr>\n<tr>\n<td><\/td>\n<td><\/td>\n<\/tr>\n<tr>\n<td>1864<\/td>\n<td>Ekman is participating in the financing of Swedish basic industry and Oscar Ekman plays a prominent role when Skandinaviska Kredit AB. Later Skandinaviska Enskilda Banken is incorporated in Gothenburg.<\/td>\n<\/tr>\n<tr>\n<td><\/td>\n<td><\/td>\n<\/tr>\n<tr>\n<td>1856<\/td>\n<td>Carl Edvard Ekman, son of Gustav Henric Ekman and brother of Gustaf Ekman, acquires Finsp\u00e5ngs Bruk.<\/td>\n<\/tr>\n<tr>\n<td><\/td>\n<td><\/td>\n<\/tr>\n<tr>\n<td>1843<\/td>\n<td>Gustaf Ekman, son of Gustav Henric Ekman, invents the Ekman Welding Furnace, enabling Lancashire forge and rolling mill operations in Sweden.<\/td>\n<\/tr>\n<tr>\n<td><\/td>\n<td><\/td>\n<\/tr>\n<tr>\n<td>1815<\/td>\n<td>Ekman is partowner in a merchant fleet consisting of ten ships.<\/td>\n<\/tr>\n<tr>\n<td><\/td>\n<td><\/td>\n<\/tr>\n<tr>\n<td>1813<\/td>\n<td>Gustav Henric Ekman and Gustaf Rudolf Prytz acquires the Lesj\u00f6fors Ironworks.<\/td>\n<\/tr>\n<tr>\n<td><\/td>\n<td><\/td>\n<\/tr>\n<tr>\n<td>1802<\/td>\n<td>The trading company Ekman &amp; Co is founded by Gustaf Henric Ekman, son of Peter III Ekman, and Gustaf Rudolf Prytz.<\/td>\n<\/tr>\n<tr>\n<td><\/td>\n<td><\/td>\n<\/tr>\n<tr>\n<td>1761<\/td>\n<td>Peter III Ekman continues his father&#8217;s business but concentrates on trading of herring.<\/td>\n<\/tr>\n<tr>\n<td><\/td>\n<td><\/td>\n<\/tr>\n<tr>\n<td>1733<\/td>\n<td>Peter II Ekman, son of Peter I Ekman, sets up a business in Gothenburg specializing in timber goods.<\/td>\n<\/tr>\n<tr>\n<td><\/td>\n<td><\/td>\n<\/tr>\n<tr>\n<td>1698<\/td>\n<td>Peter I Ekman, son of Daniel Joensson Ekman, specializes in timber goods and builds a sawmill.<\/td>\n<\/tr>\n<tr>\n<td><\/td>\n<td><\/td>\n<\/tr>\n<tr>\n<td>1663<\/td>\n<td>Daniel Joensson Ekman sets up a business selling iron and timber.<\/td>\n<\/tr>\n<\/tbody>\n<\/table>\n<p>&nbsp;<\/p>\n","protected":false},"excerpt":{"rendered":"<p>Ekman &amp; Co AB, 216 \u00e5r 2018 Ekman &amp; Co \u00e4r ett av v\u00e4rldens st\u00f6rsta handelshus i skogsbranschen. Verksamheten bedriver handel med pappersmassa, papper, returfiber och biobr\u00e4nsle, d\u00e4r massa \u00e4r huvuddelen och Ekman v\u00e4rldsledande. F\u00f6retaget levererade 2017, fantastiska 4,7 miljoner ton massa och papper, och oms\u00e4ttningen var 20 miljarder kronor inkl. agenturverksamheten. Bolaget har ca [&hellip;]<\/p>\n","protected":false},"author":3,"featured_media":0,"parent":0,"menu_order":0,"comment_status":"closed","ping_status":"open","template":"","meta":{"_acf_changed":false,"ngg_post_thumbnail":0,"footnotes":""},"tags":[],"class_list":["post-294","page","type-page","status-publish","hentry"],"acf":[],"_links":{"self":[{"href":"https:\/\/ekmanfamily.se\/ver3\/wp-json\/wp\/v2\/pages\/294","targetHints":{"allow":["GET"]}}],"collection":[{"href":"https:\/\/ekmanfamily.se\/ver3\/wp-json\/wp\/v2\/pages"}],"about":[{"href":"https:\/\/ekmanfamily.se\/ver3\/wp-json\/wp\/v2\/types\/page"}],"author":[{"embeddable":true,"href":"https:\/\/ekmanfamily.se\/ver3\/wp-json\/wp\/v2\/users\/3"}],"replies":[{"embeddable":true,"href":"https:\/\/ekmanfamily.se\/ver3\/wp-json\/wp\/v2\/comments?post=294"}],"version-history":[{"count":0,"href":"https:\/\/ekmanfamily.se\/ver3\/wp-json\/wp\/v2\/pages\/294\/revisions"}],"wp:attachment":[{"href":"https:\/\/ekmanfamily.se\/ver3\/wp-json\/wp\/v2\/media?parent=294"}],"wp:term":[{"taxonomy":"post_tag","embeddable":true,"href":"https:\/\/ekmanfamily.se\/ver3\/wp-json\/wp\/v2\/tags?post=294"}],"curies":[{"name":"wp","href":"https:\/\/api.w.org\/{rel}","templated":true}]}}