{"id":2489,"date":"2018-12-14T11:26:44","date_gmt":"2018-12-14T11:26:44","guid":{"rendered":"http:\/\/ekmanfamily.se\/ver3\/?page_id=2489"},"modified":"2018-12-14T12:00:06","modified_gmt":"2018-12-14T12:00:06","slug":"skandinaviska-kredit-ab","status":"publish","type":"page","link":"https:\/\/ekmanfamily.se\/ver3\/skandinaviska-kredit-ab\/","title":{"rendered":"Skandinaviska kredit AB"},"content":{"rendered":"<p>&nbsp;<\/p>\n<h2><\/h2>\n<p>Skandinaviska Banken\u00a0bildades som\u00a0<em>Skandinaviska Kreditaktiebolaget<\/em>\u00a0den 6 november 1863 i G\u00f6teborg med g\u00f6teborgaren\u00a0Oscar Ekman\u00a0som grundare. Fr\u00e5n 1938 var bankens namn Skandinaviska Banken. 1972 gick banken samman med\u00a0Stockholms Enskilda Bank\u00a0och bildade\u00a0Skandinaviska Enskilda Banken(SEB).<\/p>\n<p><a href=\"http:\/\/ekmanfamily.se\/ver3\/skandinaviska-kredit-ab\/skandinaviska-kredit-ab-2\/\" rel=\"attachment wp-att-2502\"><img loading=\"lazy\" decoding=\"async\" class=\"alignleft size-full wp-image-2502\" src=\"http:\/\/ekmanfamily.se\/ver3\/wp-content\/uploads\/2018\/12\/Skandinaviska-Kredit-AB.jpeg\" alt=\"\" width=\"263\" height=\"192\" \/><\/a><\/p>\n<h1>Skandinaviska Kredit AB &amp; Oscar Ekman<\/h1>\n<p>Under v\u00e5ren 1863 h\u00f6lls ett nordiskt nationalekonomiskt m\u00f6te i G\u00f6teborg. P\u00e5 det m\u00f6tet och i en mindre krets lade den danske finansmannen C.F. Tietgen fram en plan p\u00e5 ett skandinaviskt-internationellt finansinstitut med s\u00e4te i K\u00f6penhamn. Det skedde i liten grupp av deltagare, d\u00e4ribland Oscar Ekman,\u00a0Oscar Dickson, Olof\u00a0Wijk, C.Fr. Waern\u00a0och A.O. Wallenberg.<\/p>\n<p>Id\u00e9n var en bank som genom emissioner och kapitalimport skulle f\u00f6rmedla stora investeringar till n\u00e4ringslivet. M\u00e5ls\u00e4ttningen var att locka utl\u00e4ndska investerare.<\/p>\n<p>I verkligheten blev det hela n\u00e5got annat n\u00e4r banken grundades 1863.\u00a0Oscar Ekman\u00a0som blev den som drev projektet lyckades inte hitta n\u00e5gra internationella placerare utan banken fick ist\u00e4llet en i huvudsak svensk karakt\u00e4r, mycket tack vare A.O. Wallenberg.<\/p>\n<p>S\u00e4tet f\u00f6r banken blev dessutom G\u00f6teborg ist\u00e4llet f\u00f6r K\u00f6penhamn. Namnet blev Skandinaviska Kredit AB och var Sveriges f\u00f6rsta aktiebank.<\/p>\n<p>I den f\u00f6rsta styrelsen ingick Oscar\u00a0Ekman\u00a0(ordf.),\u00a0C.Fr. Waern, J.W. Wilson, Peter\u00a0Hammarberg,\u00a0Olof Wijk,\u00a0A.O. Wallenberg,\u00a0Gillis Bildt\u00a0(\u00f6verst\u00e5th\u00e5llare och\u00a0 senare regeringsmedlem, f\u00f6rfader till dagens utrikesminister Carl Bildt), Jules Stjernblad fr\u00e5n Sk\u00e5nes Enskilda Bank, Henrik Davidson (chef f\u00f6r bankens Stockholmskontor) samt\u00a0C.F. Tietgen\u00a0(avgick redan 1866).<\/p>\n<p>Till VD uts\u00e5gs den danskf\u00f6dde Theodor\u00a0Mannheimer. Banken fick sitt kontor i det s\u00e5 kallade\u00a0Chalmerska huset\u00a0p\u00e5 S\u00f6dra Hamngatan 11. Huset var ocks\u00e5 Oscar Ekmans bostad och huvudkontor f\u00f6r\u00a0D.Carnegie &amp; Co.<\/p>\n<p>Skandinaviska Kredit fick snabbt en ledande roll n\u00e4r det g\u00e4llde utl\u00e5ning till industrif\u00f6retag och emissionsverksamhet. Man l\u00e4mnade under 1860-talet betydande krediter till Rosendahl, M\u00f6lnlycke, Hellefors, Edsvalla och Bergvik och redan i b\u00f6rjan av 1870-talet var banken Sveriges viktigaste bank, \u00e4ven om Sk\u00e5nes Enskilda Bank var sifferm\u00e4ssigt st\u00f6rre.<\/p>\n<p>Skandinaviska Kredit var helt avg\u00f6rande f\u00f6r bildandet av ett av Sveriges tidiga storf\u00f6retag,\u00a0n\u00e4mligen\u00a0Trafik AB Gr\u00e4ngesberg-Oxel\u00f6sund (TGOJ). Bakgrunden var ett antal obligationsl\u00e5n till j\u00e4rnv\u00e4gsbolag vars r\u00e4ntor inte kunde betalas. Tillsammans med Ernest Cassel, representant f\u00f6r ett engelskt konsortium, The Swedish Association Ltd, som \u00e4gde majoriteten i de aktuella j\u00e4rnv\u00e4gsbolagen samt n\u00e5gra gruvbolag och bruk agerade\u00a0Theodor Mannheimer\u00a0och banken f\u00f6r att bilda TGOJ. Skandinaviska Kredit erh\u00f6ll 20% av aktierna. Dessa s\u00e5ldes senare av till enskilda intressenter.<\/p>\n<p>1896 drog sig Oscar Ekman tillbaks fr\u00e5n posten som ordf\u00f6rande och ersattes av Olof Wijk d.y., som efter sin d\u00f6d 1901 ersattes av Ivar Waern. Stockholmskontorets chef Henrik Davidson dog 1895 och p\u00e5 hans post intr\u00e4dde Karl Langenski\u00f6ld (ingift i familjen Ekman). 1901 blev denne dock chef f\u00f6r Riksbanken och ny chef i Stockholm blev d\u00e5 Jonas C:son Kjellberg. N\u00e4r Theodor Mannheimer dog \u00e5r 1900 ersattes han av A. Andr\u00e9en med Herman Mannheimer vid sin sida.<\/p>\n<p>Banken k\u00f6pte ocks\u00e5 upp andra banker, 1907 k\u00f6ptes\u00a0Industrikredit ABi Stockholm och 1910 fusionerade man med den lika stora\u00a0Sk\u00e5nes Enskilda Bank. Skandinaviska Kredit blev efter denna fusion utan konkurrens Sveriges st\u00f6rsta bank. Fr\u00e5n 1910 hade banken\u00a0tre huvudkontor, G\u00f6teborg med Herman Mannheimer som chef, Stockholm med Jonas C:son\u00a0Kjellbergoch Malm\u00f6 med EriMalmsten. Carl\u00a0Herslow\u00a0(tidigare ordf\u00f6rande i Sk\u00e5nes Enskilda Bank) blev ordf\u00f6rande och Ivar\u00a0Waern\u00a0vice ordf\u00f6rande. Fr\u00e5n 1911 blev L. \u00c5kerhielm ordf\u00f6rande och William\u00a0Gibsonsamt Carl A. Trolle vice ordf\u00f6rande.<\/p>\n<p>Banken blev huvudfinansi\u00e4r f\u00f6r flera storf\u00f6retag i G\u00f6teborgsregionen, exempelvis\u00a0familjerna Mark<\/p>\n<p>och Carlandersf\u00f6retag Claes Johansson &amp; Co, Gamlestadens Fabriker och SKF, flera av stadens rederier samt G\u00f6taverken. \u00c4ven vid Gr\u00e4ngesbergsbolagets \u00f6vertagande av AB Gellivare Malmf\u00e4lt och Luossavaara-Kirunavaara AB \u00e5r 1903 spelade banken en betydande roll.<\/p>\n<p>\u00d6vertagandet av andra banker fortsatte ocks\u00e5, 1917 \u00f6vertogs\u00a0Sveriges Privata Centralbank, som sj\u00e4lvt \u00f6vertagit\u00a0Nordiska Kreditbanken\u00a0samma \u00e5r, 1918 \u00f6vertogs\u00a0\u00d6rebro Enskilda Bank\u00a0(grundad 1837) och1919\u00a0Sk\u00e5nska Handelsbanken.<\/p>\n<p>Banken kom ocks\u00e5 att bli den st\u00f6rsta kreditgivaren till\u00a0Ivar Kreuger\u00a0och hans spekulativa uppbyggnad av en svensk industrigrupp med Svenska T\u00e4ndsticks AB (STAB) och Kreuger &amp; Toll i centrum.<\/p>\n<p>Andra storkunder var\u00a0Brostr\u00f6m, SKF, Uddeholm och Bofors via G\u00f6teborgskontoret och Sockerbolaget (arvtagare till Carnegie),\u00a0Kockums\u00a0och familjen\u00a0Wehtjes\u00a0Sk\u00e5nska Cement och Sk\u00e5nska Cementgjuteriet (de tv\u00e5 senare f\u00f6retagen skulle senare delvis hamna hos Stockholms Enskilda Bank).<\/p>\n<p>I storbolagen Gr\u00e4ngesberg, STAB och SKF \u00e4gde banken sj\u00e4lv stora aktieposter och man hade stora l\u00e5n till en rad bolag som krisade under 1920-talet. D\u00e4ribland det gena emissionsbolaget Centralgruppen Emissions AB (som bland annat \u00e4gde de malmr\u00e4ttigheter som skulle ge upphov till bolaget Boliden), Riddarhyttan, Bj\u00f6rkaasen i Nordnorge, separatorbolaget Baltic, \u00d6resundsvarvet i Landskrona,\u00a0Marma-L\u00e5ngr\u00f6r\u00a0(\u00e4gt av familjen Wijk), Claes Johansson &amp; Co, Malm\u00f6 Yllefabriks AB samt till spekulanterna Huldt och Knut Tillberg.<\/p>\n<p>Banken tvingades \u00f6verta \u00e4gandet av flera av dessa krisbolag under 1920-talet f\u00f6r att s\u00e4kra sina fordringar. Boliden s\u00e5ldes till Kreuger 1929, men vid\u00a0Kreugerkraschen\u00a01932 kom bolaget tillbaka i bankens \u00e4go. Genom att Skandinaviska Kredit varit Kreugers viktigste bankf\u00f6rbindelse drabbades banken h\u00e5rt av Kreugerkraschen, b\u00e5de ekonomiskt och p\u00e5 annat s\u00e4tt.<\/p>\n<p>Bankens renomm\u00e9, fr\u00e4mst i utlandet, f\u00f6rs\u00e4mrades p\u00e5 ett avg\u00f6rande s\u00e4tt. \u00c4ven bankens Stockholmschef\u00a0Oscar Rydbeck\u00a0drogs med i Kreugers fall, f\u00f6rlorade jobbet och blev f\u00f6rklarad i personlig konkurs. Kreugers imperium var precis som s\u00e5 m\u00e5nga andra spekulanters, d\u00e5 som nu, byggt p\u00e5 l\u00f6s sand. Fiktiva v\u00e4rden spelade en stor roll och n\u00e4r kraschen kom f\u00f6rsvann det mesta som ur en tom ballong.<\/p>\n<p>&nbsp;<\/p>\n","protected":false},"excerpt":{"rendered":"<p>&nbsp; Skandinaviska Banken\u00a0bildades som\u00a0Skandinaviska Kreditaktiebolaget\u00a0den 6 november 1863 i G\u00f6teborg med g\u00f6teborgaren\u00a0Oscar Ekman\u00a0som grundare. Fr\u00e5n 1938 var bankens namn Skandinaviska Banken. 1972 gick banken samman med\u00a0Stockholms Enskilda Bank\u00a0och bildade\u00a0Skandinaviska Enskilda Banken(SEB). Skandinaviska Kredit AB &amp; Oscar Ekman Under v\u00e5ren 1863 h\u00f6lls ett nordiskt nationalekonomiskt m\u00f6te i G\u00f6teborg. P\u00e5 det m\u00f6tet och i en mindre krets [&hellip;]<\/p>\n","protected":false},"author":3,"featured_media":0,"parent":0,"menu_order":0,"comment_status":"closed","ping_status":"closed","template":"","meta":{"_acf_changed":false,"ngg_post_thumbnail":0,"footnotes":""},"tags":[],"class_list":["post-2489","page","type-page","status-publish","hentry"],"acf":[],"_links":{"self":[{"href":"https:\/\/ekmanfamily.se\/ver3\/wp-json\/wp\/v2\/pages\/2489","targetHints":{"allow":["GET"]}}],"collection":[{"href":"https:\/\/ekmanfamily.se\/ver3\/wp-json\/wp\/v2\/pages"}],"about":[{"href":"https:\/\/ekmanfamily.se\/ver3\/wp-json\/wp\/v2\/types\/page"}],"author":[{"embeddable":true,"href":"https:\/\/ekmanfamily.se\/ver3\/wp-json\/wp\/v2\/users\/3"}],"replies":[{"embeddable":true,"href":"https:\/\/ekmanfamily.se\/ver3\/wp-json\/wp\/v2\/comments?post=2489"}],"version-history":[{"count":0,"href":"https:\/\/ekmanfamily.se\/ver3\/wp-json\/wp\/v2\/pages\/2489\/revisions"}],"wp:attachment":[{"href":"https:\/\/ekmanfamily.se\/ver3\/wp-json\/wp\/v2\/media?parent=2489"}],"wp:term":[{"taxonomy":"post_tag","embeddable":true,"href":"https:\/\/ekmanfamily.se\/ver3\/wp-json\/wp\/v2\/tags?post=2489"}],"curies":[{"name":"wp","href":"https:\/\/api.w.org\/{rel}","templated":true}]}}