{"id":2470,"date":"2018-12-03T11:40:02","date_gmt":"2018-12-03T11:40:02","guid":{"rendered":"http:\/\/ekmanfamily.se\/ver3\/?page_id=2470"},"modified":"2018-12-17T15:26:15","modified_gmt":"2018-12-17T15:26:15","slug":"ostanaskogar","status":"publish","type":"page","link":"https:\/\/ekmanfamily.se\/ver3\/ostanaskogar\/","title":{"rendered":"\u00d6stan\u00e5 skogar"},"content":{"rendered":"<p>&nbsp;<\/p>\n<p><a href=\"http:\/\/ekmanfamily.se\/ver3\/ostanaskogar\/attachment\/1\/\" rel=\"attachment wp-att-2476\"><img loading=\"lazy\" decoding=\"async\" class=\"alignleft size-medium wp-image-2476\" src=\"http:\/\/ekmanfamily.se\/ver3\/wp-content\/uploads\/2018\/12\/1-300x200.jpg\" alt=\"\" width=\"300\" height=\"200\" srcset=\"https:\/\/ekmanfamily.se\/ver3\/wp-content\/uploads\/2018\/12\/1-300x200.jpg 300w, https:\/\/ekmanfamily.se\/ver3\/wp-content\/uploads\/2018\/12\/1-768x512.jpg 768w, https:\/\/ekmanfamily.se\/ver3\/wp-content\/uploads\/2018\/12\/1.jpg 1024w, https:\/\/ekmanfamily.se\/ver3\/wp-content\/uploads\/2018\/12\/1-450x300.jpg 450w\" sizes=\"auto, (max-width: 300px) 100vw, 300px\" \/><\/a><\/p>\n<h1>\u00d6stan\u00e5 bruk och skogar<\/h1>\n<p>\u00d6stan\u00e5s tidiga historia vet man lite om, d\u00e4remot finns det ruinrester till 17 st vattenhjul. Man vet att det i slutet av 1700-talet fanns en pappersm\u00f6lla vid \u00d6stan\u00e5 och att den drevs av ett vattenhjul. 1855 k\u00f6per herr Litorin pappersm\u00f6llan fr\u00e5n O. Olc\u00e9n. En snabb modernisering skedde och Litorins tryckeri i Kristianstad fick tillg\u00e5ng till en st\u00f6rre volym papper som de s\u00e5 v\u00e4l beh\u00f6vde. 1872 p\u00e5 \u00e4ldre dagar s\u00e5lde Litorin pappersbruket till en dansk Moritz Hageman.<\/p>\n<p>Den 1 mars 1904 anst\u00e4lldes ingenj\u00f6ren Olof Naucl\u00e9r till pappersm\u00e4stare och samtidigt anst\u00e4lldes \u00e4ven Waldemar Gerdts.<\/p>\n<p>Efter konsul Bertil Sederholms d\u00f6d 1919 valdes disponent Wilhelm Ekman (p\u00e5 Korsn\u00e4s i G\u00e4vle) till medlem i styrelsen. Wilhelm Ekman som n\u00e5got \u00e5r tidigare blivit huvuddel\u00e4gare i bolaget var gift med Waldemar Gerdts syster Martha Ekman.<\/p>\n<p>Senare byggs ett helt nytt bruk, men blir efter tid omodernt och s\u00e4ljs av Wilhelm Ekman 1942 till Ruben Rausing. Bruket lades senare ned och inhyser idag hotell och utst\u00e4llningslokaler som \u00e4r v\u00e4l v\u00e4rda ett bes\u00f6k.<\/p>\n<p>Johan Ekman son till direkt\u00f6ren f\u00f6r Korsn\u00e4s AB, Wilhelm Ekman, kom till \u00d6stan\u00e5 efter examen p\u00e5 Handelsh\u00f6gskolan 1933 i Stockholm och blev bolagets VD fr\u00e5n 1936 till sin d\u00f6d 1965. Han eftertr\u00e4dde Waldemar Gerdts. Under denna tid omlades brukets struktur fr\u00e5n papperstillverkning till kraftproduktion och ren skogsf\u00f6rvaltning.<\/p>\n<p>\u00d6stan\u00e5 ligger vid brusande Helge\u00e5n. S\u00e5 till vida ett m\u00e4rkligt vatten att den bildar s\u00e5 m\u00e5nga forsar och vattenfall p\u00e5 sin v\u00e4g till havet vilket g\u00f6r den till ett l\u00e4mpligt st\u00e4lle f\u00f6r kraftstationer. H\u00e4r fanns bl a Denningarums kraftstation och \u00d6stan\u00e5 kraftstation.<\/p>\n<p>Kraftstationerna avyttrades efterhand och skogarna s\u00e5ldes till Johan Ekmans son Peter Ekman 1970. Verksamheten har vidareutvecklats till ett modernt skogsbruk och skogsarialen har ut\u00f6kats till 1500 hektar. Fastigheten \u00e4gs fr\u00e5n 2018 av Peter Ekmans s\u00f6ner.<\/p>\n<p><a href=\"http:\/\/ekmanfamily.se\/ver3\/ostanaskogar\/attachment\/6\/\" rel=\"attachment wp-att-2474\"><img loading=\"lazy\" decoding=\"async\" class=\"alignleft size-large wp-image-2474\" src=\"http:\/\/ekmanfamily.se\/ver3\/wp-content\/uploads\/2018\/12\/6-1024x658.jpg\" alt=\"\" width=\"584\" height=\"375\" srcset=\"https:\/\/ekmanfamily.se\/ver3\/wp-content\/uploads\/2018\/12\/6.jpg 1024w, https:\/\/ekmanfamily.se\/ver3\/wp-content\/uploads\/2018\/12\/6-300x193.jpg 300w, https:\/\/ekmanfamily.se\/ver3\/wp-content\/uploads\/2018\/12\/6-768x494.jpg 768w, https:\/\/ekmanfamily.se\/ver3\/wp-content\/uploads\/2018\/12\/6-467x300.jpg 467w\" sizes=\"auto, (max-width: 584px) 100vw, 584px\" \/><\/a><a href=\"http:\/\/ekmanfamily.se\/ver3\/ostanaskogar\/attachment\/4\/\" rel=\"attachment wp-att-2479\"><br \/>\n<img loading=\"lazy\" decoding=\"async\" class=\"alignleft size-large wp-image-2479\" src=\"http:\/\/ekmanfamily.se\/ver3\/wp-content\/uploads\/2018\/12\/4-1024x682.jpg\" alt=\"\" width=\"584\" height=\"389\" srcset=\"https:\/\/ekmanfamily.se\/ver3\/wp-content\/uploads\/2018\/12\/4.jpg 1024w, https:\/\/ekmanfamily.se\/ver3\/wp-content\/uploads\/2018\/12\/4-300x200.jpg 300w, https:\/\/ekmanfamily.se\/ver3\/wp-content\/uploads\/2018\/12\/4-768x512.jpg 768w, https:\/\/ekmanfamily.se\/ver3\/wp-content\/uploads\/2018\/12\/4-450x300.jpg 450w\" sizes=\"auto, (max-width: 584px) 100vw, 584px\" \/><\/a><br \/>\n<a href=\"http:\/\/ekmanfamily.se\/ver3\/ostanaskogar\/attachment\/3\/\" rel=\"attachment wp-att-2478\"><img loading=\"lazy\" decoding=\"async\" class=\"alignleft size-large wp-image-2478\" src=\"http:\/\/ekmanfamily.se\/ver3\/wp-content\/uploads\/2018\/12\/3-1024x683.jpg\" alt=\"\" width=\"584\" height=\"390\" srcset=\"https:\/\/ekmanfamily.se\/ver3\/wp-content\/uploads\/2018\/12\/3.jpg 1024w, https:\/\/ekmanfamily.se\/ver3\/wp-content\/uploads\/2018\/12\/3-300x200.jpg 300w, https:\/\/ekmanfamily.se\/ver3\/wp-content\/uploads\/2018\/12\/3-768x512.jpg 768w, https:\/\/ekmanfamily.se\/ver3\/wp-content\/uploads\/2018\/12\/3-450x300.jpg 450w\" sizes=\"auto, (max-width: 584px) 100vw, 584px\" \/><\/a><a href=\"http:\/\/ekmanfamily.se\/ver3\/ostanaskogar\/attachment\/2\/\" rel=\"attachment wp-att-2477\"><img loading=\"lazy\" decoding=\"async\" class=\"alignleft size-large wp-image-2477\" src=\"http:\/\/ekmanfamily.se\/ver3\/wp-content\/uploads\/2018\/12\/2-1024x683.jpg\" alt=\"\" width=\"584\" height=\"390\" srcset=\"https:\/\/ekmanfamily.se\/ver3\/wp-content\/uploads\/2018\/12\/2.jpg 1024w, https:\/\/ekmanfamily.se\/ver3\/wp-content\/uploads\/2018\/12\/2-300x200.jpg 300w, https:\/\/ekmanfamily.se\/ver3\/wp-content\/uploads\/2018\/12\/2-768x512.jpg 768w, https:\/\/ekmanfamily.se\/ver3\/wp-content\/uploads\/2018\/12\/2-450x300.jpg 450w\" sizes=\"auto, (max-width: 584px) 100vw, 584px\" \/><\/a><\/p>\n","protected":false},"excerpt":{"rendered":"<p>&nbsp; \u00d6stan\u00e5 bruk och skogar \u00d6stan\u00e5s tidiga historia vet man lite om, d\u00e4remot finns det ruinrester till 17 st vattenhjul. Man vet att det i slutet av 1700-talet fanns en pappersm\u00f6lla vid \u00d6stan\u00e5 och att den drevs av ett vattenhjul. 1855 k\u00f6per herr Litorin pappersm\u00f6llan fr\u00e5n O. Olc\u00e9n. En snabb modernisering skedde och Litorins tryckeri [&hellip;]<\/p>\n","protected":false},"author":3,"featured_media":0,"parent":0,"menu_order":0,"comment_status":"closed","ping_status":"closed","template":"","meta":{"_acf_changed":false,"ngg_post_thumbnail":0,"footnotes":""},"tags":[],"class_list":["post-2470","page","type-page","status-publish","hentry"],"acf":[],"_links":{"self":[{"href":"https:\/\/ekmanfamily.se\/ver3\/wp-json\/wp\/v2\/pages\/2470","targetHints":{"allow":["GET"]}}],"collection":[{"href":"https:\/\/ekmanfamily.se\/ver3\/wp-json\/wp\/v2\/pages"}],"about":[{"href":"https:\/\/ekmanfamily.se\/ver3\/wp-json\/wp\/v2\/types\/page"}],"author":[{"embeddable":true,"href":"https:\/\/ekmanfamily.se\/ver3\/wp-json\/wp\/v2\/users\/3"}],"replies":[{"embeddable":true,"href":"https:\/\/ekmanfamily.se\/ver3\/wp-json\/wp\/v2\/comments?post=2470"}],"version-history":[{"count":0,"href":"https:\/\/ekmanfamily.se\/ver3\/wp-json\/wp\/v2\/pages\/2470\/revisions"}],"wp:attachment":[{"href":"https:\/\/ekmanfamily.se\/ver3\/wp-json\/wp\/v2\/media?parent=2470"}],"wp:term":[{"taxonomy":"post_tag","embeddable":true,"href":"https:\/\/ekmanfamily.se\/ver3\/wp-json\/wp\/v2\/tags?post=2470"}],"curies":[{"name":"wp","href":"https:\/\/api.w.org\/{rel}","templated":true}]}}