{"id":2462,"date":"2018-12-02T16:22:42","date_gmt":"2018-12-02T16:22:42","guid":{"rendered":"http:\/\/ekmanfamily.se\/ver3\/?page_id=2462"},"modified":"2018-12-15T07:40:14","modified_gmt":"2018-12-15T07:40:14","slug":"storforsverken","status":"publish","type":"page","link":"https:\/\/ekmanfamily.se\/ver3\/storforsverken\/","title":{"rendered":"Storforsverken"},"content":{"rendered":"<p>&nbsp;<\/p>\n<h1>Storfors bruk &amp; Gustaf Ekman (C:3:2)<\/h1>\n<p><a href=\"http:\/\/ekmanfamily.se\/ver3\/storforsverken\/storforsverkens-historia\/\" rel=\"attachment wp-att-2503\"><img loading=\"lazy\" decoding=\"async\" class=\"alignleft size-medium wp-image-2503\" src=\"http:\/\/ekmanfamily.se\/ver3\/wp-content\/uploads\/2018\/12\/Storforsverkens-historia-300x276.jpeg\" alt=\"\" width=\"300\" height=\"276\" srcset=\"https:\/\/ekmanfamily.se\/ver3\/wp-content\/uploads\/2018\/12\/Storforsverkens-historia-300x276.jpeg 300w, https:\/\/ekmanfamily.se\/ver3\/wp-content\/uploads\/2018\/12\/Storforsverkens-historia-768x707.jpeg 768w, https:\/\/ekmanfamily.se\/ver3\/wp-content\/uploads\/2018\/12\/Storforsverkens-historia-1024x943.jpeg 1024w, https:\/\/ekmanfamily.se\/ver3\/wp-content\/uploads\/2018\/12\/Storforsverkens-historia-326x300.jpeg 326w\" sizes=\"auto, (max-width: 300px) 100vw, 300px\" \/><\/a>N\u00e5got exakt \u00e5rtal f\u00f6r grundl\u00e4ggandet av Storfors bruk finns inte. Det \u00e4r k\u00e4nt att hertig I Carl 1587-1588 f\u00f6rv\u00e4rvade fr\u00e4lseg\u00e5rden Fors j\u00e4mte andra egendomar i V\u00e4rmland och d\u00e4refter anlade en hammarsmedja vid Fors (eller Storfors). \u00c5r 1589 var hammarsmidet i g\u00e5ng i ganska liten skala. Tackj\u00e4rnet forslades via \u00d6stersj\u00f6n och M\u00f6gsj\u00f6n fr\u00e5n Nykroppa till Storfors. Smidet bestod av manufaktursmide av verktyg f\u00f6r gruvor, hyttor och g\u00e5rdar. Vid b\u00f6rjan av 1600-talet fanns vid Storfors tv\u00e5 hammarsmedjor med fyra h\u00e4rdar, en klensmedja samt en dragsmedja med tv\u00e5 h\u00e4rdar. Fors bruk (Storfors) j\u00e4mte Lillfors och H\u00e4tt\u00e4lvs hammare (anlagda 1606 resp 1600) samt Nykroppa masugn kallas under 1600-talet fram till omkr 1720 Kroppa kronobruk. Fors bruk kn\u00f6ts samman med Kroppa kronobruk redan vid anl\u00e4ggandet.<\/p>\n<p>Gustaf Ekman har gett ut \u201dUr Storforsverkens historia 1921\u201d<br \/>\noch Gustaf Ekman (C) svenska j\u00e4rnhateringens nydanare<\/p>\n<p>Gustaf Ekman f 21 december 1872, d 7 november 1959 i Stockholm, han var en svensk industri och bankman. Och bror till Wilhelm Ekman(C:3:4) 1875 \u2013 1946 Korsn\u00e4s.<\/p>\n<p>Efter ingenj\u00f6rsutbildning tj\u00e4nstgjorde Ekman vid ett flertal mellansvenska j\u00e4rnbruk och var 1907 \u2013 1911 direkt\u00f6r f\u00f6r Lesj\u00f6fors AB. Gustaf Ekman var mellan 1911 \u2013 1919 chef f\u00f6r Storfors bruk.<\/p>\n<p>N\u00e4r bolaget uppl\u00f6stes 1918 och ingick i Uddeholm AB kvarstod Ekman n\u00e5gra \u00e5r f\u00f6r att sk\u00f6ta bruket \u00e5t Uddeholm, och gjorde n\u00e4rmast efter f\u00f6rsta v\u00e4rldskriget stora anstr\u00e4ngningar f\u00f6r att rekonstruera Kv\u00e4vebolaget.<\/p>\n<p>Fr\u00e5n 1922 \u2013 1935 var han direkt\u00f6r f\u00f6r AB G\u00f6teborgs Bank. Han tillh\u00f6rde styrelsen f\u00f6r ett stort antal svenska bolag, bl a Uddeholm AB. Han var \u00e4ven styrelsens ordf\u00f6rande f\u00f6r Finsp\u00e5ngs metallverk AB, ordf\u00f6rande f\u00f6r Morg\u00e5rdshammars mekaniska verkstads AB, samt H\u00e5freatr\u00f6ms AB<\/p>\n<p>K\u00e4lla: Wikipedia, Storforsverkens historia, Morg\u00e5rdshammar 1856 &#8211; 1956<\/p>\n","protected":false},"excerpt":{"rendered":"<p>&nbsp; Storfors bruk &amp; Gustaf Ekman (C:3:2) N\u00e5got exakt \u00e5rtal f\u00f6r grundl\u00e4ggandet av Storfors bruk finns inte. Det \u00e4r k\u00e4nt att hertig I Carl 1587-1588 f\u00f6rv\u00e4rvade fr\u00e4lseg\u00e5rden Fors j\u00e4mte andra egendomar i V\u00e4rmland och d\u00e4refter anlade en hammarsmedja vid Fors (eller Storfors). \u00c5r 1589 var hammarsmidet i g\u00e5ng i ganska liten skala. Tackj\u00e4rnet forslades via [&hellip;]<\/p>\n","protected":false},"author":3,"featured_media":0,"parent":0,"menu_order":0,"comment_status":"closed","ping_status":"closed","template":"","meta":{"_acf_changed":false,"ngg_post_thumbnail":0,"footnotes":""},"tags":[],"class_list":["post-2462","page","type-page","status-publish","hentry"],"acf":[],"_links":{"self":[{"href":"https:\/\/ekmanfamily.se\/ver3\/wp-json\/wp\/v2\/pages\/2462","targetHints":{"allow":["GET"]}}],"collection":[{"href":"https:\/\/ekmanfamily.se\/ver3\/wp-json\/wp\/v2\/pages"}],"about":[{"href":"https:\/\/ekmanfamily.se\/ver3\/wp-json\/wp\/v2\/types\/page"}],"author":[{"embeddable":true,"href":"https:\/\/ekmanfamily.se\/ver3\/wp-json\/wp\/v2\/users\/3"}],"replies":[{"embeddable":true,"href":"https:\/\/ekmanfamily.se\/ver3\/wp-json\/wp\/v2\/comments?post=2462"}],"version-history":[{"count":0,"href":"https:\/\/ekmanfamily.se\/ver3\/wp-json\/wp\/v2\/pages\/2462\/revisions"}],"wp:attachment":[{"href":"https:\/\/ekmanfamily.se\/ver3\/wp-json\/wp\/v2\/media?parent=2462"}],"wp:term":[{"taxonomy":"post_tag","embeddable":true,"href":"https:\/\/ekmanfamily.se\/ver3\/wp-json\/wp\/v2\/tags?post=2462"}],"curies":[{"name":"wp","href":"https:\/\/api.w.org\/{rel}","templated":true}]}}