{"id":2458,"date":"2018-12-02T16:15:53","date_gmt":"2018-12-02T16:15:53","guid":{"rendered":"http:\/\/ekmanfamily.se\/ver3\/?page_id=2458"},"modified":"2018-12-14T08:25:53","modified_gmt":"2018-12-14T08:25:53","slug":"bjarka-saby","status":"publish","type":"page","link":"https:\/\/ekmanfamily.se\/ver3\/bjarka-saby\/","title":{"rendered":"Bj\u00e4rka-S\u00e4by"},"content":{"rendered":"<p>&nbsp;<\/p>\n<p><a href=\"http:\/\/ekmanfamily.se\/ver3\/1997-soderkoping-bjarka-saby\/img_3438\/\" rel=\"attachment wp-att-1916\"><img loading=\"lazy\" decoding=\"async\" class=\"aligncenter size-medium wp-image-1916\" src=\"http:\/\/ekmanfamily.se\/ver3\/wp-content\/uploads\/2013\/08\/IMG_3438-300x200.jpg\" alt=\"\" width=\"300\" height=\"200\" srcset=\"https:\/\/ekmanfamily.se\/ver3\/wp-content\/uploads\/2013\/08\/IMG_3438-300x200.jpg 300w, https:\/\/ekmanfamily.se\/ver3\/wp-content\/uploads\/2013\/08\/IMG_3438-768x512.jpg 768w, https:\/\/ekmanfamily.se\/ver3\/wp-content\/uploads\/2013\/08\/IMG_3438-1024x683.jpg 1024w, https:\/\/ekmanfamily.se\/ver3\/wp-content\/uploads\/2013\/08\/IMG_3438-450x300.jpg 450w\" sizes=\"auto, (max-width: 300px) 100vw, 300px\" \/><\/a><\/p>\n<h1>Oscar Ekmans Bj\u00e4rka-S\u00e4by,<\/h1>\n<p>Konsul Oscar Ekman (G\u00f6teborg) \u00e4gare till Carnegie bolagen efter David Carnegie. Ink\u00f6pte 1875 en stor egendom i \u00d6sterg\u00f6tland som hette S\u00c4BY och som han l\u00e4t kalla BJ\u00c4RKA-S\u00c4BY och d\u00e4r han hade en intendent som sk\u00f6tte jordbruket p\u00e5 ett m\u00e4sterligt s\u00e4tt.<\/p>\n<p>Bj\u00e4rka-S\u00e4by gick i arv till Oscar Ekmans son, som ocks\u00e5 hette Oscar, och som var religi\u00f6st intresserad och bl a satsade en hel del pengar i Sigtunastiftelsen. Denne Oscar hade i sin tur flera barn \u2013 pojkar \u2013 som bl a har bott i \u00d6sterg\u00f6tland och som fortsatte att driva Bj\u00e4rka-S\u00e4by.\u00a0Idag drivs g\u00e5rd\u00a0 av \u00a0barnbarns barnet Oscar Ekman.<\/p>\n<p>1980 \u00f6verl\u00e4t familjen Ekman det stora och kostsamma nya slottet till Sionf\u00f6rsamlingen i Link\u00f6ping (svenska pingstr\u00f6relsen) f\u00f6r 1 kr.<\/p>\n<p>\u201dBj\u00e4rka-S\u00e4by nya slott ska f\u00f6rbli ett religi\u00f6st och kulturellt centrum med ekumenisk profil\u201d st\u00e5r det i g\u00e5vobrevet.<\/p>\n<p>Ekmanska sl\u00e4ktf\u00f6reningens stora portr\u00e4ttsamling h\u00e4nger p\u00e5 nya slottets galleriv\u00e4ggar, och \u00e4r \u00f6ppet f\u00f6r bes\u00f6k.<\/p>\n<p>Oscar Ekman bodde \u00e4ven p\u00e5 sitt \u00e4lskade Stora Torp (G\u00f6teborg) som han k\u00f6pte in samma \u00e5r som S\u00e4by.<\/p>\n<p>Oscar Ekman grundaren av Skandinaviska Kreditaktiebolaget (Skandinaviska Banken) S\u00f6dra Hamngatan 11, G\u00f6teborg, han\u00a0hade \u00e4ven sin bostad i bankhuset.<\/p>\n<p>Oscar Ekman, riksdagsman \u00e4gde \u00e4ven Palmeska huset p\u00e5 Kungstr\u00e4dg\u00e5rdsgatan i Stockholm (Handelsbankens huvudkontor)<br \/>\nD\u00e4r han bodde vid sina m\u00e5nga Stockholmsbes\u00f6k<\/p>\n<p>&nbsp;<\/p>\n","protected":false},"excerpt":{"rendered":"<p>&nbsp; Oscar Ekmans Bj\u00e4rka-S\u00e4by, Konsul Oscar Ekman (G\u00f6teborg) \u00e4gare till Carnegie bolagen efter David Carnegie. Ink\u00f6pte 1875 en stor egendom i \u00d6sterg\u00f6tland som hette S\u00c4BY och som han l\u00e4t kalla BJ\u00c4RKA-S\u00c4BY och d\u00e4r han hade en intendent som sk\u00f6tte jordbruket p\u00e5 ett m\u00e4sterligt s\u00e4tt. Bj\u00e4rka-S\u00e4by gick i arv till Oscar Ekmans son, som ocks\u00e5 hette [&hellip;]<\/p>\n","protected":false},"author":3,"featured_media":0,"parent":0,"menu_order":0,"comment_status":"closed","ping_status":"closed","template":"","meta":{"_acf_changed":false,"ngg_post_thumbnail":0,"footnotes":""},"tags":[],"class_list":["post-2458","page","type-page","status-publish","hentry"],"acf":[],"_links":{"self":[{"href":"https:\/\/ekmanfamily.se\/ver3\/wp-json\/wp\/v2\/pages\/2458","targetHints":{"allow":["GET"]}}],"collection":[{"href":"https:\/\/ekmanfamily.se\/ver3\/wp-json\/wp\/v2\/pages"}],"about":[{"href":"https:\/\/ekmanfamily.se\/ver3\/wp-json\/wp\/v2\/types\/page"}],"author":[{"embeddable":true,"href":"https:\/\/ekmanfamily.se\/ver3\/wp-json\/wp\/v2\/users\/3"}],"replies":[{"embeddable":true,"href":"https:\/\/ekmanfamily.se\/ver3\/wp-json\/wp\/v2\/comments?post=2458"}],"version-history":[{"count":0,"href":"https:\/\/ekmanfamily.se\/ver3\/wp-json\/wp\/v2\/pages\/2458\/revisions"}],"wp:attachment":[{"href":"https:\/\/ekmanfamily.se\/ver3\/wp-json\/wp\/v2\/media?parent=2458"}],"wp:term":[{"taxonomy":"post_tag","embeddable":true,"href":"https:\/\/ekmanfamily.se\/ver3\/wp-json\/wp\/v2\/tags?post=2458"}],"curies":[{"name":"wp","href":"https:\/\/api.w.org\/{rel}","templated":true}]}}