{"id":2027,"date":"2018-06-03T18:18:54","date_gmt":"2018-06-03T18:18:54","guid":{"rendered":"http:\/\/ekmanfamily.se\/ver3\/?page_id=2027"},"modified":"2025-07-16T15:56:05","modified_gmt":"2025-07-16T15:56:05","slug":"bokslut-15-17","status":"publish","type":"page","link":"https:\/\/ekmanfamily.se\/ver3\/bokslut-15-17\/","title":{"rendered":"Bokslut 15-17"},"content":{"rendered":"<p><a href=\"styrelsen\/\">Styrelsen<\/a> | <a href=\"stadgar\/\">Stadgar<\/a> | <a href=\"dagordning\/\">Dagordning<\/a> | <a href=\"bokslut\/\">Bokslut<\/a> | <a href=\"revisionsberattelse\/\">Revisionsber\u00e4ttelse<\/a> | <a href=\"protokoll\/\">Protokoll<\/a> | <a href=\"medlemskap\/\">Medlemskap<\/a><br \/>\n<a class=\"green_link\" href=\"http:\/\/ekmanfamily.se\/ver3\/bokslut-08-11\/\">Bokslut 08-11<\/a><br \/>\n<a class=\"green_link\" href=\"http:\/\/ekmanfamily.se\/ver3\/bokslut\/\">Bokslut 12-14<\/a><br \/>\n<a class=\"green_link\" href=\"http:\/\/ekmanfamily.se\/ver3\/bokslut-15-17\/\">Bokslut 15-17<\/a><br \/>\n<a class=\"green_link\" href=\"http:\/\/ekmanfamily.se\/ver3\/bokslut-18-21\/\">Bokslut 18-20<\/a><br \/>\n<a class=\"green_link\" href=\"http:\/\/ekmanfamily.se\/ver3\/bokslut-22-24\/\">Bokslut 22-24<\/a><\/p>\n<h1>Bokslut 2015-2017<\/h1>\n<table style=\"width: 100%;\">\n<tbody>\n<tr>\n<td><\/td>\n<td><\/td>\n<td><\/td>\n<td><\/td>\n<td><\/td>\n<\/tr>\n<tr>\n<td><strong>INKOMSTER<\/strong><\/td>\n<td><\/td>\n<td align=\"right\">\u00a0\u00a02015<\/td>\n<td align=\"right\">\u00a0\u00a02016<\/td>\n<td align=\"right\">\u00a02017<\/td>\n<\/tr>\n<tr>\n<td><\/td>\n<td><\/td>\n<td><\/td>\n<td><\/td>\n<td><\/td>\n<\/tr>\n<tr>\n<td>UTDELNING P\u00c5 AKTIER<\/td>\n<td><\/td>\n<td align=\"right\">160 765,00<\/td>\n<td align=\"right\">168 631,00<\/td>\n<td align=\"right\">164 070,00<\/td>\n<\/tr>\n<tr>\n<td><\/td>\n<td><\/td>\n<td><\/td>\n<td><\/td>\n<td><\/td>\n<\/tr>\n<tr>\n<td>VINST AVYTTRING V\u00c4RDEPAPPER<\/td>\n<td><\/td>\n<td align=\"right\">98 878,00<\/td>\n<td align=\"right\">15,00<\/td>\n<td align=\"right\">15,00<\/td>\n<\/tr>\n<tr>\n<td><\/td>\n<td><\/td>\n<td><\/td>\n<td><\/td>\n<td><\/td>\n<\/tr>\n<tr>\n<td>DIV. INT\u00c4KTER<\/td>\n<td><\/td>\n<td align=\"right\">\u00a0 \u00a0 \u00a0 \u00a0 \u00a00,00<\/td>\n<td align=\"right\">\u00a0 \u00a0 \u00a0 \u00a0 \u00a00,00<\/td>\n<td align=\"right\">\u00a0 \u00a0 \u00a0 \u00a0 \u00a00,00<\/td>\n<\/tr>\n<tr>\n<td><\/td>\n<td><\/td>\n<td><\/td>\n<td><\/td>\n<td><\/td>\n<\/tr>\n<tr>\n<td>R\u00c4NTOR<\/td>\n<td><\/td>\n<td align=\"right\">\u00a0 \u00a0120,00<\/td>\n<td align=\"right\">\u00a0 \u00a0 \u00a00,00<\/td>\n<td align=\"right\">\u00a0 \u00a0 \u00a00,00<\/td>\n<\/tr>\n<tr>\n<td><\/td>\n<td><\/td>\n<td><\/td>\n<td><\/td>\n<td><\/td>\n<\/tr>\n<tr>\n<td><strong>TOTALT<\/strong><\/td>\n<td><\/td>\n<td align=\"right\"><strong>259 763,00<\/strong><\/td>\n<td align=\"right\"><strong>168 646,00<\/strong><\/td>\n<td align=\"right\"><strong>164 085,00<\/strong><\/td>\n<\/tr>\n<tr>\n<td><\/td>\n<td><\/td>\n<td><\/td>\n<td><\/td>\n<td><\/td>\n<\/tr>\n<tr>\n<td><\/td>\n<td><\/td>\n<td><\/td>\n<td><\/td>\n<td><\/td>\n<\/tr>\n<tr>\n<td><strong>UTGIFTER<\/strong><\/td>\n<td><\/td>\n<td><\/td>\n<td><\/td>\n<td><\/td>\n<\/tr>\n<tr>\n<td><\/td>\n<td><\/td>\n<td><\/td>\n<td><\/td>\n<td><\/td>\n<\/tr>\n<tr>\n<td>F\u00d6RLUST AVYTTRING V\u00c4RDEPAPPER<\/td>\n<td><\/td>\n<td align=\"right\">\u00a0 \u00a0 \u00a0 \u00a0 \u00a00,00<\/td>\n<td align=\"right\">\u00a0 \u00a0 0,00<\/td>\n<td align=\"right\">\u00a0 \u00a0 \u00a0 \u00a0 0,00<\/td>\n<\/tr>\n<tr>\n<td><\/td>\n<td><\/td>\n<td><\/td>\n<td><\/td>\n<td><\/td>\n<\/tr>\n<tr>\n<td>DIV. OMKOSTNADER<\/td>\n<td><\/td>\n<td align=\"right\">205 991,00<\/td>\n<td align=\"right\">21 589,00<\/td>\n<td align=\"right\">7 544,00<\/td>\n<\/tr>\n<tr>\n<td><\/td>\n<td><\/td>\n<td><\/td>\n<td><\/td>\n<td><\/td>\n<\/tr>\n<tr>\n<td>SKATT<\/td>\n<td><\/td>\n<td align=\"right\">\u00a0 56 845,00<\/td>\n<td align=\"right\">\u00a0 36 825,00<\/td>\n<td align=\"right\">\u00a035 534,00<\/td>\n<\/tr>\n<tr>\n<td><\/td>\n<td><\/td>\n<td><\/td>\n<td><\/td>\n<td><\/td>\n<\/tr>\n<tr>\n<td><strong>TOTALT<\/strong><\/td>\n<td><\/td>\n<td align=\"right\"><strong>262 836,00<\/strong><\/td>\n<td align=\"right\"><strong>\u00a058 414,00<\/strong><\/td>\n<td align=\"right\"><strong>\u00a043 078,00<\/strong><\/td>\n<\/tr>\n<tr>\n<td><\/td>\n<td><\/td>\n<td><\/td>\n<td><\/td>\n<td><\/td>\n<\/tr>\n<tr>\n<td>\u00c5RETS VINST (F\u00d6RLUST -) EFTER SKATT<\/td>\n<td><\/td>\n<td align=\"right\">-3 073,00<\/td>\n<td align=\"right\">110 232,00<\/td>\n<td align=\"right\">121 007,00<\/td>\n<\/tr>\n<tr>\n<td><\/td>\n<td><\/td>\n<td><\/td>\n<td><\/td>\n<td><\/td>\n<\/tr>\n<tr>\n<td><\/td>\n<td><\/td>\n<td><\/td>\n<td><\/td>\n<td><\/td>\n<\/tr>\n<tr>\n<td><strong>TILLG\u00c5NGAR<\/strong><\/td>\n<td><\/td>\n<td><\/td>\n<td><\/td>\n<td><\/td>\n<\/tr>\n<tr>\n<td><\/td>\n<td><\/td>\n<td><\/td>\n<td><\/td>\n<td><\/td>\n<\/tr>\n<tr>\n<td>BANKKONTON:<\/td>\n<td><\/td>\n<td><\/td>\n<td><\/td>\n<td><\/td>\n<\/tr>\n<tr>\n<td><\/td>\n<td><\/td>\n<td><\/td>\n<td><\/td>\n<td><\/td>\n<\/tr>\n<tr>\n<td>SVENSKA HANDELSBANKEN<\/td>\n<td><\/td>\n<td align=\"right\">\u00a0 33 237,00<\/td>\n<td align=\"right\">\u00a0 \u00a035 848,00<\/td>\n<td align=\"right\">\u00a0136 723,00<\/td>\n<\/tr>\n<tr>\n<td><\/td>\n<td><\/td>\n<td><\/td>\n<td><\/td>\n<td><\/td>\n<\/tr>\n<tr>\n<td>KAPITALF\u00d6RS\u00c4KRING AVANZA<\/td>\n<td><\/td>\n<td align=\"right\">555 000,00<\/td>\n<td align=\"right\">655 000,00<\/td>\n<td align=\"right\">655 000,00<\/td>\n<\/tr>\n<tr>\n<td><\/td>\n<td><\/td>\n<td><\/td>\n<td><\/td>\n<td><\/td>\n<\/tr>\n<tr>\n<td>AKTIER T BOKF\u00d6RT V\u00c4RDE<\/td>\n<td><\/td>\n<td align=\"right\">1 202 375,00<\/td>\n<td align=\"right\">1 202 375,00<\/td>\n<td align=\"right\">1 202 375,00<\/td>\n<\/tr>\n<tr>\n<td><\/td>\n<td><\/td>\n<td><\/td>\n<td><\/td>\n<td><\/td>\n<\/tr>\n<tr>\n<td>AKTIER V\u00c4RDEF\u00d6R\u00c4NDRING<\/td>\n<td><\/td>\n<td align=\"right\">2 769 207,00<\/td>\n<td align=\"right\">3 201 692,00<\/td>\n<td align=\"right\">3 201 692,00<\/td>\n<\/tr>\n<tr>\n<td><\/td>\n<td><\/td>\n<td><\/td>\n<td><\/td>\n<td><\/td>\n<\/tr>\n<tr>\n<td>SKATTEFORDRAN<\/td>\n<td><\/td>\n<td align=\"right\">\u00a0 \u00a0 \u00a0 \u00a0 \u00a0 \u00a0 0,00<\/td>\n<td align=\"right\">\u00a0 \u00a0 \u00a0 0,00<\/td>\n<td align=\"right\">\u00a0 \u00a0 \u00a0 \u00a0 \u00a0 \u00a0 1 267,00<\/td>\n<\/tr>\n<tr>\n<td><\/td>\n<td><\/td>\n<td><\/td>\n<td><\/td>\n<td><\/td>\n<\/tr>\n<tr>\n<td><strong>TOTAL<\/strong><\/td>\n<td><strong>\u00a0<\/strong><\/td>\n<td align=\"right\"><strong>4 559 819,00<\/strong><\/td>\n<td align=\"right\"><strong>5 094 915,00<\/strong><\/td>\n<td align=\"right\"><strong>5 719 901,00<\/strong><\/td>\n<\/tr>\n<tr>\n<td><\/td>\n<td><\/td>\n<td><\/td>\n<td><\/td>\n<td><\/td>\n<\/tr>\n<tr>\n<td><\/td>\n<td><\/td>\n<td><\/td>\n<td><\/td>\n<td><\/td>\n<\/tr>\n<tr>\n<td><strong>SKULDER<\/strong><\/td>\n<td><\/td>\n<td><\/td>\n<td><\/td>\n<td><\/td>\n<\/tr>\n<tr>\n<td><\/td>\n<td><\/td>\n<td><\/td>\n<td><\/td>\n<td><\/td>\n<\/tr>\n<tr>\n<td>SKATTESKULD<\/td>\n<td><\/td>\n<td align=\"right\">\u00a0 \u00a026 486,00<\/td>\n<td align=\"right\">\u00a0 \u00a0 \u00a0 \u00a0 \u00a0 18 865,00<\/td>\n<td align=\"right\">\u00a0 \u00a0 0,00<\/td>\n<\/tr>\n<tr>\n<td><\/td>\n<td><\/td>\n<td><\/td>\n<td><\/td>\n<td><\/td>\n<\/tr>\n<tr>\n<td>LATENT SKATTESKULD<\/td>\n<td><\/td>\n<td align=\"right\">\u00a0609 225,00<\/td>\n<td align=\"right\">\u00a0704 372,00<\/td>\n<td align=\"right\">\u00a0 819 398,00<\/td>\n<\/tr>\n<tr>\n<td><\/td>\n<td><\/td>\n<td><\/td>\n<td><\/td>\n<td><\/td>\n<\/tr>\n<tr>\n<td>\u00c5RETS VINST (F\u00d6RLUST-)<\/td>\n<td><\/td>\n<td align=\"right\">\u00a0-3 073,00<\/td>\n<td align=\"right\">\u00a0110 232,00<\/td>\n<td align=\"right\">\u00a0 121 007,00<\/td>\n<\/tr>\n<tr>\n<td><\/td>\n<td><\/td>\n<td><\/td>\n<td><\/td>\n<td><\/td>\n<\/tr>\n<tr>\n<td>BALANSERAT EGET KAPITAL<\/td>\n<td><\/td>\n<td align=\"right\">1 767 199,00<\/td>\n<td align=\"right\">1 764 126,00<\/td>\n<td align=\"right\">1 874 358,00<\/td>\n<\/tr>\n<tr>\n<td><\/td>\n<td><\/td>\n<td><\/td>\n<td><\/td>\n<td><\/td>\n<\/tr>\n<tr>\n<td>DOLD RESERV I EGET KAPITAL<\/td>\n<td><\/td>\n<td align=\"right\">2 159 982,00<\/td>\n<td align=\"right\">2 497 320,00<\/td>\n<td align=\"right\">2 905 138,00<\/td>\n<\/tr>\n<tr>\n<td><\/td>\n<td><\/td>\n<td><\/td>\n<td><\/td>\n<td><\/td>\n<\/tr>\n<tr>\n<td><strong>TOTAL<\/strong><\/td>\n<td><\/td>\n<td align=\"right\"><strong>4 559 819,00<\/strong><\/td>\n<td align=\"right\"><strong>5 094 915,00<\/strong><\/td>\n<td align=\"right\"><strong>5 719 901,00<\/strong><\/td>\n<\/tr>\n<tr>\n<td colspan=\"5\"><\/td>\n<\/tr>\n<tr>\n<td colspan=\"5\"><\/td>\n<\/tr>\n<\/tbody>\n<\/table>\n<h2>V\u00c4RDEPAPPERSINNEHAV PER DEN 31 DECEMBER 2017<\/h2>\n<table style=\"width: 100%;\">\n<tbody>\n<tr>\n<td>V\u00c4RDEPAPPER<\/td>\n<td><\/td>\n<td align=\"right\">Antal<\/td>\n<td align=\"right\">\u00a0 \u00c5r<\/td>\n<td align=\"right\">Anskaffningsv\u00e4rde<\/td>\n<td align=\"right\">Ink\u00f6pskurs<\/td>\n<td align=\"right\">Marknadsv\u00e4rde<\/td>\n<td align=\"right\">Marknadskurs<\/td>\n<\/tr>\n<tr>\n<td>SEB-A<\/td>\n<td><\/td>\n<td align=\"right\">6 240<\/td>\n<td align=\"right\">1981\/04<\/td>\n<td align=\"right\">\u00a0 \u00a0 18,42<\/td>\n<td align=\"right\">\u00a0 \u00a0 114 945<\/td>\n<td align=\"right\">\u00a0 \u00a0 \u00a0\u00a0 96,30<\/td>\n<td align=\"right\">\u00a0 \u00a0 \u00a0 600 912<\/td>\n<\/tr>\n<tr>\n<td>INVESTOR-B<\/td>\n<td><\/td>\n<td align=\"right\">4 000<\/td>\n<td align=\"right\">1996\/04<\/td>\n<td align=\"right\">\u00a0 \u00a0 48,12<\/td>\n<td align=\"right\">\u00a0 \u00a0 192 490<\/td>\n<td align=\"right\">\u00a0 \u00a0\u00a0 374,10<\/td>\n<td align=\"right\">\u00a0 \u00a0\u00a0 1 496 400<\/td>\n<\/tr>\n<tr>\n<td>HAGSTR\u00d6MER &amp; Q<\/td>\n<td><\/td>\n<td align=\"right\">2 804<\/td>\n<td align=\"right\">2011<\/td>\n<td align=\"right\">\u00a0 1,09<\/td>\n<td align=\"right\">\u00a0 \u00a03 062<\/td>\n<td align=\"right\">\u00a0 \u00a0 \u00a0\u00a0 0,00<\/td>\n<td align=\"right\">\u00a0 \u00a0 \u00a0 0<\/td>\n<\/tr>\n<tr>\n<td>Ekman &amp; Co<\/td>\n<td><\/td>\n<td align=\"right\">8 328<\/td>\n<td align=\"right\">1999<\/td>\n<td align=\"right\">\u00a0 15,06<\/td>\n<td align=\"right\">\u00a0 \u00a0125 426<\/td>\n<td align=\"right\">\u00a0 \u00a0 \u00a0\u00a0 111,08<\/td>\n<td align=\"right\">\u00a0 \u00a0 \u00a0 925 074<\/td>\n<\/tr>\n<tr>\n<td>ELECTROLUX-B<\/td>\n<td><\/td>\n<td align=\"right\">500<\/td>\n<td align=\"right\">2004<\/td>\n<td align=\"right\">\u00a0\u00a0\u00a0 59,64<\/td>\n<td align=\"right\">\u00a0\u00a0\u00a0\u00a0 28 474<\/td>\n<td align=\"right\">\u00a0\u00a0\u00a0\u00a0 264,30,80<\/td>\n<td align=\"right\">\u00a0\u00a0\u00a0\u00a0 132 150<\/td>\n<\/tr>\n<tr>\n<td>INDUSTRIV\u00c4RDEN-C<\/td>\n<td><\/td>\n<td align=\"right\">2 000<\/td>\n<td align=\"right\">2008<\/td>\n<td align=\"right\">\u00a0 \u00a0 47,65<\/td>\n<td align=\"right\">\u00a0 \u00a0 \u00a095 299<\/td>\n<td align=\"right\">\u00a0 \u00a0\u00a0 202,50<\/td>\n<td align=\"right\">\u00a0 \u00a0 \u00a0 405 000<\/td>\n<\/tr>\n<tr>\n<td>HUSQVARNA-B<\/td>\n<td><\/td>\n<td align=\"right\">1 250<\/td>\n<td align=\"right\">2008<\/td>\n<td align=\"right\">\u00a0 \u00a033,18<\/td>\n<td align=\"right\">\u00a0 \u00a0 41 469<\/td>\n<td align=\"right\">\u00a0 \u00a0 \u00a0 \u00a078,10<\/td>\n<td align=\"right\">\u00a0 \u00a0 \u00a0 \u00a097 625<\/td>\n<\/tr>\n<tr>\n<td>TELIA SONERA<\/td>\n<td><\/td>\n<td align=\"right\">7 000<\/td>\n<td align=\"right\">06-08<\/td>\n<td align=\"right\">\u00a0 \u00a040,36<\/td>\n<td align=\"right\">\u00a0 282 577<\/td>\n<td align=\"right\">\u00a0 \u00a0 \u00a0 \u00a036,55<\/td>\n<td align=\"right\">\u00a0 \u00a0 \u00a0255 850<\/td>\n<\/tr>\n<tr>\n<td>SECURITAS-B<\/td>\n<td><\/td>\n<td align=\"right\">2 000<\/td>\n<td align=\"right\">2013<\/td>\n<td align=\"right\">\u00a0 59,25<\/td>\n<td align=\"right\">\u00a0118 506<\/td>\n<td align=\"right\">\u00a0 \u00a0 \u00a0 \u00a0143,20<\/td>\n<td align=\"right\">\u00a0 \u00a0 286 400<\/td>\n<\/tr>\n<tr>\n<td>SANDVIK<\/td>\n<td><\/td>\n<td align=\"right\">4 000<\/td>\n<td align=\"right\">2008<\/td>\n<td align=\"right\">\u00a041,04<\/td>\n<td align=\"right\">164 148<\/td>\n<td align=\"right\">\u00a0 \u00a0 \u00a0 \u00a0 143,70<\/td>\n<td align=\"right\">\u00a0 \u00a0 574 800<\/td>\n<\/tr>\n<tr>\n<td>VOLVO-B<\/td>\n<td><\/td>\n<td align=\"right\">1 000<\/td>\n<td align=\"right\">2008<\/td>\n<td align=\"right\">\u00a036,00<\/td>\n<td align=\"right\">\u00a0 35 999<\/td>\n<td align=\"right\">\u00a0 \u00a0 \u00a0 \u00a0 152,70<\/td>\n<td align=\"right\">\u00a0 \u00a0 \u00a0 152 700<\/td>\n<\/tr>\n<tr>\n<td><strong>TOTALT<\/strong><\/td>\n<td><\/td>\n<td><\/td>\n<td><\/td>\n<td><\/td>\n<td align=\"right\"><strong>1 202 375<\/strong><\/td>\n<td><\/td>\n<td align=\"right\"><strong>4 926 911<\/strong><\/td>\n<\/tr>\n<tr>\n<td><\/td>\n<td><\/td>\n<td><\/td>\n<td><\/td>\n<td><\/td>\n<td><\/td>\n<td><\/td>\n<td><\/td>\n<\/tr>\n<tr>\n<td>KAPTIALF\u00d6RS\u00c4KRING AVANZA<\/td>\n<td><\/td>\n<td><\/td>\n<td><\/td>\n<td><\/td>\n<td align=\"right\">655 000<\/td>\n<td><\/td>\n<td align=\"right\">936 276<\/td>\n<\/tr>\n<tr>\n<td><strong>SUMMA<\/strong><\/td>\n<td><\/td>\n<td><\/td>\n<td><\/td>\n<td><\/td>\n<td align=\"right\"><strong>1 857 375<\/strong><\/td>\n<td><\/td>\n<td align=\"right\"><strong>5 863 187<\/strong><\/td>\n<\/tr>\n<tr>\n<td colspan=\"8\"><\/td>\n<\/tr>\n<\/tbody>\n<\/table>\n<h2>Vinst- och f\u00f6rlustr\u00e4kning \u00a0fastst\u00e4lls vid f\u00f6reningssammantr\u00e4det den 18 augusti 2018<\/h2>\n<table style=\"width: 100%;\">\n<tbody>\n<tr>\n<td><\/td>\n<td><\/td>\n<td><\/td>\n<td><\/td>\n<td><\/td>\n<\/tr>\n<tr>\n<td>Peter Ekman<\/td>\n<td>Claes Ekman<\/td>\n<td>Fredrik Ekman<\/td>\n<td>Hedvig Ekman<\/td>\n<td>Fredric Ekman<\/td>\n<\/tr>\n<tr>\n<td>Ordf\u00f6rande<\/td>\n<td>Skattm\u00e4stare<\/td>\n<td>Ledamot<\/td>\n<td>Ledamot<\/td>\n<td>Ledamot<\/td>\n<\/tr>\n<tr>\n<td><\/td>\n<td><\/td>\n<td><\/td>\n<td><\/td>\n<td><\/td>\n<\/tr>\n<tr>\n<td><\/td>\n<td><\/td>\n<td><\/td>\n<td><\/td>\n<td><\/td>\n<\/tr>\n<\/tbody>\n<\/table>\n<h2>Revisionsber\u00e4ttelsen har avgivits 26 maj 2018<\/h2>\n<p>Gustaf Ekman A:3:4:5<br \/>\nNils Liljeberg (C:3:4:3:3:1)<\/p>\n","protected":false},"excerpt":{"rendered":"<p>Styrelsen | Stadgar | Dagordning | Bokslut | Revisionsber\u00e4ttelse | Protokoll | Medlemskap Bokslut 08-11 Bokslut 12-14 Bokslut 15-17 Bokslut 18-20 Bokslut 22-24 Bokslut 2015-2017 INKOMSTER \u00a0\u00a02015 \u00a0\u00a02016 \u00a02017 UTDELNING P\u00c5 AKTIER 160 765,00 168 631,00 164 070,00 VINST AVYTTRING V\u00c4RDEPAPPER 98 878,00 15,00 15,00 DIV. INT\u00c4KTER \u00a0 \u00a0 \u00a0 \u00a0 \u00a00,00 \u00a0 \u00a0 \u00a0 [&hellip;]<\/p>\n","protected":false},"author":3,"featured_media":0,"parent":0,"menu_order":0,"comment_status":"closed","ping_status":"closed","template":"","meta":{"_acf_changed":false,"ngg_post_thumbnail":0,"footnotes":""},"tags":[],"class_list":["post-2027","page","type-page","status-publish","hentry"],"acf":[],"_links":{"self":[{"href":"https:\/\/ekmanfamily.se\/ver3\/wp-json\/wp\/v2\/pages\/2027","targetHints":{"allow":["GET"]}}],"collection":[{"href":"https:\/\/ekmanfamily.se\/ver3\/wp-json\/wp\/v2\/pages"}],"about":[{"href":"https:\/\/ekmanfamily.se\/ver3\/wp-json\/wp\/v2\/types\/page"}],"author":[{"embeddable":true,"href":"https:\/\/ekmanfamily.se\/ver3\/wp-json\/wp\/v2\/users\/3"}],"replies":[{"embeddable":true,"href":"https:\/\/ekmanfamily.se\/ver3\/wp-json\/wp\/v2\/comments?post=2027"}],"version-history":[{"count":0,"href":"https:\/\/ekmanfamily.se\/ver3\/wp-json\/wp\/v2\/pages\/2027\/revisions"}],"wp:attachment":[{"href":"https:\/\/ekmanfamily.se\/ver3\/wp-json\/wp\/v2\/media?parent=2027"}],"wp:term":[{"taxonomy":"post_tag","embeddable":true,"href":"https:\/\/ekmanfamily.se\/ver3\/wp-json\/wp\/v2\/tags?post=2027"}],"curies":[{"name":"wp","href":"https:\/\/api.w.org\/{rel}","templated":true}]}}