{"id":190,"date":"2013-01-20T11:42:25","date_gmt":"2013-01-20T11:42:25","guid":{"rendered":"http:\/\/ekmanfamily.se\/ver3\/?page_id=190"},"modified":"2013-08-17T15:51:24","modified_gmt":"2013-08-17T15:51:24","slug":"slaktforska-pa-egen-hand","status":"publish","type":"page","link":"https:\/\/ekmanfamily.se\/ver3\/slaktforska-pa-egen-hand\/","title":{"rendered":"Sl\u00e4ktforska p\u00e5 egen hand"},"content":{"rendered":"<h1>S\u00f6k vidare<\/h1>\n<h2>RIKSARKIVET<\/h2>\n<p>P\u00e5 Riksarkivet f\u00f6rvaras arkivhandlingar fr\u00e5n myndigheter och enskilda fr\u00e5n medeltiden och fram\u00e5t. V\u00e5r huvuduppgift \u00e4r att se till att v\u00e5rt gemensamma kulturarv bevaras och \u00e4r tillg\u00e4ngligt f\u00f6r allm\u00e4nheten. Riksarkivet finns p\u00e5 flera platser i landet.<\/p>\n<p><a href=\"http:\/\/ekmanfamily.se\/ver3\/wp-content\/uploads\/2013\/01\/riksarkivlogo1.jpg\"><img loading=\"lazy\" decoding=\"async\" class=\"alignright size-full wp-image-503\" title=\"riksarkivlogo\" src=\"http:\/\/ekmanfamily.se\/ver3\/wp-content\/uploads\/2013\/01\/riksarkivlogo1.jpg\" alt=\"\" width=\"356\" height=\"121\" srcset=\"https:\/\/ekmanfamily.se\/ver3\/wp-content\/uploads\/2013\/01\/riksarkivlogo1.jpg 356w, https:\/\/ekmanfamily.se\/ver3\/wp-content\/uploads\/2013\/01\/riksarkivlogo1-300x101.jpg 300w\" sizes=\"auto, (max-width: 356px) 100vw, 356px\" \/><\/a>Du \u00e4r v\u00e4lkommen till forskarexpeditionerna vid Riksarkivet, d\u00e4r du kostnadsfritt kan best\u00e4lla fram det material du \u00e4r intresserad av. Det flesta handlingarna i v\u00e5rt f\u00f6rvar \u00e4r offentliga och d\u00e4rmed \u00f6ppna att l\u00e4sa f\u00f6r vem som helst. N\u00e5gra handlingar faller under exempelvis sekretesslagen eller personuppgiftslagen (PUL) och har d\u00e4rmed restriktioner f\u00f6r vem som f\u00e5r tillg\u00e5ng till dem. Enskilt material kan ocks\u00e5 ha restriktioner.<\/p>\n<p>Arkiv som \u00e4r \u00f6mt\u00e5ligt p\u00e5 grund av \u00e5lder eller f\u00f6r att det \u00e4r skadat kan vi heller inte alltid l\u00e4mna ut. Om det g\u00e5r att skanna, mikrofilma eller p\u00e5 annat s\u00e4tt m\u00e5ngfaldiga informationen, kan du i st\u00e4llet f\u00e5 se en kopia.<\/p>\n<p>Varje arkiv har unika handlingar i sina magasin. Det \u00e4r inte som vid exempelvis biblioteken d\u00e4r du kan l\u00e5na samma bok fr\u00e5n flera st\u00e4llen. Ben\u00e4mningen kan vara densamma, exempelvis bouppteckningar, men varje dokument finns bara p\u00e5 ett enskilt arkiv. D\u00e4remot finns en hel del material digitalt. Det kan du n\u00e5 genom Riksarkivets avdelning SVAR. Det g\u00e4ller framf\u00f6r allt material som anv\u00e4nds vid sl\u00e4ktforskning. En del kan du hitta direkt via Internet, en del kan du k\u00f6pa p\u00e5 cd-skivor.<\/p>\n<p>S\u00f6k vidare p\u00e5 Riksarkivets hemsida via <a href=\"http:\/\/www.riksarkivet.se\" target=\"_blank\">www.riksarkivet.se<\/a><\/p>\n<h2>NAD &#8211; DEN NATIONELLA ARKIVDATABASEN<a href=\"http:\/\/ekmanfamily.se\/ver3\/wp-content\/uploads\/2013\/01\/nad1.jpg\"><img loading=\"lazy\" decoding=\"async\" class=\"alignright size-full wp-image-504\" title=\"nad\" src=\"http:\/\/ekmanfamily.se\/ver3\/wp-content\/uploads\/2013\/01\/nad1.jpg\" alt=\"\" width=\"328\" height=\"308\" srcset=\"https:\/\/ekmanfamily.se\/ver3\/wp-content\/uploads\/2013\/01\/nad1.jpg 328w, https:\/\/ekmanfamily.se\/ver3\/wp-content\/uploads\/2013\/01\/nad1-300x281.jpg 300w, https:\/\/ekmanfamily.se\/ver3\/wp-content\/uploads\/2013\/01\/nad1-319x300.jpg 319w\" sizes=\"auto, (max-width: 328px) 100vw, 328px\" \/><\/a><\/h2>\n<p>H\u00e4r kan Du s\u00f6ka information om arkiv i Sverige. NAD \u00e4r en databas som tillhandah\u00e5ller ett nationellt arkivbildarregister med arkivh\u00e4nvisningar, register \u00f6ver arkivinstitutioner med kontaktuppgifter samt hj\u00e4lpdatabaser f\u00f6r topografisk indelning och f\u00f6rvaltningshistorik.<\/p>\n<p>I NAD p\u00e5 Internet finns arkivf\u00f6rteckningar fr\u00e5n Riksarkivets arkivinstitutioner (Riksarkivet, Krigsarkivet och landsarkiven). I dagsl\u00e4get tas inte arkivf\u00f6rteckningar in i systemet fr\u00e5n andra institutioner. D\u00e4remot kan de visas genom l\u00e4nk till arkivets titel p\u00e5 egen hemsida eller annan portal. NAD p\u00e5 Internet \u00e4r under uppbyggnad.<\/p>\n<p>L\u00e4s mer p\u00e5 den nationella arkivdatabasens hemsida via <a href=\"http:\/\/www.nad.ra.se\" target=\"_blank\">www.nad.ra.se<\/a><\/p>\n<h2>SVENSKA PORT\u00c4TTARKIVET &#8211; SPA<\/h2>\n<p>Svenska Portr\u00e4ttarkivet dokumenterar portr\u00e4tt f\u00f6rest\u00e4llande svenskar och\/eller utf\u00f6rda av svenska konstn\u00e4rer. Dokumentationen, som str\u00e4cker sig fram till idag, omfattar allt fr\u00e5n paradportr\u00e4tt och monumentalskulptur till amat\u00f6rteckningar och klippta silhuetter. H\u00e4r finns ocks\u00e5 en stor m\u00e4ngd portr\u00e4tt ur Statens portr\u00e4ttsamlingar med bilder av k\u00e4nda svenska m\u00e4n och kvinnor \u2013 fr\u00e5n Gustav Vasa och drottning Kristina till Alice Babs och Magnus Uggla. Fotografiska portr\u00e4tt registreras inte med undantag f\u00f6r tidiga eng\u00e5ngsbilder som t.ex. dagerrotypier. I arkivet finns cirka 95 000 f\u00f6rtecknade portr\u00e4tt av vilka 65 000 \u00e4r fotograferade.<\/p>\n<p><a href=\"http:\/\/ekmanfamily.se\/ver3\/wp-content\/uploads\/2013\/01\/nmlogo1.jpg\"><img loading=\"lazy\" decoding=\"async\" class=\"alignright size-full wp-image-502\" title=\"nmlogo\" src=\"http:\/\/ekmanfamily.se\/ver3\/wp-content\/uploads\/2013\/01\/nmlogo1.jpg\" alt=\"\" width=\"411\" height=\"91\" srcset=\"https:\/\/ekmanfamily.se\/ver3\/wp-content\/uploads\/2013\/01\/nmlogo1.jpg 411w, https:\/\/ekmanfamily.se\/ver3\/wp-content\/uploads\/2013\/01\/nmlogo1-300x66.jpg 300w\" sizes=\"auto, (max-width: 411px) 100vw, 411px\" \/><\/a>Redan 1915 samlades ett antal konst- och kulturhistoriskt intresserade personer f\u00f6r att planera bildandet av ett samfund som skulle inleda en portr\u00e4ttinventering \u00f6ver hela Sverige. Vid denna tid med uppg\u00e5ende konjunktur och v\u00e4xande intresse f\u00f6r person-, kultur- och konsthistoria s\u00f6kte man ekonomiskt st\u00f6d hos privatpersoner och enskilda f\u00f6retag. D\u00e5varande amanuensen vid R\u00f6hsska konst-sl\u00f6jdmuseet, sedermera professorn, Sixten Str\u00f6mbom (1888 \u2013 1983) blev initiativtagare till stiftelsen Svenska Portr\u00e4ttarkivets bildade 1916. Nationalmuseum l\u00e4mnade sitt bist\u00e5nd, inte minst genom att uppl\u00e5ta lokaler f\u00f6r \u00e4ndam\u00e5let. D\u00e5varande kronprinsen, blivande kung Gustaf VI Adolf \u00e5tog sig stiftelsens ordf\u00f6randeskap. Han ingick ocks\u00e5 i Svenska Portr\u00e4ttarkivets n\u00e4mnd best\u00e5ende av \u00e5tta personer med bland annat \u00f6verintendenten Richard Bergh, direkt\u00f6ren Thorsten Laurin och f.d. \u00f6verintendenten Ludvig Loostr\u00f6m. Str\u00f6mbom blev ocks\u00e5 Svenska Portr\u00e4ttarkivets sekreterare och verkst\u00e4llande ledamot.<\/p>\n<p>Trots krigstidens ransoneringar, transportsv\u00e5righeter och brist p\u00e5 utrustning genomf\u00f6rde man en systematisk inventering och fotografering av portr\u00e4tt, inledningsvis i S\u00f6dermanland. Hela f\u00f6retaget lyckades tack vare tillm\u00f6tesg\u00e5ende och g\u00e4stfrihet i alla privata hem man bes\u00f6kte. \u00c4ven pressen bistod genom annonsering riktad till \u00e4gare av portr\u00e4tt. \u00c5ren 1919 \u2013 1926 genomf\u00f6rdes, landskapsvis, den st\u00f6rsta delen av Svenska Portr\u00e4ttarkivets inventering. Efter 1926 sker dokumentation av portr\u00e4tt ute p\u00e5 f\u00e4ltet mer sporadiskt och huvudparten av fotograferingsarbetet genomf\u00f6rs nu p\u00e5 Nationalmuseums fotoatelj\u00e9. Det samlade antalet registrerade och fotograferade portr\u00e4tt uppgick 1930 till \u00f6ver 36 000.<\/p>\n<p><a href=\"http:\/\/ekmanfamily.se\/ver3\/wp-content\/uploads\/2013\/01\/nmfasad1.jpg\"><img loading=\"lazy\" decoding=\"async\" class=\"alignright size-full wp-image-505\" title=\"nmfasad\" src=\"http:\/\/ekmanfamily.se\/ver3\/wp-content\/uploads\/2013\/01\/nmfasad1.jpg\" alt=\"\" width=\"418\" height=\"211\" srcset=\"https:\/\/ekmanfamily.se\/ver3\/wp-content\/uploads\/2013\/01\/nmfasad1.jpg 418w, https:\/\/ekmanfamily.se\/ver3\/wp-content\/uploads\/2013\/01\/nmfasad1-300x151.jpg 300w\" sizes=\"auto, (max-width: 418px) 100vw, 418px\" \/><\/a>1930 \u00f6verl\u00e4mnades Svenska Portr\u00e4ttarkivet som g\u00e5va fr\u00e5n stiftelsen till Nationalmuseum p\u00e5 villkor att museet bland annat skulle genom \u201dsakkunnig personal v\u00e5rda och p\u00e5 regelbundna tider tillhandah\u00e5lla samlingarna f\u00f6r allm\u00e4nheten\u201d. Materialet som omfattade fr\u00e4mst m\u00e5lade, tecknade, graverade och skulpterade portr\u00e4tt utf\u00f6rda mellan 1500 \u2013 1850 bearbetades vetenskapligt under ledning av Str\u00f6mbom.<\/p>\n<p>Detta resulterade i publicering av SPA:s Index; band I till III utgivna 1935 till 1942. De tv\u00e5 f\u00f6rsta banden omfattar portr\u00e4tt uppst\u00e4llda alfabetiskt efter den avbildades efternamn och det tredje kungliga portr\u00e4tt fram till Karl XII. Tyv\u00e4rr \u00e4r portr\u00e4tt fr\u00e5n tiden efter 1850 inte medtagna i Index. \u00c4ven om man fr\u00e5n 1940-talet dokumenterat senare och samtida portr\u00e4tt s\u00e5 ligger arkivets tyngdpunkt fortfarande p\u00e5 material fr\u00e5n 1600- och 1700-talet. Kungliga portr\u00e4tt omfattande tiden efter Karl XII finns fortfarande enbart f\u00f6rtecknade i den otryckta katalogen, tillg\u00e4nglig enbart p\u00e5 plats.<\/p>\n<p>\u00c5ren 1958 \u2013 1972 leddes Svenska Portr\u00e4ttarkivet av konsthistorikern Boo von Malmborg som v\u00e4sentligt bidragit till arkivets fortsatta uppbyggnad. Inte minst hans m\u00e5ng\u00e5riga arkivforskning resulterade i det 1978 utgivna verket \u201dSvensk portr\u00e4ttkonst under fem \u00e5rhundraden\u201d.<\/p>\n<p>S\u00f6k mer information p\u00e5 Svenska portr\u00e4ttarkivets hemsida via <a href=\"http:\/\/www.nationalmuseum.se\/Forskning\/Svenska-Portrattarkivet-SPA\/\" target=\"_blank\">www.nationalmuseum.se\/Forskning\/Svenska-Portrattarkivet-SPA\/<\/a><\/p>\n","protected":false},"excerpt":{"rendered":"<p>S\u00f6k vidare RIKSARKIVET P\u00e5 Riksarkivet f\u00f6rvaras arkivhandlingar fr\u00e5n myndigheter och enskilda fr\u00e5n medeltiden och fram\u00e5t. V\u00e5r huvuduppgift \u00e4r att se till att v\u00e5rt gemensamma kulturarv bevaras och \u00e4r tillg\u00e4ngligt f\u00f6r allm\u00e4nheten. Riksarkivet finns p\u00e5 flera platser i landet. Du \u00e4r v\u00e4lkommen till forskarexpeditionerna vid Riksarkivet, d\u00e4r du kostnadsfritt kan best\u00e4lla fram det material du \u00e4r [&hellip;]<\/p>\n","protected":false},"author":3,"featured_media":0,"parent":0,"menu_order":0,"comment_status":"closed","ping_status":"open","template":"","meta":{"_acf_changed":false,"ngg_post_thumbnail":0,"footnotes":""},"tags":[],"class_list":["post-190","page","type-page","status-publish","hentry"],"acf":[],"_links":{"self":[{"href":"https:\/\/ekmanfamily.se\/ver3\/wp-json\/wp\/v2\/pages\/190","targetHints":{"allow":["GET"]}}],"collection":[{"href":"https:\/\/ekmanfamily.se\/ver3\/wp-json\/wp\/v2\/pages"}],"about":[{"href":"https:\/\/ekmanfamily.se\/ver3\/wp-json\/wp\/v2\/types\/page"}],"author":[{"embeddable":true,"href":"https:\/\/ekmanfamily.se\/ver3\/wp-json\/wp\/v2\/users\/3"}],"replies":[{"embeddable":true,"href":"https:\/\/ekmanfamily.se\/ver3\/wp-json\/wp\/v2\/comments?post=190"}],"version-history":[{"count":0,"href":"https:\/\/ekmanfamily.se\/ver3\/wp-json\/wp\/v2\/pages\/190\/revisions"}],"wp:attachment":[{"href":"https:\/\/ekmanfamily.se\/ver3\/wp-json\/wp\/v2\/media?parent=190"}],"wp:term":[{"taxonomy":"post_tag","embeddable":true,"href":"https:\/\/ekmanfamily.se\/ver3\/wp-json\/wp\/v2\/tags?post=190"}],"curies":[{"name":"wp","href":"https:\/\/api.w.org\/{rel}","templated":true}]}}