{"id":184,"date":"2013-01-20T11:33:59","date_gmt":"2013-01-20T11:33:59","guid":{"rendered":"http:\/\/ekmanfamily.se\/ver3\/?page_id=184"},"modified":"2018-10-18T20:25:32","modified_gmt":"2018-10-18T20:25:32","slug":"hjalp","status":"publish","type":"page","link":"https:\/\/ekmanfamily.se\/ver3\/hjalp\/","title":{"rendered":"FAQ"},"content":{"rendered":"<h1><strong>Allm\u00e4n information<\/strong><\/h1>\n<p>Sl\u00e4kten Ekman, \u00e4ven kallad G\u00f6teborgsgrenen, har en l\u00e5ng och sp\u00e4nnande svensk historia. Det \u00e4r bakgrunden till att sl\u00e4ktf\u00f6reningen har lagt mycket tid p\u00e5 att utveckla en professionell hemsida. H\u00e4r kan vi alla f\u00f6lja v\u00e5ra sl\u00e4ktled och f\u00e5 information om v\u00e5r sl\u00e4kts gemensamma historia. F\u00f6r att h\u00e5lla v\u00e5ra sl\u00e4ktled uppdaterade, kr\u00e4vs det att vi alla hj\u00e4lps \u00e5t att uppdatera v\u00e5r biografi, fotografier, adresser, f\u00f6dda och avlidna etc.<br \/>\nNedan finner du lite information som kan vara bra att ha.<\/p>\n<p><strong>Bilder och text<br \/>\n<\/strong>N\u00e4stan alla bilder p\u00e5 hemsidan g\u00e5r att f\u00f6rstora genom att klicka p\u00e5 bilden.\u00a0Om texten k\u00e4nns sv\u00e5r eller f\u00f6r liten f\u00f6r att l\u00e4sa s\u00e5 g\u00e5r det att g\u00f6ra sidan st\u00f6rre:<\/p>\n<p><strong>I Firefox, Safari, Explorer och Chrome<\/strong><br \/>\nF\u00f6r att zooma in eller f\u00f6rstora sidan, tryck och h\u00e5ll ned Ctrl samtidigt som du trycker p\u00e5 +. F\u00f6r att zooma ut eller f\u00f6rminska sidan, tryck och h\u00e5ll ned Ctrl samtidigt som du trycker p\u00e5\u00a0-.\u00a0F\u00f6r att \u00e5terst\u00e4lla en sida till dess ursprungliga storlek, tryck och h\u00e5ll ned Ctrl samtidigt som du trycker p\u00e5 0.\u00a0P\u00e5 Mac-datorer anv\u00e4nder du kommandotangenten ist\u00e4llet f\u00f6r Ctrl.<\/p>\n<p><strong>Kontakt<br \/>\n<\/strong>Om du vill meddela dig med sl\u00e4ktf\u00f6reningen, skriv ett mail under rubriken <strong>Kontakt\u00a0<\/strong>eller maila till \u00a0<a href=\"mailto:info@ekmanfamily.se\">info@ekmanfamily.se<\/a><\/p>\n<p><strong>Min sida<\/strong><br \/>\nH\u00e4r uppdaterar du din profilbild, skriver din biografi, l\u00e4gger till portr\u00e4tt och fotografier i bildgalleriet. Du kan \u00e4ven uppdatera information om dina f\u00f6r\u00e4ldrar, barn och barnbarn.<\/p>\n<p><strong>Matrikel<\/strong><br \/>\n<strong>Genealogisk f\u00f6rteckning\u00a0<\/strong><br \/>\nH\u00e4r ser du den genealogiska stegen, som visar den information, som finns om respektive person i matrikeln.\u00a0Kvinna f\u00f6dd Ekman och kommande generation \u00e4r understruken.\u00a0Person med fler understrykningar \u00e4r frivillig medlem.<\/p>\n<p><strong>Alfabetisk f\u00f6rteckning\u00a0<\/strong><br \/>\nH\u00e4r finns samtliga levande personer och deras adressuppgifter. Du kan v\u00e4lja mellan att s\u00f6ka p\u00e5 f\u00f6r- eller efternamn.<\/p>\n<p><strong>F\u00f6dda\/Avlidna<\/strong><br \/>\nDessa uppgifter finner du under fliken <strong>Min sida<\/strong>. H\u00e4r kan du \u00e4ven registrera bortg\u00e5ngen\u00a0sl\u00e4kting.<\/p>\n<p><strong>Sl\u00e4kttr\u00e4ffar<\/strong><br \/>\nH\u00e4r finns alla sl\u00e4kttr\u00e4ffar fr\u00e5n 1936 och fram\u00e5t. Klicka p\u00e5 \u00e5rtal f\u00f6r att se st\u00f6rre bild.\u00a0H\u00e4r finns \u00e4ven information om n\u00e4sta sl\u00e4kttr\u00e4ff.<\/p>\n<p><strong>Anm\u00e4lan till sl\u00e4ktm\u00f6te<br \/>\n<\/strong>P\u00e5 den gr\u00f6na plattan p\u00e5 listen anm\u00e4ler du dig och din familj till kommande sl\u00e4ktm\u00f6te. Det\u00a0g\u00e5r ocks\u00e5 bra att h\u00e4r uppdatera information och adress om dig och din familj.\u00a0N\u00e4r du sparat\u00a0g\u00e5r din anm\u00e4lan till sl\u00e4ktf\u00f6reningen och en kopia g\u00e5r till din e-postadress.<\/p>\n<p><strong>Hela sl\u00e4kttr\u00e4det<br \/>\n<\/strong>Genom att klicka p\u00e5 bokst\u00e4verna A, B, C eller D kommer man till respektive gren i sl\u00e4kttr\u00e4det. \u00c4ven den bild, som sitter i mitten av tr\u00e4det, \u00e4r klickbar och visar d\u00e5 stamf\u00e4derna i den Ekmanska sl\u00e4kten. F\u00f6r att skapa ett sp\u00e4nnande sl\u00e4kttr\u00e4d, uppdaterar du under <strong>Min sida<\/strong> med bild p\u00e5 dig sj\u00e4lv.<\/p>\n<p><strong>Inloggningsuppgifter<br \/>\n<\/strong>N\u00e4r du loggar in f\u00f6rsta g\u00e5ngen anger du din e-postadress. Det \u00e4r samma, som du angivit till\u00a0sl\u00e4ktf\u00f6reningen och du f\u00e5r d\u00e5 automatiskt en inloggningskod skickad till din e-postadress.\u00a0Denna kod kan du \u00e4ndra under <strong>Min sida. <\/strong>Har du gl\u00f6mt koden kan du best\u00e4lla en ny, som skickas till din e-postadress.<\/p>\n<p><strong>\u00a0<\/strong><\/p>\n","protected":false},"excerpt":{"rendered":"<p>Allm\u00e4n information Sl\u00e4kten Ekman, \u00e4ven kallad G\u00f6teborgsgrenen, har en l\u00e5ng och sp\u00e4nnande svensk historia. Det \u00e4r bakgrunden till att sl\u00e4ktf\u00f6reningen har lagt mycket tid p\u00e5 att utveckla en professionell hemsida. H\u00e4r kan vi alla f\u00f6lja v\u00e5ra sl\u00e4ktled och f\u00e5 information om v\u00e5r sl\u00e4kts gemensamma historia. F\u00f6r att h\u00e5lla v\u00e5ra sl\u00e4ktled uppdaterade, kr\u00e4vs det att vi [&hellip;]<\/p>\n","protected":false},"author":3,"featured_media":0,"parent":0,"menu_order":0,"comment_status":"closed","ping_status":"open","template":"","meta":{"_acf_changed":false,"ngg_post_thumbnail":0,"footnotes":""},"tags":[],"class_list":["post-184","page","type-page","status-publish","hentry"],"acf":[],"_links":{"self":[{"href":"https:\/\/ekmanfamily.se\/ver3\/wp-json\/wp\/v2\/pages\/184","targetHints":{"allow":["GET"]}}],"collection":[{"href":"https:\/\/ekmanfamily.se\/ver3\/wp-json\/wp\/v2\/pages"}],"about":[{"href":"https:\/\/ekmanfamily.se\/ver3\/wp-json\/wp\/v2\/types\/page"}],"author":[{"embeddable":true,"href":"https:\/\/ekmanfamily.se\/ver3\/wp-json\/wp\/v2\/users\/3"}],"replies":[{"embeddable":true,"href":"https:\/\/ekmanfamily.se\/ver3\/wp-json\/wp\/v2\/comments?post=184"}],"version-history":[{"count":0,"href":"https:\/\/ekmanfamily.se\/ver3\/wp-json\/wp\/v2\/pages\/184\/revisions"}],"wp:attachment":[{"href":"https:\/\/ekmanfamily.se\/ver3\/wp-json\/wp\/v2\/media?parent=184"}],"wp:term":[{"taxonomy":"post_tag","embeddable":true,"href":"https:\/\/ekmanfamily.se\/ver3\/wp-json\/wp\/v2\/tags?post=184"}],"curies":[{"name":"wp","href":"https:\/\/api.w.org\/{rel}","templated":true}]}}