{"id":1804,"date":"2015-12-12T09:36:21","date_gmt":"2015-12-12T09:36:21","guid":{"rendered":"http:\/\/ekmanfamily.se\/ver3\/?page_id=1804"},"modified":"2025-07-16T15:56:29","modified_gmt":"2025-07-16T15:56:29","slug":"bokslut-08-11","status":"publish","type":"page","link":"https:\/\/ekmanfamily.se\/ver3\/bokslut-08-11\/","title":{"rendered":"Bokslut 08-11"},"content":{"rendered":"<p><a href=\"styrelsen\/\">Styrelsen<\/a> | <a href=\"stadgar\/\">Stadgar<\/a> | <a href=\"dagordning\/\">Dagordning<\/a> | <a href=\"bokslut\/\">Bokslut<\/a> | <a href=\"revisionsberattelse\/\">Revisionsber\u00e4ttelse<\/a> | <a href=\"protokoll\/\">Protokoll<\/a> | <a href=\"medlemskap\/\">Medlemskap<\/a><br \/>\n<a class=\"green_link\" href=\"http:\/\/ekmanfamily.se\/ver3\/bokslut-08-11\/\">Bokslut 08-11<\/a><br \/>\n<a class=\"green_link\" href=\"http:\/\/ekmanfamily.se\/ver3\/bokslut\/\">Bokslut 12-14<\/a><br \/>\n<a class=\"green_link\" href=\"http:\/\/ekmanfamily.se\/ver3\/bokslut-15-17\/\">Bokslut 15-17<\/a><br \/>\n<a class=\"green_link\" href=\"http:\/\/ekmanfamily.se\/ver3\/bokslut-18-20\/\">Bokslut 18-21<\/a><br \/>\n<a class=\"green_link\" href=\"http:\/\/ekmanfamily.se\/ver3\/bokslut-22-24\/\">Bokslut 22-24<\/a><\/p>\n<h1>Bokslut 2008-2011<\/h1>\n<table>\n<tbody>\n<tr>\n<td>\u00a0<strong>INKOMSTER<\/strong><\/td>\n<td><\/td>\n<td><\/td>\n<td><\/td>\n<td><\/td>\n<td>2008<\/td>\n<td>2009<\/td>\n<td>2010<\/td>\n<td>2011<\/td>\n<\/tr>\n<tr>\n<td><\/td>\n<td><\/td>\n<td><\/td>\n<td><\/td>\n<td><\/td>\n<td>Gemf\u00f6rande<\/td>\n<td><\/td>\n<td><\/td>\n<td><\/td>\n<\/tr>\n<tr>\n<td><\/td>\n<td><\/td>\n<td><\/td>\n<td><\/td>\n<td><\/td>\n<td><\/td>\n<td><\/td>\n<td><\/td>\n<td><\/td>\n<\/tr>\n<tr>\n<td>UTDELNING \u00c5 AKTIER<\/td>\n<td><\/td>\n<td><\/td>\n<td><\/td>\n<td><\/td>\n<td>109016,57<\/td>\n<td>83000,00<\/td>\n<td>73840,00<\/td>\n<td>142227,44<\/td>\n<\/tr>\n<tr>\n<td>VINST AVYTTRING V\u00c4RDEPAPPER<\/td>\n<td><\/td>\n<td><\/td>\n<td><\/td>\n<td><\/td>\n<td>344884,50<\/td>\n<td>54156,00<\/td>\n<td>8302,00<\/td>\n<td>2598,88<\/td>\n<\/tr>\n<tr>\n<td>DIV. INT\u00c4KTER<\/td>\n<td><\/td>\n<td><\/td>\n<td><\/td>\n<td><\/td>\n<td><\/td>\n<td><\/td>\n<td><\/td>\n<td><\/td>\n<\/tr>\n<tr>\n<td>R\u00c4NTOR<\/td>\n<td><\/td>\n<td><\/td>\n<td><\/td>\n<td><\/td>\n<td>4133,00<\/td>\n<td>594,00<\/td>\n<td>253,00<\/td>\n<td>2263,00<\/td>\n<\/tr>\n<tr>\n<td><strong>TOTALT<\/strong><\/td>\n<td><\/td>\n<td><\/td>\n<td><\/td>\n<td><\/td>\n<td><strong>458034,07<\/strong><\/td>\n<td><strong>137750,00<\/strong><\/td>\n<td><strong>82395,00<\/strong><\/td>\n<td><strong>147089,32<\/strong><\/td>\n<\/tr>\n<tr>\n<td><\/td>\n<td><\/td>\n<td><\/td>\n<td><\/td>\n<td><\/td>\n<td><\/td>\n<td><\/td>\n<td><\/td>\n<td><\/td>\n<\/tr>\n<tr>\n<td><strong>UTGIFTER<\/strong><\/td>\n<td><\/td>\n<td><\/td>\n<td><\/td>\n<td><\/td>\n<td><\/td>\n<td><\/td>\n<td><\/td>\n<td><\/td>\n<\/tr>\n<tr>\n<td>F\u00d6RLUST AVYTTRING V\u00c4RDEPAPPER<\/td>\n<td><\/td>\n<td><\/td>\n<td><\/td>\n<td><\/td>\n<td>350598,00<\/td>\n<td>0,00<\/td>\n<td>0,00<\/td>\n<td>0,00<\/td>\n<\/tr>\n<tr>\n<td>DIV. OMKOSTNADER<\/td>\n<td><\/td>\n<td><\/td>\n<td><\/td>\n<td><\/td>\n<td>34650,00<\/td>\n<td>121191,00<\/td>\n<td>39609,00<\/td>\n<td>36087,44<\/td>\n<\/tr>\n<tr>\n<td>SKATT<\/td>\n<td><\/td>\n<td><\/td>\n<td><\/td>\n<td><\/td>\n<td>30856,00<\/td>\n<td>23659,00<\/td>\n<td>20879,00<\/td>\n<td>37840,00<\/td>\n<\/tr>\n<tr>\n<td><strong>TOTALT<\/strong><\/td>\n<td><\/td>\n<td><\/td>\n<td><\/td>\n<td><\/td>\n<td><strong>416104,00<\/strong><\/td>\n<td><strong>144850,00<\/strong><\/td>\n<td><strong>60488,00<\/strong><\/td>\n<td><strong>73927,44<\/strong><\/td>\n<\/tr>\n<tr>\n<td>\u00c5RETS VINST (F\u00d6RLUST -) EFTER SKATT<\/td>\n<td><\/td>\n<td><\/td>\n<td><\/td>\n<td><\/td>\n<td>41930,07<\/td>\n<td>-7100,00<\/td>\n<td>21907,00<\/td>\n<td>73161,88<\/td>\n<\/tr>\n<tr>\n<td><\/td>\n<td><\/td>\n<td><\/td>\n<td><\/td>\n<td><\/td>\n<td><\/td>\n<td><\/td>\n<td><\/td>\n<td><\/td>\n<\/tr>\n<tr>\n<td><\/td>\n<td><\/td>\n<td><\/td>\n<td><\/td>\n<td><\/td>\n<td><\/td>\n<td><\/td>\n<td><\/td>\n<td><\/td>\n<\/tr>\n<tr>\n<td><strong>TILLG\u00c5NGAR:<\/strong><\/td>\n<td><\/td>\n<td><\/td>\n<td><\/td>\n<td><\/td>\n<td><\/td>\n<td><\/td>\n<td><\/td>\n<td><\/td>\n<\/tr>\n<tr>\n<td>BANKKONTON:<\/td>\n<td><\/td>\n<td><\/td>\n<td><\/td>\n<td><\/td>\n<td><\/td>\n<td><\/td>\n<td><\/td>\n<td><\/td>\n<\/tr>\n<tr>\n<td>SVENSKA HANDELSBANKEN<\/td>\n<td><\/td>\n<td><\/td>\n<td><\/td>\n<td><\/td>\n<td>81579,21<\/td>\n<td>63830,21<\/td>\n<td>81987,21<\/td>\n<td>142403,09<\/td>\n<\/tr>\n<tr>\n<td>\u00d6VRIGA FORDRINGAR<\/td>\n<td><\/td>\n<td><\/td>\n<td><\/td>\n<td><\/td>\n<td>43776,00<\/td>\n<td>0,00<\/td>\n<td>0,00<\/td>\n<td>0,00<\/td>\n<\/tr>\n<tr>\n<td>AKTIER T BOKF\u00d6RT V\u00c4RDE<\/td>\n<td><\/td>\n<td><\/td>\n<td><\/td>\n<td><\/td>\n<td>1317081,00<\/td>\n<td>1321986,00<\/td>\n<td>1321986,00<\/td>\n<td>1324278,00<\/td>\n<\/tr>\n<tr>\n<td>AKTIER V\u00c4RDEF\u00d6R\u00c4NDRING<\/td>\n<td><\/td>\n<td><\/td>\n<td><\/td>\n<td><\/td>\n<td>667307,00<\/td>\n<td>1449873,00<\/td>\n<td>2044715,00<\/td>\n<td>1377005,00<\/td>\n<\/tr>\n<tr>\n<td>SKATTEFORDRAN<\/td>\n<td><\/td>\n<td><\/td>\n<td><\/td>\n<td><\/td>\n<td><\/td>\n<td>2641,00<\/td>\n<td>6391,00<\/td>\n<td>16845,00<\/td>\n<\/tr>\n<tr>\n<td><strong>TOTAL<\/strong><\/td>\n<td><\/td>\n<td><\/td>\n<td><\/td>\n<td><\/td>\n<td><strong>2109743,21<\/strong><\/td>\n<td><strong>2838330,21<\/strong><\/td>\n<td><strong>3455079,21<\/strong><\/td>\n<td><strong>2860531,09<\/strong><\/td>\n<\/tr>\n<tr>\n<td><\/td>\n<td><\/td>\n<td><\/td>\n<td><\/td>\n<td><\/td>\n<td><\/td>\n<td><\/td>\n<td><\/td>\n<td><\/td>\n<\/tr>\n<tr>\n<td><strong>SKULDER:<\/strong><\/td>\n<td><\/td>\n<td><\/td>\n<td><\/td>\n<td><\/td>\n<td><\/td>\n<td><\/td>\n<td><\/td>\n<td><\/td>\n<\/tr>\n<tr>\n<td>SKATTESKULD<\/td>\n<td><\/td>\n<td><\/td>\n<td><\/td>\n<td><\/td>\n<td>46879,00<\/td>\n<td>0,00<\/td>\n<td>0,00<\/td>\n<td>0,00<\/td>\n<\/tr>\n<tr>\n<td>LATENT SKATTESKULD<\/td>\n<td><\/td>\n<td><\/td>\n<td><\/td>\n<td><\/td>\n<td>186846,00<\/td>\n<td>381316,00<\/td>\n<td>537760,00<\/td>\n<td>362152,00<\/td>\n<\/tr>\n<tr>\n<td>\u00c5RETS VINST (F\u00d6RLUST-)<\/td>\n<td><\/td>\n<td><\/td>\n<td><\/td>\n<td><\/td>\n<td>41930,07<\/td>\n<td>-7100,00<\/td>\n<td>21907,00<\/td>\n<td>73161,88<\/td>\n<\/tr>\n<tr>\n<td>BALANSERAT EGET KAPITAL<\/td>\n<td><\/td>\n<td><\/td>\n<td><\/td>\n<td><\/td>\n<td>1353627,14<\/td>\n<td>1395557,21<\/td>\n<td>1388457,21<\/td>\n<td>1410364,21<\/td>\n<\/tr>\n<tr>\n<td>DOLD RESERV I EGET KAPITAL<\/td>\n<td><\/td>\n<td><\/td>\n<td><\/td>\n<td><\/td>\n<td>480461,00<\/td>\n<td>1068557,00<\/td>\n<td>1506955,00<\/td>\n<td>1014853,00<\/td>\n<\/tr>\n<tr>\n<td><strong>TOTAL<\/strong><\/td>\n<td><\/td>\n<td><\/td>\n<td><\/td>\n<td><\/td>\n<td><strong>2109743,21<\/strong><\/td>\n<td><strong>2838330,21<\/strong><\/td>\n<td><strong>3455079,21<\/strong><\/td>\n<td><strong>2860531,09<\/strong><\/td>\n<\/tr>\n<tr>\n<td><\/td>\n<td><\/td>\n<td><\/td>\n<td><\/td>\n<td><\/td>\n<td><\/td>\n<td><\/td>\n<td><\/td>\n<td><\/td>\n<\/tr>\n<tr>\n<td colspan=\"3\">\n<h2>V\u00c4RDEPAPPERSINNEHAV PER DEN 31 DECEMBER 2011<\/h2>\n<\/td>\n<td><\/td>\n<td><\/td>\n<td><\/td>\n<td><\/td>\n<td><\/td>\n<td><\/td>\n<\/tr>\n<tr>\n<td><\/td>\n<td><\/td>\n<td><\/td>\n<td><\/td>\n<td><\/td>\n<td><\/td>\n<td><\/td>\n<td><\/td>\n<td><\/td>\n<\/tr>\n<tr>\n<td><\/td>\n<td><\/td>\n<td><\/td>\n<td><\/td>\n<td>INK\u00d6PS<\/td>\n<td>ANSKAFNINGS<\/td>\n<td>MARKNADS<\/td>\n<td>MARKNADS<\/td>\n<td><\/td>\n<\/tr>\n<tr>\n<td>V\u00c4RDEPAPPER<\/td>\n<td><\/td>\n<td>ANTAL<\/td>\n<td>\u00a0\u00a0\u00a0\u00a0\u00a0\u00a0 \u00c5R<\/td>\n<td>KURS<\/td>\n<td>V\u00c4RDE<\/td>\n<td>KURS<\/td>\n<td>V\u00c4RDE<\/td>\n<td><\/td>\n<\/tr>\n<tr>\n<td>SEB-A<\/td>\n<td>SERIE A<\/td>\n<td>6240<\/td>\n<td>1981\/04<\/td>\n<td>18,42<\/td>\n<td>114945<\/td>\n<td>39,00<\/td>\n<td>243360<\/td>\n<td><\/td>\n<\/tr>\n<tr>\n<td>INVESTOR<\/td>\n<td>SERIE B<\/td>\n<td>4000<\/td>\n<td>1996\/04<\/td>\n<td>48,12<\/td>\n<td>192490<\/td>\n<td>128,40<\/td>\n<td>513600<\/td>\n<td><\/td>\n<\/tr>\n<tr>\n<td>\u00d6RESUND<\/td>\n<td><\/td>\n<td>3600<\/td>\n<td>2008<\/td>\n<td>64,83<\/td>\n<td>233405<\/td>\n<td>93,75<\/td>\n<td>337500<\/td>\n<td><\/td>\n<\/tr>\n<tr>\n<td>HQ BANK<\/td>\n<td><\/td>\n<td>514<\/td>\n<td>2011<\/td>\n<td>4,46<\/td>\n<td>2292<\/td>\n<td>1,82<\/td>\n<td>935<\/td>\n<td><\/td>\n<\/tr>\n<tr>\n<td>EKMAN &amp; Co<\/td>\n<td><\/td>\n<td>2000<\/td>\n<td>1999<\/td>\n<td>50,00<\/td>\n<td>100000<\/td>\n<td>287,50<\/td>\n<td>575000<\/td>\n<td><\/td>\n<\/tr>\n<tr>\n<td>ELECTROLUX<\/td>\n<td>SERIE B<\/td>\n<td>500<\/td>\n<td>2004<\/td>\n<td>56,94<\/td>\n<td>28474<\/td>\n<td>109,70<\/td>\n<td>54850<\/td>\n<td><\/td>\n<\/tr>\n<tr>\n<td>INDUSTRIV\u00c4RDEN<\/td>\n<td>SERIE C<\/td>\n<td>2000<\/td>\n<td>2008<\/td>\n<td>47,65<\/td>\n<td>95299<\/td>\n<td>82,10<\/td>\n<td>164200<\/td>\n<td><\/td>\n<\/tr>\n<tr>\n<td>HUSQVARNA<\/td>\n<td>SERIE B<\/td>\n<td>2250<\/td>\n<td>2008<\/td>\n<td>33,18<\/td>\n<td>74649<\/td>\n<td>31,71<\/td>\n<td>71348<\/td>\n<td><\/td>\n<\/tr>\n<tr>\n<td>TELIA SONER<\/td>\n<td><\/td>\n<td>7000<\/td>\n<td>06-08<\/td>\n<td>40,36<\/td>\n<td>282577<\/td>\n<td>46,77<\/td>\n<td>327390<\/td>\n<td><\/td>\n<\/tr>\n<tr>\n<td>SANDVIK<\/td>\n<td><\/td>\n<td>4000<\/td>\n<td>2008<\/td>\n<td>41,04<\/td>\n<td>164148<\/td>\n<td>84,45<\/td>\n<td>337800<\/td>\n<td><\/td>\n<\/tr>\n<tr>\n<td>VOLVO<\/td>\n<td>SERIE B<\/td>\n<td>1000<\/td>\n<td>2008<\/td>\n<td>36,00<\/td>\n<td>35999<\/td>\n<td>75,30<\/td>\n<td>75300<\/td>\n<td><\/td>\n<\/tr>\n<tr>\n<td><strong>TOTALT<\/strong><\/td>\n<td><\/td>\n<td><\/td>\n<td><\/td>\n<td><\/td>\n<td><strong>1324278<\/strong><\/td>\n<td><\/td>\n<td><strong>2701283<\/strong><\/td>\n<td><\/td>\n<\/tr>\n<tr>\n<td><\/td>\n<td><\/td>\n<td><\/td>\n<td><\/td>\n<td><\/td>\n<td><\/td>\n<td><\/td>\n<td><\/td>\n<td><\/td>\n<\/tr>\n<tr>\n<td><\/td>\n<td><\/td>\n<td><\/td>\n<td><\/td>\n<td><\/td>\n<td><\/td>\n<td><\/td>\n<td><\/td>\n<td><\/td>\n<\/tr>\n<tr>\n<td><\/td>\n<td><\/td>\n<td><\/td>\n<td><\/td>\n<td><\/td>\n<td><\/td>\n<td><\/td>\n<td><\/td>\n<td><\/td>\n<\/tr>\n<tr>\n<td><\/td>\n<td><\/td>\n<td><\/td>\n<td><\/td>\n<td><\/td>\n<td><\/td>\n<td><\/td>\n<td><\/td>\n<td><\/td>\n<\/tr>\n<tr>\n<td colspan=\"5\">\n<h2>Vinst och f\u00f6rlustr\u00e4kning kommer att f\u00f6rel\u00e4ggas f\u00f6reningssammantr\u00e4det 2012-08-18 f\u00f6r fastst\u00e4llande.<\/h2>\n<\/td>\n<td><\/td>\n<td><\/td>\n<td><\/td>\n<td><\/td>\n<\/tr>\n<tr>\n<td>Peter Ekman<\/td>\n<td colspan=\"2\">Claes Ekman<\/td>\n<td><\/td>\n<td colspan=\"2\">Ann Bernhard<\/td>\n<td>Barbro Bursell<\/td>\n<td><\/td>\n<td>Fredrik Ekman<\/td>\n<\/tr>\n<tr>\n<td>Ordf\u00f6rande<\/td>\n<td colspan=\"2\">Skattm\u00e4stare<\/td>\n<td><\/td>\n<td colspan=\"2\">Ordinarie Ledamot<\/td>\n<td colspan=\"2\">Ordinarie Ledamot<\/td>\n<td>Ordinarie Ledamot<\/td>\n<\/tr>\n<tr>\n<td><\/td>\n<td><\/td>\n<td><\/td>\n<td><\/td>\n<td><\/td>\n<td><\/td>\n<td><\/td>\n<td><\/td>\n<td><\/td>\n<\/tr>\n<tr>\n<td><\/td>\n<td><\/td>\n<td><\/td>\n<td><\/td>\n<td><\/td>\n<td><\/td>\n<td><\/td>\n<td><\/td>\n<td><\/td>\n<\/tr>\n<tr>\n<td><\/td>\n<td><\/td>\n<td><\/td>\n<td><\/td>\n<td><\/td>\n<td><\/td>\n<td><\/td>\n<td><\/td>\n<td><\/td>\n<\/tr>\n<tr>\n<td><\/td>\n<td><\/td>\n<td><\/td>\n<td><\/td>\n<td><\/td>\n<td><\/td>\n<td><\/td>\n<td><\/td>\n<td><\/td>\n<\/tr>\n<tr>\n<td>\n<h2>Revisionsber\u00e4ttelsen har avgivits<\/h2>\n<\/td>\n<td><\/td>\n<td><\/td>\n<td><\/td>\n<td><\/td>\n<td><\/td>\n<td><\/td>\n<td><\/td>\n<td><\/td>\n<\/tr>\n<tr>\n<td>Datum 2012-06-19<\/td>\n<td><\/td>\n<td><\/td>\n<td><\/td>\n<td><\/td>\n<td><\/td>\n<td><\/td>\n<td><\/td>\n<td><\/td>\n<\/tr>\n<tr>\n<td>Caroline Ekman<\/td>\n<td><\/td>\n<td><\/td>\n<td colspan=\"2\">Gustaf Ekman<\/td>\n<td><\/td>\n<td><\/td>\n<td><\/td>\n<td><\/td>\n<\/tr>\n<\/tbody>\n<\/table>\n<p><\/p>\n","protected":false},"excerpt":{"rendered":"<p>Styrelsen | Stadgar | Dagordning | Bokslut | Revisionsber\u00e4ttelse | Protokoll | Medlemskap Bokslut 08-11 Bokslut 12-14 Bokslut 15-17 Bokslut 18-21 Bokslut 22-24 Bokslut 2008-2011 \u00a0INKOMSTER 2008 2009 2010 2011 Gemf\u00f6rande UTDELNING \u00c5 AKTIER 109016,57 83000,00 73840,00 142227,44 VINST AVYTTRING V\u00c4RDEPAPPER 344884,50 54156,00 8302,00 2598,88 DIV. INT\u00c4KTER R\u00c4NTOR 4133,00 594,00 253,00 2263,00 TOTALT 458034,07 137750,00 [&hellip;]<\/p>\n","protected":false},"author":3,"featured_media":0,"parent":0,"menu_order":0,"comment_status":"closed","ping_status":"closed","template":"","meta":{"_acf_changed":false,"ngg_post_thumbnail":0,"footnotes":""},"tags":[],"class_list":["post-1804","page","type-page","status-publish","hentry"],"acf":[],"_links":{"self":[{"href":"https:\/\/ekmanfamily.se\/ver3\/wp-json\/wp\/v2\/pages\/1804","targetHints":{"allow":["GET"]}}],"collection":[{"href":"https:\/\/ekmanfamily.se\/ver3\/wp-json\/wp\/v2\/pages"}],"about":[{"href":"https:\/\/ekmanfamily.se\/ver3\/wp-json\/wp\/v2\/types\/page"}],"author":[{"embeddable":true,"href":"https:\/\/ekmanfamily.se\/ver3\/wp-json\/wp\/v2\/users\/3"}],"replies":[{"embeddable":true,"href":"https:\/\/ekmanfamily.se\/ver3\/wp-json\/wp\/v2\/comments?post=1804"}],"version-history":[{"count":0,"href":"https:\/\/ekmanfamily.se\/ver3\/wp-json\/wp\/v2\/pages\/1804\/revisions"}],"wp:attachment":[{"href":"https:\/\/ekmanfamily.se\/ver3\/wp-json\/wp\/v2\/media?parent=1804"}],"wp:term":[{"taxonomy":"post_tag","embeddable":true,"href":"https:\/\/ekmanfamily.se\/ver3\/wp-json\/wp\/v2\/tags?post=1804"}],"curies":[{"name":"wp","href":"https:\/\/api.w.org\/{rel}","templated":true}]}}