{"id":1608,"date":"2014-01-24T18:22:10","date_gmt":"2014-01-24T18:22:10","guid":{"rendered":"http:\/\/ekmanfamily.se\/ver3\/?page_id=1608"},"modified":"2015-02-06T10:02:26","modified_gmt":"2015-02-06T10:02:26","slug":"bok-2","status":"publish","type":"page","link":"https:\/\/ekmanfamily.se\/ver3\/bok-2\/","title":{"rendered":"Bok titlar"},"content":{"rendered":"<h1>B\u00f6cker: Sl\u00e4kten Ekmans f\u00f6reg\u00e5ngare<\/h1>\n<p>&nbsp;<\/p>\n<p>B\u00f6cker<br \/>\nEtt stort antal b\u00f6cker som ber\u00f6r familjen Ekman genom \u00e5r anges h\u00e4r nedan.<\/p>\n<p><strong><span style=\"text-decoration: underline;\">B\u00f6cker som finns hos Claes Ekman C:3:4:3:3<\/span><\/strong><\/p>\n<p>Joen Larsson Ekman 1599-1674, av Wilhelm Ekman<\/p>\n<p>D. Carnegie &amp; Co,\u00a0\u00a0 1803-1953, av Artur Attman<\/p>\n<p>\u00d6stan\u00e5 Bruks Historia, av Johan Ekman (C:3:4:2)<\/p>\n<p>\u00d6stan\u00e5 Boken, av B\u00f6rje Runfors<\/p>\n<p>Gustaf Ekman (C), J\u00e4rnhanteringen sammanst\u00e4llning till<br \/>\nEkmanska Sl\u00e4ktf\u00f6reningen I G\u00f6teborg 1942<\/p>\n<p>Till Konungen<br \/>\nBer\u00e4ttelse samt kostnads och Ers\u00e4ttnings f\u00f6rslag r\u00f6rande<br \/>\nDen f\u00f6reslagna G\u00f6ta kanalen,<br \/>\nAv B. v. Platen 1809 (gift m Hedvig Elisabeth f Ekman)<\/p>\n<p>G\u00f6ta kanals Historia, av Gustaf Nerman, 1895<\/p>\n<p>\u00c4tten von Platen, av Philip FR:Son von Platen och G\u00f6sta L:Son von Platen<\/p>\n<p>Sl\u00e4kten Ekman, Handelshuset Ekman &amp; Co:s f\u00f6reg\u00e5ngare, av Arne Munthe<\/p>\n<p>Vin Kvinnor Kapital, 1600 tals handel med kapital, av Christina Dalhede<\/p>\n<p>Ekman ett handelshus 1802-1996, av Jan Kuuse<\/p>\n<p>Den Osynliga L\u00e4nken, Handelshusen I G\u00f6teborg, av Jan Kuuse<\/p>\n<p>A Gothenburg House of Merchants, 1802-1952, av J.M. Fahlstr\u00f6m<\/p>\n<p>Omv\u00e4lvningarnas tid, handelshuset Ekman i G\u00f6teborg, av Magnus Andersson<\/p>\n<p>Gods\u00e4gare Oscar Ekman (A:3), p\u00e5 Bj\u00e4rka-S\u00e4by 1873-1949, av Torbj\u00f6rn Fogelberg<\/p>\n<p>Kyrka f\u00e5r Slott, Sl\u00e4kten Ekman och Nya Slottet, Bj\u00e4rka-S\u00e4by, av Peter Halldorf<\/p>\n<p>\u00c5rn\u00e4s bruk, 1802-1960, av Torbj\u00f6rn Fogelberg<\/p>\n<p>Tv\u00e5 Brukspatroner Ekman (C &amp; C3), och cellulosatekniken 1945<\/p>\n<p>Kilanda, Ekman, von Sch\u00e9ele, Klingspor, av Bo Bj\u00f6rklund<\/p>\n<p>(Peter III Ekman, Peter Wilhelm Ekman C, Carl Edward Ekman D)<\/p>\n<p>Martha &amp; Wilhelm Ekman ( C:3:4), av Christina Unger f Ekman C:3:4:1:2<\/p>\n<p>Biografiska Anteckningar och minnen, av Gustaf Retzius<\/p>\n<p>Morg\u00e5rdshammar 1856-1956<\/p>\n<p>Ur Morg\u00e5rdshammars Kr\u00f6nika, av Fil. Dr Karl-Erik Forsslund<\/p>\n<p>Storforsverkens historia, Gustaf Ekman C:3:2<br \/>\nJohan August Wahlberg, naturforskare, samlare, elefantj\u00e4gare.<br \/>\nSon till Anna Margaretha f Ekman<br \/>\noch barnbarn till Gustaf Henrik Ekman, (grundare av Ekman &amp; Co),<br \/>\nutgiven av Peter Johansson<\/p>\n<p>Johan August Wahlberg, Sydafrika, Namibia, Botswana 1838-1856.<br \/>\nav Dr Hans Christoph Hummel, engelsk bok.<\/p>\n<p><strong><span style=\"text-decoration: underline;\"><br \/>\nB\u00f6cker som finns hos Peter Ekman B:4:2:4<\/span><\/strong><\/p>\n<p>Emil Ekmans \u00a0(B) dagboksanteckningar<\/p>\n<p>Oacar Ekman (A), av Oscar Manstr\u00f6m<\/p>\n<p>Oscar Ekman (A), 1812 \u2013 1907, En Minnesbok<\/p>\n<p>D. Carnegie &amp; Co, av Artur Attman<\/p>\n<p>The Carnegie Familie in Gothenburg<\/p>\n<p>Sockerbruket vid Klippan, 1808 \u2013 1958, av Arthur Attman \/ H\u00e5kan Ekman<\/p>\n<p>Gustaf Ekman (B:1), En Minnesteckning av E. Hubendick<\/p>\n<p>Neptun och Mammon, Otto Petterssons brev till Gustaf Ekman (B:1) 1884 \u2013 1929<\/p>\n<p>Peter I\u00a0 Ekman blir R\u00e5dman, Kulturbild fr\u00e5n V\u00e4nersborg 1709<\/p>\n<p>Svenskt Biografiskt lexikon, S\u00e4rtryck 1949<\/p>\n<p>Ekman &amp; Co 1802 \u2013 2002, av Ruth Andersson<\/p>\n<p>Med Hammare och Fackla<br \/>\nI den finns ett antal frist\u00e5ende artiklar. Christina Dahlhed har skrivit ett kapitel p\u00e5 43 sidor som heter \u201dV\u00e5gb\u00f6ckernas hemligheter &#8211; nya aspekter p\u00e5 f\u00f6rindustriell j\u00e4rnexport i G\u00f6teborg 1709 &#8211; 1733. Den ansvarige v\u00e5gm\u00e4staren fyllde en mycket viktig funktion.<\/p>\n<p>P\u00e5 j\u00e4rnv\u00e5gen i G\u00f6teborg (l\u00e5g vid Brunnsparken) kontrollerades allt j\u00e4rn, som exporterades fr\u00e5n V\u00e4rmland, Bergslagen och Dalsland \u00a0via V\u00e4nersborg och G\u00f6ta \u00c4lv. Daniel Joensson Ekman var en av V\u00e4nersborgs st\u00f6rsta j\u00e4rnfaktorer. Efter hans d\u00f6d tog hans \u00e4nka \u00a0Elisabeth (Marcus) \u00f6ver och utvidgade verksamheten. Denna togs sedan \u00f6ver av Daniels s\u00f6ner Anders och Peter (I). Familjen kom \u00e4ven att spela en viktig roll inom handel med j\u00e4rn i G\u00f6teborg.<\/p>\n<p><strong><span style=\"text-decoration: underline;\"><br \/>\nB\u00f6cker som finns hos Matts Ekman C:3:2:7:2<\/span><\/strong><\/p>\n<p>Kilanda: \u00a0\u2013 Ekman \u2013 von Sch\u00e9ele \u2013 Klingspor av Bo Bj\u00f6rklund (inb)<\/p>\n<p>Att vara utan att synas \u2013 om riksinternaten Lundsberg, Sigtuna och Gr\u00e4nna av<br \/>\nAgnes Hellstr\u00f6m<\/p>\n<p>De dalsl\u00e4ndska j\u00e4rnbruken, bl a om Gustafsfors av Anders Edestam (inb)<\/p>\n<p>Fiskeby Fabriks AB,\u00a0 bl a om Carl Ekman och Finspong (Fiskeby ingick i Finspong-konglomeratet) (inb)<\/p>\n<p>Svenskt St\u00e5l f\u00f6re de stora g\u00f6tst\u00e5lsprocessernas inf\u00f6rande \u2013 historiska anteckningar av Carl Sahlin<\/p>\n<p>Tv\u00e5 Brukspatroner Ekman och Cellulosatekniken, Industrihistorisk Skriftserie: Svenska Cellulosa o Tr\u00e4massef\u00f6reningarna nr 3:<\/p>\n<p>Seklernas Finsp\u00e5ng (hft)\u00a0 2 olika skrifter (tunna) av Arne Malmberg<\/p>\n<p>The Trading Companies in Gothenburg: History and present competitiveness.<br \/>\nUppsats vid G\u00f6teborgs Handelsh\u00f6gskola 1994 av Johanna Pettersson<\/p>\n<p>British contributions to Sweden\u00b4s industrial development, utg av General Export Association of Sweden, av Emil Sahlin<\/p>\n<p>Hedvig Ekman minnesruna skriven av Ernst G Ekman C:3:2:3,<br \/>\nur Larssonska sl\u00e4ktf\u00f6reningens skrift (hft)<\/p>\n<p>Gust. Ekman minnesruna (s\u00e4rtryck)<\/p>\n<p>Gustaf Ekman och J\u00e4rnhanteringen (hft) av Gust. Ekman vid f\u00f6redrag f\u00f6r Ekmanska Sl\u00e4ktf\u00f6reningen i G\u00f6teborg 1942<\/p>\n<p>Joen Larsson Ekman 1599 \u2013 1674 (hft) av Wilhelm Ekman vid f\u00f6redrag f\u00f6r Ekmanska Sl\u00e4ktf\u00f6reningen 1939<\/p>\n<p>Gustaf Ekman \u2013 Svenska j\u00e4rnets nydanare f\u00f6r 100 \u00e5r sedan av Gust. Ekman 1944; Jernkontorets Historiska Skriftserie nr XII<\/p>\n<p>J\u00e4rnavs\u00e4ttning och Bruksfinansiering 1800-1860 av Rolf Adamson, Ekonomisk-historiska institutionen vid G\u00f6teborgs Universitet, 1966<\/p>\n<p>De svenska j\u00e4rnbrukens storleksutveckling och avs\u00e4ttningsinriktning 1796-1860 av Rolf Adamson, Ekonomisk-historiska institutionen vid G\u00f6teborgs Universitet, 1963<\/p>\n<p>Den svenska j\u00e4rnhanteringens finansieringsf\u00f6rh\u00e5llanden \u2013 f\u00f6rlagsinteckningar 1800-1884 av Rolf Adamson, Ekonomisk-historiska institutionen vid G\u00f6teborgs Universitet, 1963<\/p>\n<p>Ur Storforsverkens Historia \u2013 anteckningar av Gust. Ekman (inb)<\/p>\n<p>Bruket vid Barken \u2013 Smedjebackens Valsverk under 100 \u00e5r av Axel Gj\u00f6res (inb)<\/p>\n<p>Uddeholm 1668-1968, jubileumsskrift (hft) av Nils Kjellstr\u00f6m, f\u00f6rord av Wilhelm Ekman<\/p>\n<p>Ekman &amp; Co 1802 -1952,\u00a0 A Gothenburg House of Merchants av J M Fahlstr\u00f6m, jubileumsskrift (inb)<\/p>\n<p>Ekman familjen, s\u00e4rtryck ur Svenskt Biografiskt Lexikon Band XIII, h\u00e4fte 61, 1949 (hft)<\/p>\n<p>Ur Morg\u00e5rdshammars Kr\u00f6nika av Karl-Erik Forslund 1931, s\u00e4rtryck till 75-\u00e5rsjubileet 1935.<\/p>\n<p>Morg\u00e5rdshammar 1856-1956, jubileumsskrift till 100-\u00e5rsdagen (inb)<\/p>\n<p>Morg\u00e5rdshammar \u00c5rsredovisning 1974.<\/p>\n<p>Gjutj\u00e4rnets Tids\u00e5lder \u2013 Svensk j\u00e4rngjutning fram till 1800-talets mitt av Martin Fritz, utgiven av Gjuterihistoriska S\u00e4llskapet \u00a0(inb)<\/p>\n<p>Chalmerska Huset i G\u00f6teborg av G\u00f6ran Axel-Nilsson (inb)<\/p>\n<p>Royal Bachelor\u00b4s Club 1769-1969, jubileumsskrift (inb)<\/p>\n<p>\u00d6stan\u00e5 Bruks Historia \u2013 n\u00e5gra anteckningar samlade av Johan Ekman (inb)<\/p>\n<p>Svenskt J\u00e4rn och St\u00e5l 1800-1914 av Artur Attman, f\u00f6rord av Wilhelm Ekman (inb)<\/p>\n<p>Sl\u00e4kten Ekman \u2013 Handelshuset Ekman &amp; Co\u00b4s f\u00f6reg\u00e5ngare av Arne Munthe (inb)<\/p>\n<p>Kvarteret Kommerser\u00e5det i G\u00f6teborg \u2013 dess historia fram till v\u00e5ra dagar av Maja Kjellin 1965, g\u00e5va av Skandinaviska Enskilda Banken (inb)<\/p>\n<p>Skandinaviska Banken 1864-1914 av Ernst S\u00f6derlund (inb)<\/p>\n<p>Skandinaviska Banken 1914-1939 av Ernst S\u00f6derlund (inb)<\/p>\n<p>Sockerbruket vid Klippan 1808-1958 \u2013 till minne av de Lorentska Fabrikerna och D. Carnegie och deras arvtagare av H\u00e5kan Ekman och Artur Attman 1958; g\u00e5va fr\u00e5n sl\u00e4kten Ekman (inb)<\/p>\n<p>Villagatan 6 \u2013 ett Stockholmskvarter med anor av Klas Sch\u00f6nning 2012, g\u00e5va fr\u00e5n Axel Johnsson-koncernen (praktverk)<\/p>\n<p>Ekman &amp; Co 200 Years, jubileumsskrift till 200-\u00e5rsjubileet 2002 av Ruth Andersson (inb)<\/p>\n<p>Den Osynliga L\u00e4nken \u2013 om Handelshusen i G\u00f6teborg under 1900-talet av Jan Kuuse 1999 (inb)<\/p>\n<p>EKMAN \u2013 Ett Handelshus 1802-1996 av Jan Kuuse 1996 (inb)<\/p>\n<p>Shanghai \u2013 Svenskarnas Liv &amp; \u00d6den 1847-2012 av Bengt Johansson 2013 (inb)<\/p>\n<p>Bland Direkt\u00f6rer och Sj\u00f6m\u00e4n i det Gamla Shanghai av Bengt Johansson, supplement till f\u00f6reg\u00e5ende (hft)<\/p>\n<p>Omv\u00e4lvningarnas Tid \u2013 Handelshuset Ekman i G\u00f6teborg p\u00e5 en europeisk kreditmarknad 1790-1820 doktoranduppsats av Magnus Andersson 2011, Preindustrial Research Group nr 4 i serien En Tidig Europamarknad (inb)<\/p>\n<p>Oscar Ekman \u2013 minnesbok av Louise Falkenberg och Oskar Malmstr\u00f6m 1922, begr\u00e4nsad till 75 numr ex (inb)<\/p>\n<p>Sockerbolaget Cardo 1907-1982 av Jan Kuuse till 75-\u00e5rsjubileet (inb)<\/p>\n<p>Svenska F\u00f6rm\u00f6genheter av G\u00f6ran H\u00e4gg 2013 (b\u00f6rjar med Carnegie m fl i G\u00f6teborg) (inb)<\/p>\n<p>Preindustrial Commercial History \u2013 Flows and Contacts between Cities in Scandinavia and North Western Europe av Markus Denzel och Christina Dalhede 2014, Preindustrial Research Group nr 6 i serien En Tidig Europamarknad (inb)<\/p>\n<p>Johan August Wahlberg \u2013 Naturforskare, Samlare, Elefantj\u00e4gare av Peter Johansson<\/p>\n<p>\u00c4gande och Industriell Omvandling av Jan Gleete 1987 utgiven av SNS<\/p>\n<p>\u00c5rn\u00e4s Bruk 1802-1960 av Torbj\u00f6rn Fogelberg<\/p>\n<p>Carnegie &amp; Co 1803-1953 av Artur Attman (jubileumsbok) (inb)<\/p>\n<p>Carnegie &#8211; De F\u00f6rsta Tv\u00e5 Seklen av Carl Uggla m fl 2003 (inb)<\/p>\n<p>Bank och Industriellt Genombrott \u2013 Stockholms Enskilda Bank kring Sekelskiftet 1900, del I och II av Olle Gasslander 1956.<\/p>\n<p>N\u00e4r J\u00e4rnet Br\u00f6t Bygd \u2013 En kr\u00f6nika om liv och arbete i Lesj\u00f6fors under 300 \u00e5r av Gerard de Geer 1975 (inb)<\/p>\n<p>Bergslagsrapsodi av Gerard de Geer 1953 (inb)<\/p>\n<p>Genombrottstider i Bergslagen av Gerard de Geer 1951 (inb)<\/p>\n<p>Sveriges Naturrikedomar av Gerard de Geer 1950 (inb)<\/p>\n<p>G\u00f6teborg F\u00f6rr och Nu \u2013 avsnitt om G\u00f6teborgs \u00c4ldre Bankhistoria \u2013 Diskonternas verksamhet 1783-1818 av Bertil Andersson,\u00a0 samt Kreditinstituten i G\u00f6teborg 1820-1875 av Ingemar Nygren, utgiven i G\u00f6teborgs Hembygdsf\u00f6rbunds Skriftserie nr XVIII 1982.<\/p>\n<p>Wilhelm Ekman C:3:4 som Bergshistoriker av S Fornander, Det svenska st\u00e5lets v\u00e4rldsrykte av Wilhelm Ekman. Som Metallurg i Forbacka 1937-1943 av Wilhelm Ekman &#8211; avsnitt i<\/p>\n<p>Med Hammare och Fackla (S:te \u00d6rjens Gille) 1992 no XXXII<\/p>\n<p>Lancashiresmide och Omvandling av G\u00f6ran Ryd\u00e9n \u2013 avsnitt i Med Hammare och Fackla (S:te \u00d6rjens Gille) 1998 no XXXV<\/p>\n<p>Lancashiresystemet av Nils G Ekman C:3:4:1:1 &#8211; avsnitt i Med Hammare och Fackla (S:te \u00d6rjens Gille) 2002 no XXXVII<\/p>\n<p>\u00d6versiktlig Inventering av tunga produktionsutrustningar vid de svenska j\u00e4rnbruken, bl a en hel del om Lancashiresmide av Bj\u00f6rn Bj\u00f6rck \u2013 avsnitt i Med Hammare och Fackla (S:te \u00d6rjens Gille) 2004 no XXXVIII<\/p>\n<p>G\u00f6teborgs Historia fr\u00e5n 1619-1995 i tre band skrivna av Bertil Andrsson, Martin Fritz och Kent Olsson (inb)<\/p>\n<p>G\u00f6teborgsdonatorerna Anna och Henrik Ahrenberg \u2013 fr\u00e4mjare av vetenskap, kultur och social v\u00e4lf\u00e4rd &#8211; av Martin Fritz 2007 (Ahrenberg arbetade och var del\u00e4gare i Ekman &amp; Co).<\/p>\n<p>SEB 150 \u00c5r av F\u00f6r\u00e4ndring \u2013 Jubileumsbok 2006 \u2013 av Petter Ksrlsson<\/p>\n<p>Vin Kvinnor Kapital, 1600 tals handel med kapital, av Christina Dalhede<\/p>\n<p>Peter III Ekman &#8211; En Handelsman i Tiden av Magnus Andersson \u2013 avsnitt i G\u00f6teborg F\u00f6rr och Nu. G\u00f6teborgs Hembyggdsf\u00f6rbunds skriftserie XXXV 2014.<\/p>\n<p>Det Svenska N\u00e4ringslivets Historia 1864-1914. Av Mats Larsson m fl (1914). I den finns en del om handelshusen och en helsida \u00e4gnas \u00e5t Familjen Ekman, f \u00f6 trevligt skriven. Boken behandlar ocks\u00e5 Bergslagen och bruken, bl a Uddeholm m fl.<\/p>\n<p>&nbsp;<\/p>\n<p>&nbsp;<\/p>\n","protected":false},"excerpt":{"rendered":"<p>B\u00f6cker: Sl\u00e4kten Ekmans f\u00f6reg\u00e5ngare &nbsp; B\u00f6cker Ett stort antal b\u00f6cker som ber\u00f6r familjen Ekman genom \u00e5r anges h\u00e4r nedan. B\u00f6cker som finns hos Claes Ekman C:3:4:3:3 Joen Larsson Ekman 1599-1674, av Wilhelm Ekman D. Carnegie &amp; Co,\u00a0\u00a0 1803-1953, av Artur Attman \u00d6stan\u00e5 Bruks Historia, av Johan Ekman (C:3:4:2) \u00d6stan\u00e5 Boken, av B\u00f6rje Runfors Gustaf Ekman [&hellip;]<\/p>\n","protected":false},"author":3,"featured_media":0,"parent":0,"menu_order":0,"comment_status":"closed","ping_status":"open","template":"","meta":{"_acf_changed":false,"ngg_post_thumbnail":0,"footnotes":""},"tags":[],"class_list":["post-1608","page","type-page","status-publish","hentry"],"acf":[],"_links":{"self":[{"href":"https:\/\/ekmanfamily.se\/ver3\/wp-json\/wp\/v2\/pages\/1608","targetHints":{"allow":["GET"]}}],"collection":[{"href":"https:\/\/ekmanfamily.se\/ver3\/wp-json\/wp\/v2\/pages"}],"about":[{"href":"https:\/\/ekmanfamily.se\/ver3\/wp-json\/wp\/v2\/types\/page"}],"author":[{"embeddable":true,"href":"https:\/\/ekmanfamily.se\/ver3\/wp-json\/wp\/v2\/users\/3"}],"replies":[{"embeddable":true,"href":"https:\/\/ekmanfamily.se\/ver3\/wp-json\/wp\/v2\/comments?post=1608"}],"version-history":[{"count":0,"href":"https:\/\/ekmanfamily.se\/ver3\/wp-json\/wp\/v2\/pages\/1608\/revisions"}],"wp:attachment":[{"href":"https:\/\/ekmanfamily.se\/ver3\/wp-json\/wp\/v2\/media?parent=1608"}],"wp:term":[{"taxonomy":"post_tag","embeddable":true,"href":"https:\/\/ekmanfamily.se\/ver3\/wp-json\/wp\/v2\/tags?post=1608"}],"curies":[{"name":"wp","href":"https:\/\/api.w.org\/{rel}","templated":true}]}}