{"id":132,"date":"2013-01-20T09:31:34","date_gmt":"2013-01-20T09:31:34","guid":{"rendered":"http:\/\/ekmanfamily.se\/ver3\/?page_id=132"},"modified":"2025-07-16T15:56:17","modified_gmt":"2025-07-16T15:56:17","slug":"bokslut","status":"publish","type":"page","link":"https:\/\/ekmanfamily.se\/ver3\/bokslut\/","title":{"rendered":"Bokslut 12-14"},"content":{"rendered":"<p><a href=\"styrelsen\/\">Styrelsen<\/a> | <a href=\"stadgar\/\">Stadgar<\/a> | <a href=\"dagordning\/\">Dagordning<\/a> | <a href=\"bokslut\/\">Bokslut<\/a> | <a href=\"revisionsberattelse\/\">Revisionsber\u00e4ttelse<\/a> | <a href=\"protokoll\/\">Protokoll<\/a> | <a href=\"medlemskap\/\">Medlemskap<\/a><br \/>\n<a class=\"green_link\" href=\"http:\/\/ekmanfamily.se\/ver3\/bokslut-08-11\/\">Bokslut 08-11<\/a><br \/>\n<a class=\"green_link\" href=\"http:\/\/ekmanfamily.se\/ver3\/bokslut\/\">Bokslut 12-14<\/a><br \/>\n<a class=\"green_link\" href=\"http:\/\/ekmanfamily.se\/ver3\/bokslut-15-17\/\">Bokslut 15-17<\/a><br \/>\n<a class=\"green_link\" href=\"http:\/\/ekmanfamily.se\/ver3\/bokslut-18-20\/\">Bokslut 18-21<\/a><br \/>\n<a class=\"green_link\" href=\"http:\/\/ekmanfamily.se\/ver3\/bokslut-22-24\/\">Bokslut 22-24<\/a><\/p>\n<h1>Bokslut 2012-2014<\/h1>\n<table style=\"width: 100%;\">\n<tbody>\n<tr>\n<td><\/td>\n<td><\/td>\n<td><\/td>\n<td><\/td>\n<td><\/td>\n<\/tr>\n<tr>\n<td><strong>INKOMSTER<\/strong><\/td>\n<td><\/td>\n<td>\u00a0\u00a02012<\/td>\n<td>\u00a0\u00a02013<\/td>\n<td>\u00a02014<\/td>\n<\/tr>\n<tr>\n<td><\/td>\n<td><\/td>\n<td><\/td>\n<td><\/td>\n<td><\/td>\n<\/tr>\n<tr>\n<td>UTDELNING P\u00c5 AKTIER<\/td>\n<td><\/td>\n<td>119311,00<\/td>\n<td>134195,00<\/td>\n<td>151969,00<\/td>\n<\/tr>\n<tr>\n<td><\/td>\n<td><\/td>\n<td><\/td>\n<td><\/td>\n<td><\/td>\n<\/tr>\n<tr>\n<td>VINST AVYTTRING V\u00c4RDEPAPPER<\/td>\n<td><\/td>\n<td>135899,00<\/td>\n<td>\u00a0 \u00a08031,00<\/td>\n<td>191988,52<\/td>\n<\/tr>\n<tr>\n<td><\/td>\n<td><\/td>\n<td><\/td>\n<td><\/td>\n<td><\/td>\n<\/tr>\n<tr>\n<td>DIV. INT\u00c4KTER<\/td>\n<td><\/td>\n<td>\u00a0 \u00a0 \u00a0 \u00a0 \u00a00,00<\/td>\n<td>\u00a0 \u00a0 \u00a0 \u00a0 \u00a00,00<\/td>\n<td>\u00a0 \u00a0 \u00a0 \u00a0 \u00a00,00<\/td>\n<\/tr>\n<tr>\n<td><\/td>\n<td><\/td>\n<td><\/td>\n<td><\/td>\n<td><\/td>\n<\/tr>\n<tr>\n<td>R\u00c4NTOR<\/td>\n<td><\/td>\n<td>\u00a0 \u00a01996,00<\/td>\n<td>\u00a0 \u00a0 \u00a0716,00<\/td>\n<td>\u00a0 \u00a0 \u00a0384,00<\/td>\n<\/tr>\n<tr>\n<td><\/td>\n<td><\/td>\n<td><\/td>\n<td><\/td>\n<td><\/td>\n<\/tr>\n<tr>\n<td><strong>TOTALT<\/strong><\/td>\n<td><\/td>\n<td><strong>257206,00<\/strong><\/td>\n<td><strong>142942,00<\/strong><\/td>\n<td><strong>344341,52<\/strong><\/td>\n<\/tr>\n<tr>\n<td><\/td>\n<td><\/td>\n<td><\/td>\n<td><\/td>\n<td><\/td>\n<\/tr>\n<tr>\n<td><\/td>\n<td><\/td>\n<td><\/td>\n<td><\/td>\n<td><\/td>\n<\/tr>\n<tr>\n<td><strong>UTGIFTER<\/strong><\/td>\n<td><\/td>\n<td><\/td>\n<td><\/td>\n<td><\/td>\n<\/tr>\n<tr>\n<td><\/td>\n<td><\/td>\n<td><\/td>\n<td><\/td>\n<td><\/td>\n<\/tr>\n<tr>\n<td>F\u00d6RLUST AVYTTRING V\u00c4RDEPAPPER<\/td>\n<td><\/td>\n<td>\u00a0 \u00a0 \u00a0 \u00a0 \u00a00,00<\/td>\n<td>\u00a0 \u00a0 1234,00<\/td>\n<td>\u00a0 \u00a0 \u00a0 \u00a0 0,00<\/td>\n<\/tr>\n<tr>\n<td><\/td>\n<td><\/td>\n<td><\/td>\n<td><\/td>\n<td><\/td>\n<\/tr>\n<tr>\n<td>DIV. OMKOSTNADER<\/td>\n<td><\/td>\n<td>270210,50<\/td>\n<td>\u00a0 \u00a0 4851,54<\/td>\n<td>\u00a014552,80<\/td>\n<\/tr>\n<tr>\n<td><\/td>\n<td><\/td>\n<td><\/td>\n<td><\/td>\n<td><\/td>\n<\/tr>\n<tr>\n<td>SKATT<\/td>\n<td><\/td>\n<td>\u00a0 64478,00<\/td>\n<td>\u00a0 30464,00<\/td>\n<td>\u00a075026,00<\/td>\n<\/tr>\n<tr>\n<td><\/td>\n<td><\/td>\n<td><\/td>\n<td><\/td>\n<td><\/td>\n<\/tr>\n<tr>\n<td><strong>TOTALT<\/strong><\/td>\n<td><\/td>\n<td><strong>334688,50<\/strong><\/td>\n<td><strong>\u00a036549,54<\/strong><\/td>\n<td><strong>\u00a089578,80<\/strong><\/td>\n<\/tr>\n<tr>\n<td><\/td>\n<td><\/td>\n<td><\/td>\n<td><\/td>\n<td><\/td>\n<\/tr>\n<tr>\n<td>\u00c5RETS VINST (F\u00d6RLUST -) EFTER SKATT<\/td>\n<td><\/td>\n<td>-77482,50<\/td>\n<td>106392,46<\/td>\n<td>254762,72<\/td>\n<\/tr>\n<tr>\n<td><\/td>\n<td><\/td>\n<td><\/td>\n<td><\/td>\n<td><\/td>\n<\/tr>\n<tr>\n<td><\/td>\n<td><\/td>\n<td><\/td>\n<td><\/td>\n<td><\/td>\n<\/tr>\n<tr>\n<td><strong>TILLG\u00c5NGAR<\/strong><\/td>\n<td><\/td>\n<td><\/td>\n<td><\/td>\n<td><\/td>\n<\/tr>\n<tr>\n<td><\/td>\n<td><\/td>\n<td><\/td>\n<td><\/td>\n<td><\/td>\n<\/tr>\n<tr>\n<td>BANKKONTON:<\/td>\n<td><\/td>\n<td><\/td>\n<td><\/td>\n<td><\/td>\n<\/tr>\n<tr>\n<td><\/td>\n<td><\/td>\n<td><\/td>\n<td><\/td>\n<td><\/td>\n<\/tr>\n<tr>\n<td>SVENSKA HANDELSBANKEN<\/td>\n<td><\/td>\n<td>\u00a0 17541,59<\/td>\n<td>\u00a0 \u00a025331,05<\/td>\n<td>\u00a0135902,77<\/td>\n<\/tr>\n<tr>\n<td><\/td>\n<td><\/td>\n<td><\/td>\n<td><\/td>\n<td><\/td>\n<\/tr>\n<tr>\n<td>\u00d6VRIGA FORDRINGAR<\/td>\n<td><\/td>\n<td>\u00a0 \u00a0 \u00a0 \u00a0 \u00a0 \u00a00,00<\/td>\n<td>\u00a0 \u00a0 \u00a0 \u00a0 \u00a0 \u00a00,00<\/td>\n<td>\u00a0300000,00<\/td>\n<\/tr>\n<tr>\n<td><\/td>\n<td><\/td>\n<td><\/td>\n<td><\/td>\n<td><\/td>\n<\/tr>\n<tr>\n<td>AKTIER T BOKF\u00d6RT V\u00c4RDE<\/td>\n<td><\/td>\n<td>1431254,00<\/td>\n<td>1479271,00<\/td>\n<td>1375711,00<\/td>\n<\/tr>\n<tr>\n<td><\/td>\n<td><\/td>\n<td><\/td>\n<td><\/td>\n<td><\/td>\n<\/tr>\n<tr>\n<td>AKTIER V\u00c4RDEF\u00d6R\u00c4NDRING<\/td>\n<td><\/td>\n<td>1718380,00<\/td>\n<td>2304123,00<\/td>\n<td>2748667,00<\/td>\n<\/tr>\n<tr>\n<td><\/td>\n<td><\/td>\n<td><\/td>\n<td><\/td>\n<td><\/td>\n<\/tr>\n<tr>\n<td>SKATTEFORDRAN<\/td>\n<td><\/td>\n<td>\u00a0 \u00a0 \u00a0 \u00a0 \u00a0 \u00a0 0,00<\/td>\n<td>\u00a0 \u00a0 \u00a0 7834,00<\/td>\n<td>\u00a0 \u00a0 \u00a0 \u00a0 \u00a0 \u00a0 0,00<\/td>\n<\/tr>\n<tr>\n<td><\/td>\n<td><\/td>\n<td><\/td>\n<td><\/td>\n<td><\/td>\n<\/tr>\n<tr>\n<td><strong>TOTAL<\/strong><\/td>\n<td><strong>\u00a0<\/strong><\/td>\n<td><strong>3167175,59<\/strong><\/td>\n<td><strong>3816559,05<\/strong><\/td>\n<td><strong>4560280,77<\/strong><\/td>\n<\/tr>\n<tr>\n<td><\/td>\n<td><\/td>\n<td><\/td>\n<td><\/td>\n<td><\/td>\n<\/tr>\n<tr>\n<td><\/td>\n<td><\/td>\n<td><\/td>\n<td><\/td>\n<td><\/td>\n<\/tr>\n<tr>\n<td><strong>SKULDER<\/strong><\/td>\n<td><\/td>\n<td><\/td>\n<td><\/td>\n<td><\/td>\n<\/tr>\n<tr>\n<td><\/td>\n<td><\/td>\n<td><\/td>\n<td><\/td>\n<td><\/td>\n<\/tr>\n<tr>\n<td>SKATTESKULD<\/td>\n<td><\/td>\n<td>\u00a0 \u00a042752,00<\/td>\n<td>\u00a0 \u00a0 \u00a0 \u00a0 \u00a0 0,00<\/td>\n<td>\u00a0 \u00a0 44415,00<\/td>\n<\/tr>\n<tr>\n<td><\/td>\n<td><\/td>\n<td><\/td>\n<td><\/td>\n<td><\/td>\n<\/tr>\n<tr>\n<td>LATENT SKATTESKULD<\/td>\n<td><\/td>\n<td>\u00a0451933,00<\/td>\n<td>\u00a0506907,00<\/td>\n<td>\u00a0 604706,00<\/td>\n<\/tr>\n<tr>\n<td><\/td>\n<td><\/td>\n<td><\/td>\n<td><\/td>\n<td><\/td>\n<\/tr>\n<tr>\n<td>\u00c5RETS VINST (F\u00d6RLUST-)<\/td>\n<td><\/td>\n<td>\u00a0 -77482,50<\/td>\n<td>\u00a0106392,46<\/td>\n<td>\u00a0 254762,72<\/td>\n<\/tr>\n<tr>\n<td><\/td>\n<td><\/td>\n<td><\/td>\n<td><\/td>\n<td><\/td>\n<\/tr>\n<tr>\n<td>BALANSERAT EGET KAPITAL<\/td>\n<td><\/td>\n<td>1483526,09<\/td>\n<td>1406043,59<\/td>\n<td>1512436,05<\/td>\n<\/tr>\n<tr>\n<td><\/td>\n<td><\/td>\n<td><\/td>\n<td><\/td>\n<td><\/td>\n<\/tr>\n<tr>\n<td>DOLD RESERV I EGET KAPITAL<\/td>\n<td><\/td>\n<td>1266447,00<\/td>\n<td>1797216,00<\/td>\n<td>2143961,00<\/td>\n<\/tr>\n<tr>\n<td><\/td>\n<td><\/td>\n<td><\/td>\n<td><\/td>\n<td><\/td>\n<\/tr>\n<tr>\n<td><strong>TOTAL<\/strong><\/td>\n<td><\/td>\n<td><strong>3167175,59<\/strong><\/td>\n<td><strong>3816559,05<\/strong><\/td>\n<td><strong>4560280,77<\/strong><\/td>\n<\/tr>\n<tr>\n<td colspan=\"5\"><\/td>\n<\/tr>\n<tr>\n<td colspan=\"5\"><\/td>\n<\/tr>\n<\/tbody>\n<\/table>\n<h2>V\u00c4RDEPAPPERSINNEHAV PER DEN 31 DECEMBER 2014<\/h2>\n<p><strong>TOTALT<\/strong>\u00a0\u00a0\u00a0<strong>1375711<\/strong><strong>\u00a0<\/strong><strong>\u00a0 4124378<\/strong><\/p>\n<table style=\"width: 100%;\">\n<tbody>\n<tr>\n<td><\/td>\n<td><\/td>\n<td><\/td>\n<td><\/td>\n<td><\/td>\n<td><\/td>\n<td><\/td>\n<td><\/td>\n<\/tr>\n<tr>\n<td><\/td>\n<td><\/td>\n<td><\/td>\n<td><\/td>\n<td><\/td>\n<td><\/td>\n<td><\/td>\n<td><\/td>\n<\/tr>\n<tr>\n<td>V\u00c4RDEPAPPER<\/td>\n<td><\/td>\n<td>Antal<\/td>\n<td>\u00a0 \u00c5r<\/td>\n<td>Ink\u00f6psv\u00e4rde<\/td>\n<td>Ink\u00f6pskurs<\/td>\n<td>Marknadsv\u00e4rde<\/td>\n<td>Marknadskurs<\/td>\n<\/tr>\n<tr>\n<td><\/td>\n<td><\/td>\n<td><\/td>\n<td><\/td>\n<td><\/td>\n<td><\/td>\n<td><\/td>\n<td><\/td>\n<\/tr>\n<tr>\n<td>SEB-A<\/td>\n<td><\/td>\n<td>6240<\/td>\n<td>81\/04<\/td>\n<td>\u00a0 \u00a0 114945<\/td>\n<td>\u00a0 \u00a0 18,42<\/td>\n<td>\u00a0 \u00a0 \u00a0 621192<\/td>\n<td>\u00a0 \u00a0 \u00a0\u00a0 99,55<\/td>\n<\/tr>\n<tr>\n<td><\/td>\n<td><\/td>\n<td><\/td>\n<td><\/td>\n<td><\/td>\n<td><\/td>\n<td><\/td>\n<td><\/td>\n<\/tr>\n<tr>\n<td>INVESTOR-B<\/td>\n<td><\/td>\n<td>4000<\/td>\n<td>96\/04<\/td>\n<td>\u00a0 \u00a0 192490<\/td>\n<td>\u00a0 \u00a0 48,12<\/td>\n<td>\u00a0 \u00a0\u00a0 1138800<\/td>\n<td>\u00a0 \u00a0\u00a0 284,70<\/td>\n<\/tr>\n<tr>\n<td><\/td>\n<td><\/td>\n<td><\/td>\n<td><\/td>\n<td><\/td>\n<td><\/td>\n<td><\/td>\n<td><\/td>\n<\/tr>\n<tr>\n<td>Ekman &amp; Co<\/td>\n<td><\/td>\n<td>8328<\/td>\n<td>1999<\/td>\n<td>\u00a0 \u00a0125426<\/td>\n<td>\u00a0 15,06<\/td>\n<td>\u00a0 \u00a0 \u00a0 713626<\/td>\n<td>\u00a0 \u00a0 \u00a0\u00a0 85,69<\/td>\n<\/tr>\n<tr>\n<td><\/td>\n<td><\/td>\n<td><\/td>\n<td><\/td>\n<td><\/td>\n<td><\/td>\n<td><\/td>\n<td><\/td>\n<\/tr>\n<tr>\n<td>ELECTROLUX-B<\/td>\n<td><\/td>\n<td>500<\/td>\n<td>2004<\/td>\n<td>\u00a0\u00a0\u00a0\u00a0 28474<\/td>\n<td>\u00a0\u00a0\u00a0 59,64<\/td>\n<td>\u00a0\u00a0\u00a0\u00a0 114400<\/td>\n<td>\u00a0\u00a0\u00a0\u00a0 228,80<\/td>\n<\/tr>\n<tr>\n<td><\/td>\n<td><\/td>\n<td><\/td>\n<td><\/td>\n<td><\/td>\n<td><\/td>\n<td><\/td>\n<td><\/td>\n<\/tr>\n<tr>\n<td>INDUSTRIV\u00c4RDEN-C<\/td>\n<td><\/td>\n<td>2000<\/td>\n<td>2008<\/td>\n<td>\u00a0 \u00a0 \u00a095299<\/td>\n<td>\u00a0 \u00a0 50,00<\/td>\n<td>\u00a0 \u00a0 \u00a0 272200<\/td>\n<td>\u00a0 \u00a0\u00a0 136,10<\/td>\n<\/tr>\n<tr>\n<td><\/td>\n<td><\/td>\n<td><\/td>\n<td><\/td>\n<td><\/td>\n<td><\/td>\n<td><\/td>\n<td><\/td>\n<\/tr>\n<tr>\n<td>HUSQVARNA-B<\/td>\n<td><\/td>\n<td>1250<\/td>\n<td>2008<\/td>\n<td>\u00a0 \u00a0 41469<\/td>\n<td>\u00a0 \u00a033,18<\/td>\n<td>\u00a0 \u00a0 \u00a0 \u00a072188<\/td>\n<td>\u00a0 \u00a0 \u00a0 \u00a057,75<\/td>\n<\/tr>\n<tr>\n<td><\/td>\n<td><\/td>\n<td><\/td>\n<td><\/td>\n<td><\/td>\n<td><\/td>\n<td><\/td>\n<td><\/td>\n<\/tr>\n<tr>\n<td>TELIA SONERA<\/td>\n<td><\/td>\n<td>7000<\/td>\n<td>06-08<\/td>\n<td>\u00a0 282577<\/td>\n<td>\u00a0 \u00a040,36<\/td>\n<td>\u00a0 \u00a0 \u00a0352800<\/td>\n<td>\u00a0 \u00a0 \u00a0 \u00a050,40<\/td>\n<\/tr>\n<tr>\n<td><\/td>\n<td><\/td>\n<td><\/td>\n<td><\/td>\n<td><\/td>\n<td><\/td>\n<td><\/td>\n<td><\/td>\n<\/tr>\n<tr>\n<td>SECURITAS-B<\/td>\n<td><\/td>\n<td>2000<\/td>\n<td>2013<\/td>\n<td>\u00a0118506<\/td>\n<td>\u00a0 59,25<\/td>\n<td>\u00a0 \u00a0 188900<\/td>\n<td>\u00a0 \u00a0 \u00a0 \u00a094,45<\/td>\n<\/tr>\n<tr>\n<td><\/td>\n<td><\/td>\n<td><\/td>\n<td><\/td>\n<td><\/td>\n<td><\/td>\n<td><\/td>\n<td><\/td>\n<\/tr>\n<tr>\n<td>BYGGMAX GROUP<\/td>\n<td><\/td>\n<td>3000<\/td>\n<td>2013<\/td>\n<td>109129<\/td>\n<td>\u00a0 36,38<\/td>\n<td>\u00a0 \u00a0 158250<\/td>\n<td>\u00a0 \u00a0 \u00a0 \u00a052,75<\/td>\n<\/tr>\n<tr>\n<td><\/td>\n<td><\/td>\n<td><\/td>\n<td><\/td>\n<td><\/td>\n<td><\/td>\n<td><\/td>\n<td><\/td>\n<\/tr>\n<tr>\n<td>FABEGE<\/td>\n<td><\/td>\n<td>1000<\/td>\n<td>2012<\/td>\n<td>\u00a0 64607<\/td>\n<td>\u00a0 64,80<\/td>\n<td>\u00a0 \u00a0 100600<\/td>\n<td>\u00a0 \u00a0 \u00a0 100,60<\/td>\n<\/tr>\n<tr>\n<td>HQ Bank<\/td>\n<td><\/td>\n<td>2004<\/td>\n<td>2011<\/td>\n<td>\u00a0\u00a0 2662<\/td>\n<td>\u00a0\u00a0\u00a0 1,33<\/td>\n<td>\u00a0\u00a0\u00a0\u00a0\u00a0\u00a0\u00a0 1122<\/td>\n<td>\u00a0\u00a0\u00a0\u00a0\u00a0\u00a0\u00a0\u00a0 \u00a00,56<\/td>\n<\/tr>\n<tr>\n<td>SANDVIK<\/td>\n<td><\/td>\n<td>4000<\/td>\n<td>2008<\/td>\n<td>164148<\/td>\n<td>\u00a041,04<\/td>\n<td>\u00a0 \u00a0 305600<\/td>\n<td>\u00a0 \u00a0 \u00a0 \u00a0 76,40<\/td>\n<\/tr>\n<tr>\n<td>VOLVO-B<\/td>\n<td><\/td>\n<td>1000<\/td>\n<td>2008<\/td>\n<td>\u00a0 35999<\/td>\n<td>\u00a036,00<\/td>\n<td>\u00a0 \u00a0 \u00a0 84700<\/td>\n<td>\u00a0 \u00a0 \u00a0 \u00a0 84,70<\/td>\n<\/tr>\n<tr>\n<td colspan=\"8\"><\/td>\n<\/tr>\n<\/tbody>\n<\/table>\n<h2>Vinst- och f\u00f6rlustr\u00e4kning \u00a0fastst\u00e4lls vid f\u00f6reningssammantr\u00e4det<br \/>\nden 15 augusti 2015<\/h2>\n<table style=\"width: 100%;\">\n<tbody>\n<tr>\n<td><\/td>\n<td><\/td>\n<td><\/td>\n<td><\/td>\n<td><\/td>\n<\/tr>\n<tr>\n<td>Peter Ekman<\/td>\n<td>Claes Ekman<\/td>\n<td>Ann Bernhard<\/td>\n<td>Hedvig Ekman<\/td>\n<td>Fredrik Ekman<\/td>\n<\/tr>\n<tr>\n<td>Ordf\u00f6rande<\/td>\n<td>Skattm\u00e4stare<\/td>\n<td>Ledamot<\/td>\n<td>Ledamot<\/td>\n<td>Ledamot<\/td>\n<\/tr>\n<tr>\n<td><\/td>\n<td><\/td>\n<td><\/td>\n<td><\/td>\n<td><\/td>\n<\/tr>\n<tr>\n<td><\/td>\n<td><\/td>\n<td><\/td>\n<td><\/td>\n<td><\/td>\n<\/tr>\n<\/tbody>\n<\/table>\n<h2>Revisionsber\u00e4ttelsen har avgivits 26 maj 2015<\/h2>\n<p>Gustaf Ekman<br \/>\nMarcus Wahlberg<\/p>\n","protected":false},"excerpt":{"rendered":"<p>Styrelsen | Stadgar | Dagordning | Bokslut | Revisionsber\u00e4ttelse | Protokoll | Medlemskap Bokslut 08-11 Bokslut 12-14 Bokslut 15-17 Bokslut 18-21 Bokslut 22-24 Bokslut 2012-2014 INKOMSTER \u00a0\u00a02012 \u00a0\u00a02013 \u00a02014 UTDELNING P\u00c5 AKTIER 119311,00 134195,00 151969,00 VINST AVYTTRING V\u00c4RDEPAPPER 135899,00 \u00a0 \u00a08031,00 191988,52 DIV. INT\u00c4KTER \u00a0 \u00a0 \u00a0 \u00a0 \u00a00,00 \u00a0 \u00a0 \u00a0 \u00a0 \u00a00,00 \u00a0 [&hellip;]<\/p>\n","protected":false},"author":3,"featured_media":0,"parent":0,"menu_order":0,"comment_status":"closed","ping_status":"open","template":"","meta":{"_acf_changed":false,"ngg_post_thumbnail":0,"footnotes":""},"tags":[5],"class_list":["post-132","page","type-page","status-publish","hentry","tag-login"],"acf":[],"_links":{"self":[{"href":"https:\/\/ekmanfamily.se\/ver3\/wp-json\/wp\/v2\/pages\/132","targetHints":{"allow":["GET"]}}],"collection":[{"href":"https:\/\/ekmanfamily.se\/ver3\/wp-json\/wp\/v2\/pages"}],"about":[{"href":"https:\/\/ekmanfamily.se\/ver3\/wp-json\/wp\/v2\/types\/page"}],"author":[{"embeddable":true,"href":"https:\/\/ekmanfamily.se\/ver3\/wp-json\/wp\/v2\/users\/3"}],"replies":[{"embeddable":true,"href":"https:\/\/ekmanfamily.se\/ver3\/wp-json\/wp\/v2\/comments?post=132"}],"version-history":[{"count":0,"href":"https:\/\/ekmanfamily.se\/ver3\/wp-json\/wp\/v2\/pages\/132\/revisions"}],"wp:attachment":[{"href":"https:\/\/ekmanfamily.se\/ver3\/wp-json\/wp\/v2\/media?parent=132"}],"wp:term":[{"taxonomy":"post_tag","embeddable":true,"href":"https:\/\/ekmanfamily.se\/ver3\/wp-json\/wp\/v2\/tags?post=132"}],"curies":[{"name":"wp","href":"https:\/\/api.w.org\/{rel}","templated":true}]}}