{"id":130,"date":"2013-01-20T08:58:05","date_gmt":"2013-01-20T08:58:05","guid":{"rendered":"http:\/\/ekmanfamily.se\/ver3\/?page_id=130"},"modified":"2015-05-28T21:15:33","modified_gmt":"2015-05-28T21:15:33","slug":"medlemskap","status":"publish","type":"page","link":"https:\/\/ekmanfamily.se\/ver3\/medlemskap\/","title":{"rendered":"Medlemskap"},"content":{"rendered":"<h1>Medlemskap<\/h1>\n<p><a href=\"styrelsen\/\">Styrelsen<\/a> | <a href=\"stadgar\/\">Stadgar<\/a> | <a href=\"dagordning\/\">Dagordning<\/a> | <a href=\"bokslut\/\">Bokslut<\/a> | <a href=\"revisionsberattelse\/\">Revisionsber\u00e4ttelse<\/a> | <a href=\"protokoll\/\">Protokoll<\/a> | <a href=\"medlemskap\/\">Medlemskap<\/a><\/p>\n<h2>MEDLEMSKAP I EKMANSKA SL\u00c4KTF\u00d6RENINGEN<\/h2>\n<p>F\u00f6rslag till F\u00f6reningens st\u00e4mma den 15 augusti 2009.<br \/>\nSamt beslut vid F\u00f6reningens st\u00e4mma den 15 augusti 2009<\/p>\n<p>Vid F\u00f6reningens m\u00f6te p\u00e5 H\u00f6gbo Bruk den 12 augusti 2006 diskuterades fr\u00e5gan om ut\u00f6kat medlemskap. Styrelsen gavs i uppdrag att utarbeta f\u00f6rslag och presentera detta vid St\u00e4mma 2009.<\/p>\n<p>Styrelsens f\u00f6rslag \u00e4r att stadgarna inte \u00e4ndras, dvs. r\u00e4tt till medlemskap har den som \u00e4ger r\u00e4tt att b\u00e4ra namnet Ekman eller som \u00e4r barn till person som har eller har haft s\u00e5dan r\u00e4tt. Detta inneb\u00e4r att man \u00e4r medlem om mamma \u00e4r f\u00f6dd Ekman men kommande generationer faller ut ur f\u00f6reningen.<\/p>\n<p>Dock f\u00f6resl\u00e5r styrelsen att dessa \u2013 som ej \u00e4r medlemmar \u2013 registreras i F\u00f6reningen som Anslutna, f\u00f6rutsatt att de uttrycker en \u00f6nskan om detta.<\/p>\n<p>Beslut vid f\u00f6reningens st\u00e4mma den 19 augusti 2009.<\/p>\n<p>Beslutades betr\u00e4ffande medlemskap i Sl\u00e4ktf\u00f6reningen att godk\u00e4nna att Sambo j\u00e4mst\u00e4lles med make\/maka om de f\u00e5r barn tillsammans eller efter det att samboendet anm\u00e4lts till F\u00f6reningen. Genom denna bekr\u00e4ftelse av 2006 \u00e5rs beslut sker en komplettering till Sl\u00e4ktf\u00f6reningens stadgar 2:2.<\/p>\n<p>Godk\u00e4ndes styrelsens f\u00f6rslag att utvidga Sl\u00e4ktf\u00f6reningen genom att registrera de personer som Anslutna, som inte kan bli medlemmar d\u00e5 de, enligt stadgarna, befinner sig en generation f\u00f6r l\u00e5ngt bort fr\u00e5n medlemskap. P\u00e5 s\u00e5 vis Anslutna sl\u00e4ktingar kommer att tilldelas en genealogisk kod i matrikeln, inbjudas till m\u00f6ten och erh\u00e5lla samma information som medlemmar. En f\u00f6ruts\u00e4ttning \u00e4r att dessa sl\u00e4ktingar uttrycker en \u00f6nskan att bli Anslutna.<\/p>\n<p>Styrelsen<\/p>\n","protected":false},"excerpt":{"rendered":"<p>Medlemskap Styrelsen | Stadgar | Dagordning | Bokslut | Revisionsber\u00e4ttelse | Protokoll | Medlemskap MEDLEMSKAP I EKMANSKA SL\u00c4KTF\u00d6RENINGEN F\u00f6rslag till F\u00f6reningens st\u00e4mma den 15 augusti 2009. Samt beslut vid F\u00f6reningens st\u00e4mma den 15 augusti 2009 Vid F\u00f6reningens m\u00f6te p\u00e5 H\u00f6gbo Bruk den 12 augusti 2006 diskuterades fr\u00e5gan om ut\u00f6kat medlemskap. Styrelsen gavs i uppdrag att [&hellip;]<\/p>\n","protected":false},"author":3,"featured_media":0,"parent":0,"menu_order":0,"comment_status":"closed","ping_status":"open","template":"","meta":{"_acf_changed":false,"ngg_post_thumbnail":0,"footnotes":""},"tags":[],"class_list":["post-130","page","type-page","status-publish","hentry"],"acf":[],"_links":{"self":[{"href":"https:\/\/ekmanfamily.se\/ver3\/wp-json\/wp\/v2\/pages\/130","targetHints":{"allow":["GET"]}}],"collection":[{"href":"https:\/\/ekmanfamily.se\/ver3\/wp-json\/wp\/v2\/pages"}],"about":[{"href":"https:\/\/ekmanfamily.se\/ver3\/wp-json\/wp\/v2\/types\/page"}],"author":[{"embeddable":true,"href":"https:\/\/ekmanfamily.se\/ver3\/wp-json\/wp\/v2\/users\/3"}],"replies":[{"embeddable":true,"href":"https:\/\/ekmanfamily.se\/ver3\/wp-json\/wp\/v2\/comments?post=130"}],"version-history":[{"count":0,"href":"https:\/\/ekmanfamily.se\/ver3\/wp-json\/wp\/v2\/pages\/130\/revisions"}],"wp:attachment":[{"href":"https:\/\/ekmanfamily.se\/ver3\/wp-json\/wp\/v2\/media?parent=130"}],"wp:term":[{"taxonomy":"post_tag","embeddable":true,"href":"https:\/\/ekmanfamily.se\/ver3\/wp-json\/wp\/v2\/tags?post=130"}],"curies":[{"name":"wp","href":"https:\/\/api.w.org\/{rel}","templated":true}]}}