{"id":124,"date":"2013-01-20T08:50:02","date_gmt":"2013-01-20T08:50:02","guid":{"rendered":"http:\/\/ekmanfamily.se\/ver3\/?page_id=124"},"modified":"2025-08-31T11:00:32","modified_gmt":"2025-08-31T11:00:32","slug":"revisionsberattelse","status":"publish","type":"page","link":"https:\/\/ekmanfamily.se\/ver3\/revisionsberattelse\/","title":{"rendered":"Revisionsber\u00e4ttelse"},"content":{"rendered":"<h1>Revisionsber\u00e4ttelse<\/h1>\n<p><a href=\"styrelsen\/\">Styrelsen<\/a> | <a href=\"stadgar\/\">Stadgar<\/a> | <a href=\"dagordning\/\">Dagordning<\/a> | <a href=\"bokslut\/\">Bokslut<\/a> | <a href=\"revisionsberattelse\/\">Revisionsber\u00e4ttelse<\/a> | <a href=\"protokoll\/\">Protokoll<\/a> | <a href=\"medlemskap\/\">Medlemskap<\/a><\/p>\n<p style=\"font-weight: 400;\"><strong>Ekmanska Sl\u00e4ktf\u00f6reningen<br \/>\n<\/strong>Org nr 157209-2078<\/p>\n<p style=\"font-weight: 400;\">Vi har granskat redovisningen och bokf\u00f6ringen samt styrelsens f\u00f6rvaltning i Ekmanska Sl\u00e4ktf\u00f6reningen f\u00f6r \u00e5ren 2022, 2023, och 2024.<\/p>\n<p style=\"font-weight: 400;\">Det \u00e4r styrelsen som har ansvaret f\u00f6r r\u00e4kenskapshandlingarna och f\u00f6rvaltningen och f\u00f6r att \u00e5rsredovisningen till\u00e4mpas vid uppr\u00e4ttandet av redovisningen.<\/p>\n<p style=\"font-weight: 400;\">V\u00e5rt ansvar \u00e4r att uttala oss om redovisningen och f\u00f6rvaltningen p\u00e5 grundval av v\u00e5r revision. Revisionen har utf\u00f6rts i enlighet med god revisionssed i Sverige. Det inneb\u00e4r att vi planerat och genomf\u00f6rt revisionen f\u00f6r att i rimlig grad f\u00f6rs\u00e4kra oss om att redovisningen.<\/p>\n<p style=\"font-weight: 400;\">En revision innefattar att granska ett urval av underlagen f\u00f6r belopp och annan information i r\u00e4kenskapshandlingarna. I en revision ing\u00e5r ocks\u00e5 att pr\u00f6va redovisningsprinciperna och styrelsens till\u00e4mpning av dem samt att utv\u00e4rdera den samlade informationen i redovisningen.<\/p>\n<p style=\"font-weight: 400;\">Som underlag f\u00f6r v\u00e5rt uttalande om ansvarsfrihet har vi \u00e4ven gran skatt v\u00e4sentliga beslut, \u00e5tg\u00e4rder och f\u00f6rh\u00e5llande i f\u00f6reningen f\u00f6r att kunna bed\u00f6ma styrelsens arbete med avseende p\u00e5 ansvar enligt g\u00e4llande lagstiftning.<\/p>\n<p style=\"font-weight: 400;\">Vi anser att v\u00e5r revision ger oss rimlig grund f\u00f6r v\u00e5rt omd\u00f6me nedan. Redovisningen f\u00f6r \u00e5ren 2022, 2023, och 2024, har uppr\u00e4ttats i enlighet med \u00e5rsredovisningslagen och ger en r\u00e4ttvisande bild av f\u00f6reningens resultat och st\u00e4llning i enlighet med god revisionssed i Sverige.<\/p>\n<p style=\"font-weight: 400;\">Vi tillstyrker att Sl\u00e4ktm\u00f6tet fastst\u00e4ller resultatr\u00e4kningen och balansr\u00e4kningen, att vinsten balanseras och att styrelsens ledam\u00f6ter beviljas ansvarsfrihet f\u00f6r r\u00e4kenskapsperioden.<\/p>\n<p style=\"font-weight: 400;\">Stockholm den &nbsp;25&nbsp; juli 2025<\/p>\n<p style=\"font-weight: 400;\">Caroline Ekman C:3:2:7:2:1&nbsp;&nbsp;&nbsp;&nbsp;&nbsp;&nbsp;&nbsp;&nbsp;&nbsp;&nbsp;&nbsp;&nbsp;&nbsp;&nbsp;&nbsp;&nbsp;&nbsp;&nbsp;&nbsp;&nbsp;&nbsp;&nbsp; Nils Liljeberg (C:3:4:3:3:1)<\/p>\n<p style=\"font-weight: 400;\">Undertecknat original finns i arkivet<\/p>\n","protected":false},"excerpt":{"rendered":"<p>Revisionsber\u00e4ttelse Styrelsen | Stadgar | Dagordning | Bokslut | Revisionsber\u00e4ttelse | Protokoll | Medlemskap Ekmanska Sl\u00e4ktf\u00f6reningen Org nr 157209-2078 Vi har granskat redovisningen och bokf\u00f6ringen samt styrelsens f\u00f6rvaltning i Ekmanska Sl\u00e4ktf\u00f6reningen f\u00f6r \u00e5ren 2022, 2023, och 2024. Det \u00e4r styrelsen som har ansvaret f\u00f6r r\u00e4kenskapshandlingarna och f\u00f6rvaltningen och f\u00f6r att \u00e5rsredovisningen till\u00e4mpas vid uppr\u00e4ttandet av [&hellip;]<\/p>\n","protected":false},"author":3,"featured_media":0,"parent":0,"menu_order":0,"comment_status":"closed","ping_status":"open","template":"","meta":{"_acf_changed":false,"ngg_post_thumbnail":0,"footnotes":""},"tags":[],"class_list":["post-124","page","type-page","status-publish","hentry"],"acf":[],"_links":{"self":[{"href":"https:\/\/ekmanfamily.se\/ver3\/wp-json\/wp\/v2\/pages\/124","targetHints":{"allow":["GET"]}}],"collection":[{"href":"https:\/\/ekmanfamily.se\/ver3\/wp-json\/wp\/v2\/pages"}],"about":[{"href":"https:\/\/ekmanfamily.se\/ver3\/wp-json\/wp\/v2\/types\/page"}],"author":[{"embeddable":true,"href":"https:\/\/ekmanfamily.se\/ver3\/wp-json\/wp\/v2\/users\/3"}],"replies":[{"embeddable":true,"href":"https:\/\/ekmanfamily.se\/ver3\/wp-json\/wp\/v2\/comments?post=124"}],"version-history":[{"count":0,"href":"https:\/\/ekmanfamily.se\/ver3\/wp-json\/wp\/v2\/pages\/124\/revisions"}],"wp:attachment":[{"href":"https:\/\/ekmanfamily.se\/ver3\/wp-json\/wp\/v2\/media?parent=124"}],"wp:term":[{"taxonomy":"post_tag","embeddable":true,"href":"https:\/\/ekmanfamily.se\/ver3\/wp-json\/wp\/v2\/tags?post=124"}],"curies":[{"name":"wp","href":"https:\/\/api.w.org\/{rel}","templated":true}]}}